{"id":6905,"date":"2024-01-17T14:09:26","date_gmt":"2024-01-17T12:09:26","guid":{"rendered":"https:\/\/savutonsuomi.fi\/?page_id=6905"},"modified":"2024-03-26T14:24:10","modified_gmt":"2024-03-26T12:24:10","slug":"uppnaendet-av-malen","status":"publish","type":"page","link":"https:\/\/savutonsuomi.fi\/sv\/uppnaendet-av-malen\/","title":{"rendered":"Uppn\u00e5endet av m\u00e5len"},"content":{"rendered":"<h1 class=\"page-title\">Uppn\u00e5endet av m\u00e5len<\/h1>\n<p>M\u00e5let med Finlands tobakslagstiftning \u00e4r att h\u00f6gst fem procent av befolkningen ska anv\u00e4nda tobaks- eller nikotinprodukter \u00e5r 2030.<\/p>\n\n\n\n<p>Enligt <a href=\"https:\/\/www.julkari.fi\/bitstream\/handle\/10024\/147934\/YP23_5_6%20Ruokolainen%20ym.pdf?sequence=1&amp;isAllowed=y\" target=\"_blank\" rel=\"noreferrer noopener\">en modelleringsstudie<\/a> (pdf) publicerad av Institutet f\u00f6r h\u00e4lsa och v\u00e4lf\u00e4rdkommer det nuvarande \u00e5tg\u00e4rdspaketet inte att uppn\u00e5 m\u00e5let bland vuxna i \u00e5ldern 20\u201364 \u00e5r. Prognosen antyder att, med den nuvarande prisutvecklingen, kommer kvinnor att n\u00e5 den femprocentiga m\u00e5ls\u00e4ttningen \u00e5r 2038, medan m\u00e4nnen inte kommer att uppn\u00e5 m\u00e5let f\u00f6rr\u00e4n \u00e5r 2040. Skillnaden mellan m\u00e4n och kvinnor beror fr\u00e4mst p\u00e5 att m\u00e4nnen anv\u00e4nder snus i st\u00f6rre utstr\u00e4ckning.<\/p>\n\n\n\n<p>Prish\u00f6jningar har bevisats vara en av de mest betydande \u00e5tg\u00e4rderna f\u00f6r att minska r\u00f6kning och oj\u00e4mlikheter i r\u00f6kvanor mellan olika befolkningsgrupper. Om prish\u00f6jningstakten f\u00f6rdubblas j\u00e4mf\u00f6rt med nuvarande takt, enligt prognosen, skulle tobakslagens m\u00e5l kunna uppn\u00e5s f\u00f6r m\u00e4n \u00e5r 2035 och f\u00f6r kvinnor \u00e5r 2030.<\/p>\n\n\n\n<p>Forskarna understryker att ytterligare \u00e5tg\u00e4rder ocks\u00e5 beh\u00f6vs f\u00f6r att f\u00f6rebygga och minska b\u00f6rjan av tobaks- och andra nikotinprodukter. De f\u00f6resl\u00e5r bland annat att h\u00f6ja \u00e5ldersgr\u00e4nsen f\u00f6r ink\u00f6p av tobak- och nikotinprodukter till 20 \u00e5r och andra \u00e5tg\u00e4rder som \u00e4r relaterade till att minska utbudet, s\u00e5som en betydande minskning av f\u00f6rs\u00e4ljningsst\u00e4llen.<\/p>\n\n\n\n<p><strong>L\u00e4s mer:<\/strong><br>Yhteiskuntapolitiikka (2023): <a href=\"https:\/\/www.julkari.fi\/handle\/10024\/147934\" target=\"_blank\" rel=\"noreferrer noopener\">Saavutetaanko tupakkalain tavoite? Mallinnustutkimus aikuisv\u00e4est\u00f6ss\u00e4<\/a> (Endast p\u00e5 Finska)<br>Tobacco Control (2019): <a href=\"https:\/\/tobaccocontrol.bmj.com\/content\/29\/4\/398\" target=\"_blank\" rel=\"noreferrer noopener\">Strategies and barriers to achieving the goal of Finland\u2019s tobacco endgame<\/a><\/p>\n\n\n\n<h2 class=\"wp-block-heading\">\u00c5tg\u00e4rdsf\u00f6rslag av arbetsgruppen 2023<\/h2>\n\n\n\n<p>Social- och h\u00e4lsov\u00e5rdsministeriet tillsatte 2022 en arbetsgrupp med uppgift att framf\u00f6ra f\u00f6rslag till lag\u00e4ndringar och andra \u00e5tg\u00e4rder som st\u00f6der och fr\u00e4mjar upph\u00f6randet av anv\u00e4ndningen av tobaks- och nikotinprodukter f\u00f6re 2030. Arbetsgruppen hade tre specialuppgifter som g\u00e4llde att f\u00f6rebygga anv\u00e4ndning av alla slags nikotinprodukter (inkl. nikotiners\u00e4ttningsprodukter), fr\u00e4mja r\u00f6kfria bostadssammanslutningar och h\u00f6ja den g\u00e4llande \u00e5ldersgr\u00e4nsen 18 \u00e5r f\u00f6r k\u00f6p av tobaksprodukter.<\/p>\n\n\n\n<p>F\u00f6r att uppn\u00e5 m\u00e5let f\u00f6r tobakslagen f\u00f6ruts\u00e4tts det att man forts\u00e4tter med de systematiska och m\u00e5lmedvetna \u00e5tg\u00e4rder som vidtagits hittills och utvecklar dem och att man tar i bruk flera nya \u00e5tg\u00e4rder. F\u00f6r att uppn\u00e5 m\u00e5let borde arbetsgruppens f\u00f6rslag genomf\u00f6ras redan i b\u00f6rjan av n\u00e4sta regeringsperiod. De \u00e5tg\u00e4rder som f\u00f6resl\u00e5s i bet\u00e4nkandet \u00e4r en f\u00f6ruts\u00e4ttning f\u00f6r att anv\u00e4ndningen av tobaksprodukter och \u00f6vriga nikotinprodukter ska upph\u00f6ra. F\u00f6r att uppn\u00e5 m\u00e5let kr\u00e4vs emellertid genomf\u00f6rande av till\u00e4ggs\u00e5tg\u00e4rder med n\u00e5gra \u00e5rs mellanrum. Enligt arbetsgruppens syn b\u00f6r genomf\u00f6randet av de nya f\u00f6rslagen alltid inf\u00f6rlivas i n\u00e4sta regerings regeringsprogram.<\/p>\n\n\n\n<p>Arbetsgruppens f\u00f6rslag g\u00e4ller beskattning, f\u00f6rebyggande av att unga b\u00f6rjar anv\u00e4nda tobaks- och nikotinprodukter, r\u00f6kfria milj\u00f6er, f\u00f6rs\u00e4ljning och marknadsf\u00f6ring, st\u00f6d f\u00f6r att sluta r\u00f6ka, resandeinf\u00f6rsel, reglering av nya nikotinprodukter, effektivare reglering samt resulsering, uppf\u00f6ljning och bed\u00f6mning.<\/p>\n\n\n\n<p><strong>L\u00e4s mer<\/strong>:<br>Social- och h\u00e4lsov\u00e5rdsministeriet (2023): <a href=\"http:\/\/linkki https:\/\/julkaisut.valtioneuvosto.fi\/handle\/10024\/164844\" target=\"_blank\" rel=\"noreferrer noopener\">Utveckling av tobaks- och nikotinpolitiken. \u00c5tg\u00e4rdsf\u00f6rslag av arbetsgruppen 2023<\/a><\/p>\n","protected":false},"excerpt":{"rendered":"Uppn\u00e5endet av m\u00e5len M\u00e5let med Finlands tobakslagstiftning \u00e4r att h\u00f6gst fem procent av befolkningen ska anv\u00e4nda tobaks- eller nikotinprodukter \u00e5r&#8230; <a class=\"view-article\" href=\"https:\/\/savutonsuomi.fi\/sv\/uppnaendet-av-malen\/\">View Article<\/a>","protected":false},"author":11,"featured_media":5825,"parent":0,"menu_order":0,"comment_status":"closed","ping_status":"closed","template":"","meta":{"_acf_changed":false,"footnotes":""},"categories":[],"tags":[],"coauthors":[85],"class_list":["post-6905","page","type-page","status-publish","has-post-thumbnail","hentry"],"acf":[],"yoast_head":"<!-- This site is optimized with the Yoast SEO plugin v27.3 - https:\/\/yoast.com\/product\/yoast-seo-wordpress\/ -->\n<title>Uppn\u00e5endet av m\u00e5len - Savuton Suomi 2030 | Suomen ASH ry<\/title>\n<meta name=\"description\" content=\"M\u00e5let med Finlands tobakslagstiftning \u00e4r att h\u00f6gst fem procent av befolkningen ska anv\u00e4nda tobaks- eller nikotinprodukter \u00e5r 2030.\" \/>\n<meta name=\"robots\" content=\"index, follow, max-snippet:-1, max-image-preview:large, max-video-preview:-1\" \/>\n<link rel=\"canonical\" href=\"https:\/\/savutonsuomi.fi\/sv\/uppnaendet-av-malen\/\" \/>\n<meta property=\"og:locale\" content=\"sv_SE\" \/>\n<meta property=\"og:type\" content=\"article\" \/>\n<meta property=\"og:title\" content=\"Uppn\u00e5endet av m\u00e5len - Savuton Suomi 2030\" \/>\n<meta property=\"og:description\" content=\"M\u00e5let med Finlands tobakslagstiftning \u00e4r att h\u00f6gst fem procent av befolkningen ska anv\u00e4nda tobaks- eller nikotinprodukter \u00e5r 2030.\" \/>\n<meta property=\"og:url\" content=\"https:\/\/savutonsuomi.fi\/sv\/uppnaendet-av-malen\/\" \/>\n<meta property=\"og:site_name\" content=\"Savuton Suomi 2030\" \/>\n<meta property=\"article:modified_time\" content=\"2024-03-26T12:24:10+00:00\" \/>\n<meta property=\"og:image\" content=\"https:\/\/savutonsuomi.fi\/wp-content\/uploads\/2022\/12\/nature-3289812-scaled.jpg\" \/>\n\t<meta property=\"og:image:width\" content=\"2560\" \/>\n\t<meta property=\"og:image:height\" content=\"1707\" \/>\n\t<meta property=\"og:image:type\" content=\"image\/jpeg\" \/>\n<meta name=\"twitter:card\" content=\"summary_large_image\" \/>\n<meta name=\"twitter:label1\" content=\"Ber\u00e4knad l\u00e4stid\" \/>\n\t<meta name=\"twitter:data1\" content=\"3 minuter\" \/>\n\t<meta name=\"twitter:label2\" content=\"Skriven av\" \/>\n\t<meta name=\"twitter:data2\" content=\"Tea Kalska\" \/>\n<script type=\"application\/ld+json\" class=\"yoast-schema-graph\">{\"@context\":\"https:\\\/\\\/schema.org\",\"@graph\":[{\"@type\":\"WebPage\",\"@id\":\"https:\\\/\\\/savutonsuomi.fi\\\/sv\\\/uppnaendet-av-malen\\\/\",\"url\":\"https:\\\/\\\/savutonsuomi.fi\\\/sv\\\/uppnaendet-av-malen\\\/\",\"name\":\"Uppn\u00e5endet av m\u00e5len - Savuton Suomi 2030\",\"isPartOf\":{\"@id\":\"https:\\\/\\\/savutonsuomi.fi\\\/#website\"},\"primaryImageOfPage\":{\"@id\":\"https:\\\/\\\/savutonsuomi.fi\\\/sv\\\/uppnaendet-av-malen\\\/#primaryimage\"},\"image\":{\"@id\":\"https:\\\/\\\/savutonsuomi.fi\\\/sv\\\/uppnaendet-av-malen\\\/#primaryimage\"},\"thumbnailUrl\":\"https:\\\/\\\/savutonsuomi.fi\\\/wp-content\\\/uploads\\\/2022\\\/12\\\/nature-3289812-scaled.jpg\",\"datePublished\":\"2024-01-17T12:09:26+00:00\",\"dateModified\":\"2024-03-26T12:24:10+00:00\",\"description\":\"M\u00e5let med Finlands tobakslagstiftning \u00e4r att h\u00f6gst fem procent av befolkningen ska anv\u00e4nda tobaks- eller nikotinprodukter \u00e5r 2030.\",\"breadcrumb\":{\"@id\":\"https:\\\/\\\/savutonsuomi.fi\\\/sv\\\/uppnaendet-av-malen\\\/#breadcrumb\"},\"inLanguage\":\"sv-SE\",\"potentialAction\":[{\"@type\":\"ReadAction\",\"target\":[\"https:\\\/\\\/savutonsuomi.fi\\\/sv\\\/uppnaendet-av-malen\\\/\"]}]},{\"@type\":\"ImageObject\",\"inLanguage\":\"sv-SE\",\"@id\":\"https:\\\/\\\/savutonsuomi.fi\\\/sv\\\/uppnaendet-av-malen\\\/#primaryimage\",\"url\":\"https:\\\/\\\/savutonsuomi.fi\\\/wp-content\\\/uploads\\\/2022\\\/12\\\/nature-3289812-scaled.jpg\",\"contentUrl\":\"https:\\\/\\\/savutonsuomi.fi\\\/wp-content\\\/uploads\\\/2022\\\/12\\\/nature-3289812-scaled.jpg\",\"width\":2560,\"height\":1707},{\"@type\":\"BreadcrumbList\",\"@id\":\"https:\\\/\\\/savutonsuomi.fi\\\/sv\\\/uppnaendet-av-malen\\\/#breadcrumb\",\"itemListElement\":[{\"@type\":\"ListItem\",\"position\":1,\"name\":\"Home\",\"item\":\"https:\\\/\\\/savutonsuomi.fi\\\/sv\\\/\"},{\"@type\":\"ListItem\",\"position\":2,\"name\":\"Uppn\u00e5endet av m\u00e5len\"}]},{\"@type\":\"WebSite\",\"@id\":\"https:\\\/\\\/savutonsuomi.fi\\\/#website\",\"url\":\"https:\\\/\\\/savutonsuomi.fi\\\/\",\"name\":\"Savuton Suomi 2030\",\"description\":\"\",\"potentialAction\":[{\"@type\":\"SearchAction\",\"target\":{\"@type\":\"EntryPoint\",\"urlTemplate\":\"https:\\\/\\\/savutonsuomi.fi\\\/?s={search_term_string}\"},\"query-input\":{\"@type\":\"PropertyValueSpecification\",\"valueRequired\":true,\"valueName\":\"search_term_string\"}}],\"inLanguage\":\"sv-SE\"}]}<\/script>\n<!-- \/ Yoast SEO plugin. -->","yoast_head_json":{"title":"Uppn\u00e5endet av m\u00e5len - Savuton Suomi 2030 | Suomen ASH ry","description":"M\u00e5let med Finlands tobakslagstiftning \u00e4r att h\u00f6gst fem procent av befolkningen ska anv\u00e4nda tobaks- eller nikotinprodukter \u00e5r 2030.","robots":{"index":"index","follow":"follow","max-snippet":"max-snippet:-1","max-image-preview":"max-image-preview:large","max-video-preview":"max-video-preview:-1"},"canonical":"https:\/\/savutonsuomi.fi\/sv\/uppnaendet-av-malen\/","og_locale":"sv_SE","og_type":"article","og_title":"Uppn\u00e5endet av m\u00e5len - Savuton Suomi 2030","og_description":"M\u00e5let med Finlands tobakslagstiftning \u00e4r att h\u00f6gst fem procent av befolkningen ska anv\u00e4nda tobaks- eller nikotinprodukter \u00e5r 2030.","og_url":"https:\/\/savutonsuomi.fi\/sv\/uppnaendet-av-malen\/","og_site_name":"Savuton Suomi 2030","article_modified_time":"2024-03-26T12:24:10+00:00","og_image":[{"width":2560,"height":1707,"url":"https:\/\/savutonsuomi.fi\/wp-content\/uploads\/2022\/12\/nature-3289812-scaled.jpg","type":"image\/jpeg"}],"twitter_card":"summary_large_image","twitter_misc":{"Ber\u00e4knad l\u00e4stid":"3 minuter","Skriven av":"Tea Kalska"},"schema":{"@context":"https:\/\/schema.org","@graph":[{"@type":"WebPage","@id":"https:\/\/savutonsuomi.fi\/sv\/uppnaendet-av-malen\/","url":"https:\/\/savutonsuomi.fi\/sv\/uppnaendet-av-malen\/","name":"Uppn\u00e5endet av m\u00e5len - Savuton Suomi 2030","isPartOf":{"@id":"https:\/\/savutonsuomi.fi\/#website"},"primaryImageOfPage":{"@id":"https:\/\/savutonsuomi.fi\/sv\/uppnaendet-av-malen\/#primaryimage"},"image":{"@id":"https:\/\/savutonsuomi.fi\/sv\/uppnaendet-av-malen\/#primaryimage"},"thumbnailUrl":"https:\/\/savutonsuomi.fi\/wp-content\/uploads\/2022\/12\/nature-3289812-scaled.jpg","datePublished":"2024-01-17T12:09:26+00:00","dateModified":"2024-03-26T12:24:10+00:00","description":"M\u00e5let med Finlands tobakslagstiftning \u00e4r att h\u00f6gst fem procent av befolkningen ska anv\u00e4nda tobaks- eller nikotinprodukter \u00e5r 2030.","breadcrumb":{"@id":"https:\/\/savutonsuomi.fi\/sv\/uppnaendet-av-malen\/#breadcrumb"},"inLanguage":"sv-SE","potentialAction":[{"@type":"ReadAction","target":["https:\/\/savutonsuomi.fi\/sv\/uppnaendet-av-malen\/"]}]},{"@type":"ImageObject","inLanguage":"sv-SE","@id":"https:\/\/savutonsuomi.fi\/sv\/uppnaendet-av-malen\/#primaryimage","url":"https:\/\/savutonsuomi.fi\/wp-content\/uploads\/2022\/12\/nature-3289812-scaled.jpg","contentUrl":"https:\/\/savutonsuomi.fi\/wp-content\/uploads\/2022\/12\/nature-3289812-scaled.jpg","width":2560,"height":1707},{"@type":"BreadcrumbList","@id":"https:\/\/savutonsuomi.fi\/sv\/uppnaendet-av-malen\/#breadcrumb","itemListElement":[{"@type":"ListItem","position":1,"name":"Home","item":"https:\/\/savutonsuomi.fi\/sv\/"},{"@type":"ListItem","position":2,"name":"Uppn\u00e5endet av m\u00e5len"}]},{"@type":"WebSite","@id":"https:\/\/savutonsuomi.fi\/#website","url":"https:\/\/savutonsuomi.fi\/","name":"Savuton Suomi 2030","description":"","potentialAction":[{"@type":"SearchAction","target":{"@type":"EntryPoint","urlTemplate":"https:\/\/savutonsuomi.fi\/?s={search_term_string}"},"query-input":{"@type":"PropertyValueSpecification","valueRequired":true,"valueName":"search_term_string"}}],"inLanguage":"sv-SE"}]}},"_links":{"self":[{"href":"https:\/\/savutonsuomi.fi\/sv\/wp-json\/wp\/v2\/pages\/6905","targetHints":{"allow":["GET"]}}],"collection":[{"href":"https:\/\/savutonsuomi.fi\/sv\/wp-json\/wp\/v2\/pages"}],"about":[{"href":"https:\/\/savutonsuomi.fi\/sv\/wp-json\/wp\/v2\/types\/page"}],"author":[{"embeddable":true,"href":"https:\/\/savutonsuomi.fi\/sv\/wp-json\/wp\/v2\/users\/11"}],"replies":[{"embeddable":true,"href":"https:\/\/savutonsuomi.fi\/sv\/wp-json\/wp\/v2\/comments?post=6905"}],"version-history":[{"count":4,"href":"https:\/\/savutonsuomi.fi\/sv\/wp-json\/wp\/v2\/pages\/6905\/revisions"}],"predecessor-version":[{"id":7549,"href":"https:\/\/savutonsuomi.fi\/sv\/wp-json\/wp\/v2\/pages\/6905\/revisions\/7549"}],"wp:featuredmedia":[{"embeddable":true,"href":"https:\/\/savutonsuomi.fi\/sv\/wp-json\/wp\/v2\/media\/5825"}],"wp:attachment":[{"href":"https:\/\/savutonsuomi.fi\/sv\/wp-json\/wp\/v2\/media?parent=6905"}],"wp:term":[{"taxonomy":"category","embeddable":true,"href":"https:\/\/savutonsuomi.fi\/sv\/wp-json\/wp\/v2\/categories?post=6905"},{"taxonomy":"post_tag","embeddable":true,"href":"https:\/\/savutonsuomi.fi\/sv\/wp-json\/wp\/v2\/tags?post=6905"},{"taxonomy":"author","embeddable":true,"href":"https:\/\/savutonsuomi.fi\/sv\/wp-json\/wp\/v2\/coauthors?post=6905"}],"curies":[{"name":"wp","href":"https:\/\/api.w.org\/{rel}","templated":true}]}}