{"id":5849,"date":"2023-02-01T08:02:05","date_gmt":"2023-02-01T06:02:05","guid":{"rendered":"https:\/\/savutonsuomi.upcloud-1.web-veistamo.fi\/?page_id=5849"},"modified":"2023-02-22T10:48:01","modified_gmt":"2023-02-22T08:48:01","slug":"natverket-ett-rokfritt-finland-2030-nasta-regering-maste-forbinda-sig-att-forverkliga-malsattningen-i-tobakslagen","status":"publish","type":"page","link":"https:\/\/savutonsuomi.fi\/sv\/natverket-ett-rokfritt-finland-2030-nasta-regering-maste-forbinda-sig-att-forverkliga-malsattningen-i-tobakslagen\/","title":{"rendered":"N\u00e4tverket Ett r\u00f6kfritt Finland 2030: N\u00e4sta regering m\u00e5ste f\u00f6rbinda sig att f\u00f6rverkliga m\u00e5ls\u00e4ttningen i tobakslagen"},"content":{"rendered":"<h1 class=\"page-title\">N\u00e4tverket Ett r\u00f6kfritt Finland 2030: N\u00e4sta regering m\u00e5ste f\u00f6rbinda sig att f\u00f6rverkliga m\u00e5ls\u00e4ttningen i tobakslagen<\/h1>\n<p>PRESSMEDDELANDE 1.2.2023<\/p>\n<p><strong>F\u00f6rslagen som presenterats av Arbetsgruppen f\u00f6r utveckling av tobaks- och nikotinpolitiken b\u00f6r g\u00f6ras synliga i regeringsprogrammet, po\u00e4ngterar Kari Reijula, ordf\u00f6rande f\u00f6r n\u00e4tverket Ett r\u00f6kfritt Finland 2030.<\/strong><\/p>\n<p>N\u00e4tverket Ett r\u00f6kfritt Finland 2030 framh\u00e4ver s\u00e4rskilt att Arbetsgruppen f\u00f6r utveckling av tobaks- och nikotinpolitiken gjort ett grundligt arbete d\u00e5 den begrundat hur b\u00e4st utveckla tobaks- och nikotinpolitiken i Finland. N\u00e4tverket st\u00f6der fullt ut arbetsgruppens f\u00f6rlag som syftar till att minska de allvarliga h\u00e4lsoskadorna och den enorma ekonomiska belastning p\u00e5 samh\u00e4llet som tobaksr\u00f6kning och nikotinanv\u00e4nding medf\u00f6r.<\/p>\n<p>\u201dTobaken \u00e4r fortfarande en synnerligen viktig orsak till tidig d\u00f6d i fall d\u00e4r d\u00f6dsfallen kan f\u00f6rhindras.\u201d\u00a0 Tobaken \u00e4r ocks\u00e5 en central orsak till h\u00e4lsoskillnaderna mellan olika befolkningsgrupper. \u00a0D\u00e4rf\u00f6r \u00e4r det viktigt att n\u00e4sta regering f\u00f6rbinder sig att verkst\u00e4lla de f\u00f6rslag som arbetsgruppen presenterar\u201d, po\u00e4ngterar professor Kari Reijula.<\/p>\n<p>Fr\u00e5gan hur effektivt det g\u00e5r att f\u00f6rhindra spridningen av nya nikotinprodukter \u00e4r avg\u00f6rande f\u00f6r hur v\u00e4l Finland uppn\u00e5r m\u00e5let att bli r\u00f6k- och nikotinfri.<\/p>\n<p>\u201dSom det nu \u00e4r, har marknadsf\u00f6ringen av dessa produkter skenat iv\u00e4g och de \u00e4r l\u00e4tta att tillg\u00e5. En h\u00f6gt ansedd forskargrupp som satt sig in i regleringen av tobaksprodukter inom WHO publicerade en omfattande rapport redan \u00e5r 2021 och rekommenderade tidig intervention mot den \u00f6kade anv\u00e4ndningen av nikotinprodukter. \u00a0\u00a0I takt med att tobaksr\u00f6kningen minskat str\u00e4var tobaksindustrin att marknadsf\u00f6ra st\u00e4ndigt nya nikotinhaltiga produkter i syfte att skapa nikotinberoende och d\u00e4rmed ett permanent kundf\u00f6rh\u00e5llande bland konsumenterna. \u00a0Det sorgliga \u00e4r att marknadsf\u00f6ringen riktar sig mot barn och unga som utvecklar nikotinberoende snabbt och som d\u00e4rf\u00f6r kan uppleva allvarliga konsekvenser av anv\u00e4ndningen av dessa produkter. \u00a0Den g\u00e4llande situationen m\u00e5ste utan dr\u00f6jsm\u00e5l \u00e5tg\u00e4rdas p\u00e5 lagstiftningsv\u00e4g.\u00a0 Syftet \u00e4r att f\u00f6rhindra storskaligt nikotinberoende\u00a0 och, i v\u00e4rsta fall, uppkomsten av en ny generation av nikotinberoende medborgare\u201d, konstaterar Reijula.<\/p>\n<h2>Nikotinavv\u00e4njning l\u00f6nar sig ocks\u00e5 ekonomiskt<\/h2>\n<p>Arbetsgruppen f\u00f6r utveckling av tobaks- och nikotinpolitiken f\u00f6resl\u00e5r st\u00f6rre st\u00f6d f\u00f6r r\u00f6k- och nikotinstopp.\u00a0 \u00a0N\u00e4tverket Ett r\u00f6kfritt Finland 2030 anser att detta \u00e4r en v\u00e4sentlig fr\u00e5ga med tanke p\u00e5 befolkningens h\u00e4lsa och v\u00e4lbefinnande. \u00a0Effektivare avv\u00e4njning fr\u00e5n tobak och nikotin minskar social oj\u00e4mlikhet, emedan tobaksr\u00f6kning och sjukdomar associerade med r\u00f6kning \u00e4r vanligare inom de l\u00e4gre sociala klasserna och samma g\u00e4ller risken f\u00f6r d\u00f6d i f\u00f6rtid.<\/p>\n<p>\u201dDet ska bli s\u00e5 l\u00e4tt som m\u00f6jligt att f\u00e5 st\u00f6d f\u00f6r r\u00f6kstopp och effektiv v\u00e5rd mot nikotinberoende. Hj\u00e4lp ska finnas att tillg\u00e5 vid alla klientkontakter inom social- och h\u00e4lsov\u00e5rden i hela landet.\u201d Professor Reijula p\u00e5pekar s\u00e4rskilt att detta erbjuder ett s\u00e4tt att p\u00e5 ett v\u00e4sentligt s\u00e4tt minska f\u00f6rekomsten av v\u00e5ra vanligaste folksjukdomar och ger stora ekonomiska inbesparingar i v\u00e5ra h\u00e4lsov\u00e5rdskostnader.<\/p>\n<h2>Uppkomsten av en generation av nikotinberoende medborgare m\u00e5ste f\u00f6rhindras<\/h2>\n<p>Nikotin \u00e4r ett kraftigt beroendeframkallande \u00e4mne som p\u00e5verkar ocks\u00e5 s\u00e4rskilt hj\u00e4rnan hos v\u00e4xande barn och ungdomar. \u00a0Nikotin \u00e4r giftigt i alla former som det intas.<\/p>\n<p>\u201dDet \u00e4r v\u00e4sentligt att vi f\u00e5r nikotinberoendet under kontroll. \u00a0Arbetsgruppen rekommenderar att \u00e5ldersgr\u00e4nsen f\u00f6r tobaks- och nikotinprodukter h\u00f6js till 20 \u00e5r.\u00a0 Detta skulle vara en viktig \u00e5tg\u00e4rd med gynnsam effekt s\u00e4rskilt p\u00e5 debut- och pr\u00f6vnings\u00e5ldern f\u00f6r nikotinprodukter\u201d, p\u00e5pekar specialist i allm\u00e4nmedicin och ordf\u00f6randen f\u00f6r den vetenskapliga delegationen f\u00f6r n\u00e4tverket Ett r\u00f6kfritt Finland 2030 Mikael Ekblad som ocks\u00e5 \u00e4r medlem i Arbetsgruppen f\u00f6r utveckling av tobaks- och nikotinpolitiken.<\/p>\n<p>Mikael Ekblad po\u00e4ngterar s\u00e4rskilt att de nuvarande \u00e5tg\u00e4rderna inte r\u00e4cker till f\u00f6r att m\u00e5ls\u00e4ttningarna i tobakslagen ska kunna uppn\u00e5s.\u00a0 Vad som beh\u00f6vs om vi ska f\u00e5 ner anv\u00e4ndningen av tobak och andra nikotinprodukter \u00e4r att arbetsgruppens f\u00f6rslag verkst\u00e4lls.<\/p>\n<p>\u201dAnv\u00e4ndningen av snus har \u00f6kat kraftigt. \u00a0Exempelvis kan n\u00e4mnas att av yrkesstuderande pojkar anv\u00e4nde 16 procent snus dagligen \u00e5r 2021 \u2013 motsvarande procenttal var 12 f\u00f6r m\u00e4nnen i \u00e5ldern 20\u201334 \u00e5r. \u00a0\u00a0Snusprodukterna har ofta utvecklats s\u00e5 att de \u00e4r s\u00e4rskilt lockande f\u00f6r unga, potentiellt nya brukare. \u00a0Arbetsgruppen rekommenderar importf\u00f6rbud av dessa produkter f\u00f6r utlandspassagerare.\u00a0 Detta skulle minska tillg\u00e5ngen p\u00e5 snus och dess anv\u00e4ndning i Finland och skulle skydda ungdomarna mot nikotinberoende\u201d, framh\u00e4ver Ekblad.<\/p>\n","protected":false},"excerpt":{"rendered":"N\u00e4tverket Ett r\u00f6kfritt Finland 2030: N\u00e4sta regering m\u00e5ste f\u00f6rbinda sig att f\u00f6rverkliga m\u00e5ls\u00e4ttningen i tobakslagen PRESSMEDDELANDE 1.2.2023 F\u00f6rslagen som presenterats&#8230; <a class=\"view-article\" href=\"https:\/\/savutonsuomi.fi\/sv\/natverket-ett-rokfritt-finland-2030-nasta-regering-maste-forbinda-sig-att-forverkliga-malsattningen-i-tobakslagen\/\">View Article<\/a>","protected":false},"author":11,"featured_media":6144,"parent":0,"menu_order":0,"comment_status":"closed","ping_status":"closed","template":"","meta":{"_acf_changed":false,"footnotes":""},"categories":[],"tags":[],"coauthors":[],"class_list":["post-5849","page","type-page","status-publish","has-post-thumbnail","hentry"],"acf":[],"yoast_head":"<!-- This site is optimized with the Yoast SEO plugin v27.3 - https:\/\/yoast.com\/product\/yoast-seo-wordpress\/ -->\n<title>N\u00e4tverket Ett r\u00f6kfritt Finland 2030: N\u00e4sta regering m\u00e5ste f\u00f6rbinda sig att f\u00f6rverkliga m\u00e5ls\u00e4ttningen i tobakslagen - Savuton Suomi 2030 | Suomen ASH ry<\/title>\n<meta name=\"description\" content=\"F\u00f6rslagen som presenterats av Arbetsgruppen f\u00f6r utveckling av tobaks- och nikotinpolitiken b\u00f6r g\u00f6ras synliga i regeringsprogrammet.\" \/>\n<meta name=\"robots\" content=\"index, follow, max-snippet:-1, max-image-preview:large, max-video-preview:-1\" \/>\n<link rel=\"canonical\" href=\"https:\/\/savutonsuomi.fi\/sv\/natverket-ett-rokfritt-finland-2030-nasta-regering-maste-forbinda-sig-att-forverkliga-malsattningen-i-tobakslagen\/\" \/>\n<meta property=\"og:locale\" content=\"sv_SE\" \/>\n<meta property=\"og:type\" content=\"article\" \/>\n<meta property=\"og:title\" content=\"N\u00e4tverket Ett r\u00f6kfritt Finland 2030: N\u00e4sta regering m\u00e5ste f\u00f6rbinda sig att f\u00f6rverkliga m\u00e5ls\u00e4ttningen i tobakslagen - Savuton Suomi 2030\" \/>\n<meta property=\"og:description\" content=\"F\u00f6rslagen som presenterats av Arbetsgruppen f\u00f6r utveckling av tobaks- och nikotinpolitiken b\u00f6r g\u00f6ras synliga i regeringsprogrammet.\" \/>\n<meta property=\"og:url\" content=\"https:\/\/savutonsuomi.fi\/sv\/natverket-ett-rokfritt-finland-2030-nasta-regering-maste-forbinda-sig-att-forverkliga-malsattningen-i-tobakslagen\/\" \/>\n<meta property=\"og:site_name\" content=\"Savuton Suomi 2030\" \/>\n<meta property=\"article:modified_time\" content=\"2023-02-22T08:48:01+00:00\" \/>\n<meta property=\"og:image\" content=\"https:\/\/savutonsuomi.fi\/wp-content\/uploads\/2023\/02\/shutterstock_766847608-muokkaa.jpg\" \/>\n\t<meta property=\"og:image:width\" content=\"1584\" \/>\n\t<meta property=\"og:image:height\" content=\"1000\" \/>\n\t<meta property=\"og:image:type\" content=\"image\/jpeg\" \/>\n<meta name=\"twitter:card\" content=\"summary_large_image\" \/>\n<meta name=\"twitter:label1\" content=\"Ber\u00e4knad l\u00e4stid\" \/>\n\t<meta name=\"twitter:data1\" content=\"4 minuter\" \/>\n\t<meta name=\"twitter:label2\" content=\"Skriven av\" \/>\n\t<meta name=\"twitter:data2\" content=\"Tea Kalska\" \/>\n<script type=\"application\/ld+json\" class=\"yoast-schema-graph\">{\"@context\":\"https:\\\/\\\/schema.org\",\"@graph\":[{\"@type\":\"WebPage\",\"@id\":\"https:\\\/\\\/savutonsuomi.fi\\\/sv\\\/natverket-ett-rokfritt-finland-2030-nasta-regering-maste-forbinda-sig-att-forverkliga-malsattningen-i-tobakslagen\\\/\",\"url\":\"https:\\\/\\\/savutonsuomi.fi\\\/sv\\\/natverket-ett-rokfritt-finland-2030-nasta-regering-maste-forbinda-sig-att-forverkliga-malsattningen-i-tobakslagen\\\/\",\"name\":\"N\u00e4tverket Ett r\u00f6kfritt Finland 2030: N\u00e4sta regering m\u00e5ste f\u00f6rbinda sig att f\u00f6rverkliga m\u00e5ls\u00e4ttningen i tobakslagen - Savuton Suomi 2030\",\"isPartOf\":{\"@id\":\"https:\\\/\\\/savutonsuomi.fi\\\/#website\"},\"primaryImageOfPage\":{\"@id\":\"https:\\\/\\\/savutonsuomi.fi\\\/sv\\\/natverket-ett-rokfritt-finland-2030-nasta-regering-maste-forbinda-sig-att-forverkliga-malsattningen-i-tobakslagen\\\/#primaryimage\"},\"image\":{\"@id\":\"https:\\\/\\\/savutonsuomi.fi\\\/sv\\\/natverket-ett-rokfritt-finland-2030-nasta-regering-maste-forbinda-sig-att-forverkliga-malsattningen-i-tobakslagen\\\/#primaryimage\"},\"thumbnailUrl\":\"https:\\\/\\\/savutonsuomi.fi\\\/wp-content\\\/uploads\\\/2023\\\/02\\\/shutterstock_766847608-muokkaa.jpg\",\"datePublished\":\"2023-02-01T06:02:05+00:00\",\"dateModified\":\"2023-02-22T08:48:01+00:00\",\"description\":\"F\u00f6rslagen som presenterats av Arbetsgruppen f\u00f6r utveckling av tobaks- och nikotinpolitiken b\u00f6r g\u00f6ras synliga i regeringsprogrammet.\",\"breadcrumb\":{\"@id\":\"https:\\\/\\\/savutonsuomi.fi\\\/sv\\\/natverket-ett-rokfritt-finland-2030-nasta-regering-maste-forbinda-sig-att-forverkliga-malsattningen-i-tobakslagen\\\/#breadcrumb\"},\"inLanguage\":\"sv-SE\",\"potentialAction\":[{\"@type\":\"ReadAction\",\"target\":[\"https:\\\/\\\/savutonsuomi.fi\\\/sv\\\/natverket-ett-rokfritt-finland-2030-nasta-regering-maste-forbinda-sig-att-forverkliga-malsattningen-i-tobakslagen\\\/\"]}]},{\"@type\":\"ImageObject\",\"inLanguage\":\"sv-SE\",\"@id\":\"https:\\\/\\\/savutonsuomi.fi\\\/sv\\\/natverket-ett-rokfritt-finland-2030-nasta-regering-maste-forbinda-sig-att-forverkliga-malsattningen-i-tobakslagen\\\/#primaryimage\",\"url\":\"https:\\\/\\\/savutonsuomi.fi\\\/wp-content\\\/uploads\\\/2023\\\/02\\\/shutterstock_766847608-muokkaa.jpg\",\"contentUrl\":\"https:\\\/\\\/savutonsuomi.fi\\\/wp-content\\\/uploads\\\/2023\\\/02\\\/shutterstock_766847608-muokkaa.jpg\",\"width\":1584,\"height\":1000},{\"@type\":\"BreadcrumbList\",\"@id\":\"https:\\\/\\\/savutonsuomi.fi\\\/sv\\\/natverket-ett-rokfritt-finland-2030-nasta-regering-maste-forbinda-sig-att-forverkliga-malsattningen-i-tobakslagen\\\/#breadcrumb\",\"itemListElement\":[{\"@type\":\"ListItem\",\"position\":1,\"name\":\"Home\",\"item\":\"https:\\\/\\\/savutonsuomi.fi\\\/sv\\\/\"},{\"@type\":\"ListItem\",\"position\":2,\"name\":\"N\u00e4tverket Ett r\u00f6kfritt Finland 2030: N\u00e4sta regering m\u00e5ste f\u00f6rbinda sig att f\u00f6rverkliga m\u00e5ls\u00e4ttningen i tobakslagen\"}]},{\"@type\":\"WebSite\",\"@id\":\"https:\\\/\\\/savutonsuomi.fi\\\/#website\",\"url\":\"https:\\\/\\\/savutonsuomi.fi\\\/\",\"name\":\"Savuton Suomi 2030\",\"description\":\"\",\"potentialAction\":[{\"@type\":\"SearchAction\",\"target\":{\"@type\":\"EntryPoint\",\"urlTemplate\":\"https:\\\/\\\/savutonsuomi.fi\\\/?s={search_term_string}\"},\"query-input\":{\"@type\":\"PropertyValueSpecification\",\"valueRequired\":true,\"valueName\":\"search_term_string\"}}],\"inLanguage\":\"sv-SE\"}]}<\/script>\n<!-- \/ Yoast SEO plugin. -->","yoast_head_json":{"title":"N\u00e4tverket Ett r\u00f6kfritt Finland 2030: N\u00e4sta regering m\u00e5ste f\u00f6rbinda sig att f\u00f6rverkliga m\u00e5ls\u00e4ttningen i tobakslagen - Savuton Suomi 2030 | Suomen ASH ry","description":"F\u00f6rslagen som presenterats av Arbetsgruppen f\u00f6r utveckling av tobaks- och nikotinpolitiken b\u00f6r g\u00f6ras synliga i regeringsprogrammet.","robots":{"index":"index","follow":"follow","max-snippet":"max-snippet:-1","max-image-preview":"max-image-preview:large","max-video-preview":"max-video-preview:-1"},"canonical":"https:\/\/savutonsuomi.fi\/sv\/natverket-ett-rokfritt-finland-2030-nasta-regering-maste-forbinda-sig-att-forverkliga-malsattningen-i-tobakslagen\/","og_locale":"sv_SE","og_type":"article","og_title":"N\u00e4tverket Ett r\u00f6kfritt Finland 2030: N\u00e4sta regering m\u00e5ste f\u00f6rbinda sig att f\u00f6rverkliga m\u00e5ls\u00e4ttningen i tobakslagen - Savuton Suomi 2030","og_description":"F\u00f6rslagen som presenterats av Arbetsgruppen f\u00f6r utveckling av tobaks- och nikotinpolitiken b\u00f6r g\u00f6ras synliga i regeringsprogrammet.","og_url":"https:\/\/savutonsuomi.fi\/sv\/natverket-ett-rokfritt-finland-2030-nasta-regering-maste-forbinda-sig-att-forverkliga-malsattningen-i-tobakslagen\/","og_site_name":"Savuton Suomi 2030","article_modified_time":"2023-02-22T08:48:01+00:00","og_image":[{"width":1584,"height":1000,"url":"https:\/\/savutonsuomi.fi\/wp-content\/uploads\/2023\/02\/shutterstock_766847608-muokkaa.jpg","type":"image\/jpeg"}],"twitter_card":"summary_large_image","twitter_misc":{"Ber\u00e4knad l\u00e4stid":"4 minuter","Skriven av":"Tea Kalska"},"schema":{"@context":"https:\/\/schema.org","@graph":[{"@type":"WebPage","@id":"https:\/\/savutonsuomi.fi\/sv\/natverket-ett-rokfritt-finland-2030-nasta-regering-maste-forbinda-sig-att-forverkliga-malsattningen-i-tobakslagen\/","url":"https:\/\/savutonsuomi.fi\/sv\/natverket-ett-rokfritt-finland-2030-nasta-regering-maste-forbinda-sig-att-forverkliga-malsattningen-i-tobakslagen\/","name":"N\u00e4tverket Ett r\u00f6kfritt Finland 2030: N\u00e4sta regering m\u00e5ste f\u00f6rbinda sig att f\u00f6rverkliga m\u00e5ls\u00e4ttningen i tobakslagen - Savuton Suomi 2030","isPartOf":{"@id":"https:\/\/savutonsuomi.fi\/#website"},"primaryImageOfPage":{"@id":"https:\/\/savutonsuomi.fi\/sv\/natverket-ett-rokfritt-finland-2030-nasta-regering-maste-forbinda-sig-att-forverkliga-malsattningen-i-tobakslagen\/#primaryimage"},"image":{"@id":"https:\/\/savutonsuomi.fi\/sv\/natverket-ett-rokfritt-finland-2030-nasta-regering-maste-forbinda-sig-att-forverkliga-malsattningen-i-tobakslagen\/#primaryimage"},"thumbnailUrl":"https:\/\/savutonsuomi.fi\/wp-content\/uploads\/2023\/02\/shutterstock_766847608-muokkaa.jpg","datePublished":"2023-02-01T06:02:05+00:00","dateModified":"2023-02-22T08:48:01+00:00","description":"F\u00f6rslagen som presenterats av Arbetsgruppen f\u00f6r utveckling av tobaks- och nikotinpolitiken b\u00f6r g\u00f6ras synliga i regeringsprogrammet.","breadcrumb":{"@id":"https:\/\/savutonsuomi.fi\/sv\/natverket-ett-rokfritt-finland-2030-nasta-regering-maste-forbinda-sig-att-forverkliga-malsattningen-i-tobakslagen\/#breadcrumb"},"inLanguage":"sv-SE","potentialAction":[{"@type":"ReadAction","target":["https:\/\/savutonsuomi.fi\/sv\/natverket-ett-rokfritt-finland-2030-nasta-regering-maste-forbinda-sig-att-forverkliga-malsattningen-i-tobakslagen\/"]}]},{"@type":"ImageObject","inLanguage":"sv-SE","@id":"https:\/\/savutonsuomi.fi\/sv\/natverket-ett-rokfritt-finland-2030-nasta-regering-maste-forbinda-sig-att-forverkliga-malsattningen-i-tobakslagen\/#primaryimage","url":"https:\/\/savutonsuomi.fi\/wp-content\/uploads\/2023\/02\/shutterstock_766847608-muokkaa.jpg","contentUrl":"https:\/\/savutonsuomi.fi\/wp-content\/uploads\/2023\/02\/shutterstock_766847608-muokkaa.jpg","width":1584,"height":1000},{"@type":"BreadcrumbList","@id":"https:\/\/savutonsuomi.fi\/sv\/natverket-ett-rokfritt-finland-2030-nasta-regering-maste-forbinda-sig-att-forverkliga-malsattningen-i-tobakslagen\/#breadcrumb","itemListElement":[{"@type":"ListItem","position":1,"name":"Home","item":"https:\/\/savutonsuomi.fi\/sv\/"},{"@type":"ListItem","position":2,"name":"N\u00e4tverket Ett r\u00f6kfritt Finland 2030: N\u00e4sta regering m\u00e5ste f\u00f6rbinda sig att f\u00f6rverkliga m\u00e5ls\u00e4ttningen i tobakslagen"}]},{"@type":"WebSite","@id":"https:\/\/savutonsuomi.fi\/#website","url":"https:\/\/savutonsuomi.fi\/","name":"Savuton Suomi 2030","description":"","potentialAction":[{"@type":"SearchAction","target":{"@type":"EntryPoint","urlTemplate":"https:\/\/savutonsuomi.fi\/?s={search_term_string}"},"query-input":{"@type":"PropertyValueSpecification","valueRequired":true,"valueName":"search_term_string"}}],"inLanguage":"sv-SE"}]}},"_links":{"self":[{"href":"https:\/\/savutonsuomi.fi\/sv\/wp-json\/wp\/v2\/pages\/5849","targetHints":{"allow":["GET"]}}],"collection":[{"href":"https:\/\/savutonsuomi.fi\/sv\/wp-json\/wp\/v2\/pages"}],"about":[{"href":"https:\/\/savutonsuomi.fi\/sv\/wp-json\/wp\/v2\/types\/page"}],"author":[{"embeddable":true,"href":"https:\/\/savutonsuomi.fi\/sv\/wp-json\/wp\/v2\/users\/11"}],"replies":[{"embeddable":true,"href":"https:\/\/savutonsuomi.fi\/sv\/wp-json\/wp\/v2\/comments?post=5849"}],"version-history":[{"count":5,"href":"https:\/\/savutonsuomi.fi\/sv\/wp-json\/wp\/v2\/pages\/5849\/revisions"}],"predecessor-version":[{"id":6125,"href":"https:\/\/savutonsuomi.fi\/sv\/wp-json\/wp\/v2\/pages\/5849\/revisions\/6125"}],"wp:featuredmedia":[{"embeddable":true,"href":"https:\/\/savutonsuomi.fi\/sv\/wp-json\/wp\/v2\/media\/6144"}],"wp:attachment":[{"href":"https:\/\/savutonsuomi.fi\/sv\/wp-json\/wp\/v2\/media?parent=5849"}],"wp:term":[{"taxonomy":"category","embeddable":true,"href":"https:\/\/savutonsuomi.fi\/sv\/wp-json\/wp\/v2\/categories?post=5849"},{"taxonomy":"post_tag","embeddable":true,"href":"https:\/\/savutonsuomi.fi\/sv\/wp-json\/wp\/v2\/tags?post=5849"},{"taxonomy":"author","embeddable":true,"href":"https:\/\/savutonsuomi.fi\/sv\/wp-json\/wp\/v2\/coauthors?post=5849"}],"curies":[{"name":"wp","href":"https:\/\/api.w.org\/{rel}","templated":true}]}}