{"id":1458,"date":"2018-04-10T10:04:07","date_gmt":"2018-04-10T08:04:07","guid":{"rendered":"https:\/\/savutonsuomi.upcloud-1.web-veistamo.fi\/?page_id=1458"},"modified":"2024-03-26T13:37:33","modified_gmt":"2024-03-26T11:37:33","slug":"varfor-ar-det-bra-med-rokfrihet-pa-arbetsplatsen","status":"publish","type":"page","link":"https:\/\/savutonsuomi.fi\/sv\/varfor-ar-det-bra-med-rokfrihet-pa-arbetsplatsen\/","title":{"rendered":"Varf\u00f6r \u00e4r det bra med r\u00f6kfrihet p\u00e5 arbetsplatsen?"},"content":{"rendered":"\n<div class=\"main-and-sidebar-container\">\n<div class=\"main-content\">\n<h1 class=\"page-title\">\n                        Varf\u00f6r \u00e4r det bra med r\u00f6kfrihet p\u00e5 arbetsplatsen?                    <\/h1>\n<h3><\/h3>\n<h3><strong>Fem orsaker f\u00f6r arbetsgivaren:<\/strong><\/h3>\n<ul>\n<li>R\u00f6kning \u00e4r en central h\u00e4lsorisk som f\u00f6rs\u00e4mrar arbetsf\u00f6rm\u00e5gan och h\u00e4lsan hos personer i arbetsf\u00f6r \u00e5lder, och som skulle kunna undvikas.<\/li>\n<li>Sjukfr\u00e5nvaron minskar: bland annat risken att insjukna i hj\u00e4rtsjukdomar och sjukdomar i cirkulations- och andningsorgan minskar.<\/li>\n<li>Arbetsf\u00f6rm\u00e5gan och produktiviteten f\u00f6rb\u00e4ttras.<\/li>\n<li>Man sparar pengar f\u00f6r r\u00f6kning ger en till\u00e4ggskostnad p\u00e5 1\u00a0500\u20132\u00a0000 euro per r\u00f6kande anst\u00e4lld per \u00e5r: sjukfr\u00e5nvaro, kostnader f\u00f6r unders\u00f6kning och v\u00e5rd av sjukdomar, s\u00e4mre arbetseffektivitet samt minskad l\u00f6nsamhet.<\/li>\n<li>R\u00f6kfrihet \u00e4r ocks\u00e5 en fr\u00e5ga om image: r\u00f6kfrihet \u00e4r ett bevis p\u00e5 att arbetsgivaren bryr sig om de anst\u00e4lldas arbetsh\u00e4lsa.<\/li>\n<\/ul>\n<h3><strong>Fem orsaker f\u00f6r arbetstagaren:<\/strong><\/h3>\n<ul>\n<li>B\u00e4ttre h\u00e4lsa, f\u00e4rre f\u00f6rkylningar och b\u00e4ttre s\u00f6mn.<\/li>\n<li>Den f\u00f6rv\u00e4ntade livsl\u00e4ngden f\u00f6rl\u00e4ngs: den f\u00f6rv\u00e4ntade livsl\u00e4ngden f\u00f6r en person som r\u00f6ker en ask per dag \u00e4r ungef\u00e4r tio \u00e5r kortare \u00e4n f\u00f6r en icke-r\u00f6kare.<\/li>\n<li>Konditionen f\u00f6rb\u00e4ttras och det \u00e4r l\u00e4ttare att andas.<\/li>\n<li>Risken att insjukna i cancer eller d\u00f6 i en pl\u00f6tslig hj\u00e4rtattack minskar.<\/li>\n<li>Man sparar pengar: en person som r\u00f6kt en ask per dag sparar d\u00e5 hen slutat ungef\u00e4r 2\u00a0000 euro per \u00e5r.<\/li>\n<\/ul><\/div>\n<div class=\"nostopalkki\">\n<h4 class=\"node__title node__title---custom h1\">L\u00e4s ocks\u00e5:<\/h4>\n<h4><a href=\"https:\/\/savutonsuomi.fi\/sv\/en-hurdan-arbetsplats-ar-rokfri\/\" target=\"_blank\" rel=\"noopener\">En hurdan arbetsplats \u00e4r r\u00f6kfri?<\/a><\/h4>\n<p><a href=\"https:\/\/savutonsuomi.fi\/wp-content\/uploads\/2024\/03\/rkfri-arbetsplats-sv-2024.pdf\" target=\"_blank\" rel=\"noopener\"><img loading=\"lazy\" decoding=\"async\" class=\"wp-image-2130 alignleft\" src=\"https:\/\/savutonsuomi.fi\/wp-content\/uploads\/2017\/11\/R\u00f6kfri-arbetsplats-guide-213x300.png\" alt=\"\" width=\"239\" height=\"337\" srcset=\"https:\/\/savutonsuomi.fi\/wp-content\/uploads\/2017\/11\/R\u00f6kfri-arbetsplats-guide-213x300.png 213w, https:\/\/savutonsuomi.fi\/wp-content\/uploads\/2017\/11\/R\u00f6kfri-arbetsplats-guide.png 645w\" sizes=\"auto, (max-width: 239px) 100vw, 239px\" \/><\/a><\/p>\n<p>&nbsp;<\/p>\n<p>&nbsp;<\/p>\n<p>&nbsp;<\/p>\n<p>&nbsp;<\/p>\n<p>&nbsp;<\/p>\n<p>&nbsp;<\/p>\n<p>&nbsp;<\/p>\n<p>&nbsp;<\/p>\n<p><a href=\"https:\/\/savutonsuomi.fi\/wp-content\/uploads\/2020\/12\/R\u00f6kfri_arbetsplats-V.jpg\" target=\"_blank\" rel=\"noopener\"><img loading=\"lazy\" decoding=\"async\" class=\"alignnone wp-image-4271\" src=\"https:\/\/savutonsuomi.fi\/wp-content\/uploads\/2020\/12\/R\u00f6kfri_arbetsplats-V-300x300.jpg\" alt=\"\" width=\"226\" height=\"226\" srcset=\"https:\/\/savutonsuomi.fi\/wp-content\/uploads\/2020\/12\/R\u00f6kfri_arbetsplats-V-300x300.jpg 300w, https:\/\/savutonsuomi.fi\/wp-content\/uploads\/2020\/12\/R\u00f6kfri_arbetsplats-V-1024x1024.jpg 1024w, https:\/\/savutonsuomi.fi\/wp-content\/uploads\/2020\/12\/R\u00f6kfri_arbetsplats-V-150x150.jpg 150w, https:\/\/savutonsuomi.fi\/wp-content\/uploads\/2020\/12\/R\u00f6kfri_arbetsplats-V-768x768.jpg 768w, https:\/\/savutonsuomi.fi\/wp-content\/uploads\/2020\/12\/R\u00f6kfri_arbetsplats-V.jpg 1240w\" sizes=\"auto, (max-width: 226px) 100vw, 226px\" \/><\/a><\/p>\n<p><a href=\"https:\/\/savutonsuomi.fi\/wp-content\/uploads\/2020\/12\/R\u00f6kfri_arbetsplats-S.jpg\" target=\"_blank\" rel=\"noopener\"><img loading=\"lazy\" decoding=\"async\" class=\"alignnone wp-image-4262\" src=\"https:\/\/savutonsuomi.fi\/wp-content\/uploads\/2020\/12\/R\u00f6kfri_arbetsplats-S-300x300.jpg\" alt=\"\" width=\"226\" height=\"226\" srcset=\"https:\/\/savutonsuomi.fi\/wp-content\/uploads\/2020\/12\/R\u00f6kfri_arbetsplats-S-300x300.jpg 300w, https:\/\/savutonsuomi.fi\/wp-content\/uploads\/2020\/12\/R\u00f6kfri_arbetsplats-S-1024x1024.jpg 1024w, https:\/\/savutonsuomi.fi\/wp-content\/uploads\/2020\/12\/R\u00f6kfri_arbetsplats-S-150x150.jpg 150w, https:\/\/savutonsuomi.fi\/wp-content\/uploads\/2020\/12\/R\u00f6kfri_arbetsplats-S-768x768.jpg 768w, https:\/\/savutonsuomi.fi\/wp-content\/uploads\/2020\/12\/R\u00f6kfri_arbetsplats-S.jpg 1240w\" sizes=\"auto, (max-width: 226px) 100vw, 226px\" \/><\/a><\/p>\n<p>&nbsp;<\/p>\n<p>&nbsp;<\/p>\n<p>&nbsp;<\/p>\n<p>&nbsp;<\/p>\n<p>&nbsp;<\/p>\n<p>&nbsp;<\/p>\n<\/p><\/div>\n<\/p><\/div>\n<p><!-- .main-and-sidebar-container --><\/p>\n","protected":false},"excerpt":{"rendered":"Varf\u00f6r \u00e4r det bra med r\u00f6kfrihet p\u00e5 arbetsplatsen? Fem orsaker f\u00f6r arbetsgivaren: R\u00f6kning \u00e4r en central h\u00e4lsorisk som f\u00f6rs\u00e4mrar arbetsf\u00f6rm\u00e5gan&#8230; <a class=\"view-article\" href=\"https:\/\/savutonsuomi.fi\/sv\/varfor-ar-det-bra-med-rokfrihet-pa-arbetsplatsen\/\">View Article<\/a>","protected":false},"author":5,"featured_media":237,"parent":0,"menu_order":0,"comment_status":"closed","ping_status":"closed","template":"","meta":{"_acf_changed":false,"footnotes":""},"categories":[],"tags":[],"coauthors":[69],"class_list":["post-1458","page","type-page","status-publish","has-post-thumbnail","hentry"],"acf":[],"yoast_head":"<!-- This site is optimized with the Yoast SEO plugin v27.3 - https:\/\/yoast.com\/product\/yoast-seo-wordpress\/ -->\n<title>Varf\u00f6r \u00e4r det bra med r\u00f6kfrihet p\u00e5 arbetsplatsen? - Savuton Suomi 2030 | Suomen ASH ry<\/title>\n<meta name=\"robots\" content=\"index, follow, max-snippet:-1, max-image-preview:large, max-video-preview:-1\" \/>\n<link rel=\"canonical\" href=\"https:\/\/savutonsuomi.fi\/sv\/varfor-ar-det-bra-med-rokfrihet-pa-arbetsplatsen\/\" \/>\n<meta property=\"og:locale\" content=\"sv_SE\" \/>\n<meta property=\"og:type\" content=\"article\" \/>\n<meta property=\"og:title\" content=\"Varf\u00f6r \u00e4r det bra med r\u00f6kfrihet p\u00e5 arbetsplatsen? - Savuton Suomi 2030\" \/>\n<meta property=\"og:description\" content=\"Varf\u00f6r \u00e4r det bra med r\u00f6kfrihet p\u00e5 arbetsplatsen? Fem orsaker f\u00f6r arbetsgivaren: R\u00f6kning \u00e4r en central h\u00e4lsorisk som f\u00f6rs\u00e4mrar arbetsf\u00f6rm\u00e5gan... View Article\" \/>\n<meta property=\"og:url\" content=\"https:\/\/savutonsuomi.fi\/sv\/varfor-ar-det-bra-med-rokfrihet-pa-arbetsplatsen\/\" \/>\n<meta property=\"og:site_name\" content=\"Savuton Suomi 2030\" \/>\n<meta property=\"article:modified_time\" content=\"2024-03-26T11:37:33+00:00\" \/>\n<meta property=\"og:image\" content=\"https:\/\/savutonsuomi.fi\/wp-content\/uploads\/2017\/11\/Savuton-ty\u00f6paikka_ty\u00f6maa.jpg\" \/>\n\t<meta property=\"og:image:width\" content=\"1772\" \/>\n\t<meta property=\"og:image:height\" content=\"1181\" \/>\n\t<meta property=\"og:image:type\" content=\"image\/jpeg\" \/>\n<meta name=\"twitter:card\" content=\"summary_large_image\" \/>\n<meta name=\"twitter:label1\" content=\"Ber\u00e4knad l\u00e4stid\" \/>\n\t<meta name=\"twitter:data1\" content=\"2 minuter\" \/>\n\t<meta name=\"twitter:label2\" content=\"Skriven av\" \/>\n\t<meta name=\"twitter:data2\" content=\"Pirjo\" \/>\n<script type=\"application\/ld+json\" class=\"yoast-schema-graph\">{\"@context\":\"https:\\\/\\\/schema.org\",\"@graph\":[{\"@type\":\"WebPage\",\"@id\":\"https:\\\/\\\/savutonsuomi.fi\\\/sv\\\/varfor-ar-det-bra-med-rokfrihet-pa-arbetsplatsen\\\/\",\"url\":\"https:\\\/\\\/savutonsuomi.fi\\\/sv\\\/varfor-ar-det-bra-med-rokfrihet-pa-arbetsplatsen\\\/\",\"name\":\"Varf\u00f6r \u00e4r det bra med r\u00f6kfrihet p\u00e5 arbetsplatsen? - Savuton Suomi 2030\",\"isPartOf\":{\"@id\":\"https:\\\/\\\/savutonsuomi.fi\\\/#website\"},\"primaryImageOfPage\":{\"@id\":\"https:\\\/\\\/savutonsuomi.fi\\\/sv\\\/varfor-ar-det-bra-med-rokfrihet-pa-arbetsplatsen\\\/#primaryimage\"},\"image\":{\"@id\":\"https:\\\/\\\/savutonsuomi.fi\\\/sv\\\/varfor-ar-det-bra-med-rokfrihet-pa-arbetsplatsen\\\/#primaryimage\"},\"thumbnailUrl\":\"https:\\\/\\\/savutonsuomi.fi\\\/wp-content\\\/uploads\\\/2017\\\/11\\\/Savuton-ty\u00f6paikka_ty\u00f6maa.jpg\",\"datePublished\":\"2018-04-10T08:04:07+00:00\",\"dateModified\":\"2024-03-26T11:37:33+00:00\",\"breadcrumb\":{\"@id\":\"https:\\\/\\\/savutonsuomi.fi\\\/sv\\\/varfor-ar-det-bra-med-rokfrihet-pa-arbetsplatsen\\\/#breadcrumb\"},\"inLanguage\":\"sv-SE\",\"potentialAction\":[{\"@type\":\"ReadAction\",\"target\":[\"https:\\\/\\\/savutonsuomi.fi\\\/sv\\\/varfor-ar-det-bra-med-rokfrihet-pa-arbetsplatsen\\\/\"]}]},{\"@type\":\"ImageObject\",\"inLanguage\":\"sv-SE\",\"@id\":\"https:\\\/\\\/savutonsuomi.fi\\\/sv\\\/varfor-ar-det-bra-med-rokfrihet-pa-arbetsplatsen\\\/#primaryimage\",\"url\":\"https:\\\/\\\/savutonsuomi.fi\\\/wp-content\\\/uploads\\\/2017\\\/11\\\/Savuton-ty\u00f6paikka_ty\u00f6maa.jpg\",\"contentUrl\":\"https:\\\/\\\/savutonsuomi.fi\\\/wp-content\\\/uploads\\\/2017\\\/11\\\/Savuton-ty\u00f6paikka_ty\u00f6maa.jpg\",\"width\":1772,\"height\":1181,\"caption\":\"Savuton ty\u00f6paikka, ty\u00f6maa\"},{\"@type\":\"BreadcrumbList\",\"@id\":\"https:\\\/\\\/savutonsuomi.fi\\\/sv\\\/varfor-ar-det-bra-med-rokfrihet-pa-arbetsplatsen\\\/#breadcrumb\",\"itemListElement\":[{\"@type\":\"ListItem\",\"position\":1,\"name\":\"Home\",\"item\":\"https:\\\/\\\/savutonsuomi.fi\\\/sv\\\/\"},{\"@type\":\"ListItem\",\"position\":2,\"name\":\"Varf\u00f6r \u00e4r det bra med r\u00f6kfrihet p\u00e5 arbetsplatsen?\"}]},{\"@type\":\"WebSite\",\"@id\":\"https:\\\/\\\/savutonsuomi.fi\\\/#website\",\"url\":\"https:\\\/\\\/savutonsuomi.fi\\\/\",\"name\":\"Savuton Suomi 2030\",\"description\":\"\",\"potentialAction\":[{\"@type\":\"SearchAction\",\"target\":{\"@type\":\"EntryPoint\",\"urlTemplate\":\"https:\\\/\\\/savutonsuomi.fi\\\/?s={search_term_string}\"},\"query-input\":{\"@type\":\"PropertyValueSpecification\",\"valueRequired\":true,\"valueName\":\"search_term_string\"}}],\"inLanguage\":\"sv-SE\"}]}<\/script>\n<!-- \/ Yoast SEO plugin. -->","yoast_head_json":{"title":"Varf\u00f6r \u00e4r det bra med r\u00f6kfrihet p\u00e5 arbetsplatsen? - Savuton Suomi 2030 | Suomen ASH ry","robots":{"index":"index","follow":"follow","max-snippet":"max-snippet:-1","max-image-preview":"max-image-preview:large","max-video-preview":"max-video-preview:-1"},"canonical":"https:\/\/savutonsuomi.fi\/sv\/varfor-ar-det-bra-med-rokfrihet-pa-arbetsplatsen\/","og_locale":"sv_SE","og_type":"article","og_title":"Varf\u00f6r \u00e4r det bra med r\u00f6kfrihet p\u00e5 arbetsplatsen? - Savuton Suomi 2030","og_description":"Varf\u00f6r \u00e4r det bra med r\u00f6kfrihet p\u00e5 arbetsplatsen? Fem orsaker f\u00f6r arbetsgivaren: R\u00f6kning \u00e4r en central h\u00e4lsorisk som f\u00f6rs\u00e4mrar arbetsf\u00f6rm\u00e5gan... View Article","og_url":"https:\/\/savutonsuomi.fi\/sv\/varfor-ar-det-bra-med-rokfrihet-pa-arbetsplatsen\/","og_site_name":"Savuton Suomi 2030","article_modified_time":"2024-03-26T11:37:33+00:00","og_image":[{"width":1772,"height":1181,"url":"https:\/\/savutonsuomi.fi\/wp-content\/uploads\/2017\/11\/Savuton-ty\u00f6paikka_ty\u00f6maa.jpg","type":"image\/jpeg"}],"twitter_card":"summary_large_image","twitter_misc":{"Ber\u00e4knad l\u00e4stid":"2 minuter","Skriven av":"Pirjo"},"schema":{"@context":"https:\/\/schema.org","@graph":[{"@type":"WebPage","@id":"https:\/\/savutonsuomi.fi\/sv\/varfor-ar-det-bra-med-rokfrihet-pa-arbetsplatsen\/","url":"https:\/\/savutonsuomi.fi\/sv\/varfor-ar-det-bra-med-rokfrihet-pa-arbetsplatsen\/","name":"Varf\u00f6r \u00e4r det bra med r\u00f6kfrihet p\u00e5 arbetsplatsen? - Savuton Suomi 2030","isPartOf":{"@id":"https:\/\/savutonsuomi.fi\/#website"},"primaryImageOfPage":{"@id":"https:\/\/savutonsuomi.fi\/sv\/varfor-ar-det-bra-med-rokfrihet-pa-arbetsplatsen\/#primaryimage"},"image":{"@id":"https:\/\/savutonsuomi.fi\/sv\/varfor-ar-det-bra-med-rokfrihet-pa-arbetsplatsen\/#primaryimage"},"thumbnailUrl":"https:\/\/savutonsuomi.fi\/wp-content\/uploads\/2017\/11\/Savuton-ty\u00f6paikka_ty\u00f6maa.jpg","datePublished":"2018-04-10T08:04:07+00:00","dateModified":"2024-03-26T11:37:33+00:00","breadcrumb":{"@id":"https:\/\/savutonsuomi.fi\/sv\/varfor-ar-det-bra-med-rokfrihet-pa-arbetsplatsen\/#breadcrumb"},"inLanguage":"sv-SE","potentialAction":[{"@type":"ReadAction","target":["https:\/\/savutonsuomi.fi\/sv\/varfor-ar-det-bra-med-rokfrihet-pa-arbetsplatsen\/"]}]},{"@type":"ImageObject","inLanguage":"sv-SE","@id":"https:\/\/savutonsuomi.fi\/sv\/varfor-ar-det-bra-med-rokfrihet-pa-arbetsplatsen\/#primaryimage","url":"https:\/\/savutonsuomi.fi\/wp-content\/uploads\/2017\/11\/Savuton-ty\u00f6paikka_ty\u00f6maa.jpg","contentUrl":"https:\/\/savutonsuomi.fi\/wp-content\/uploads\/2017\/11\/Savuton-ty\u00f6paikka_ty\u00f6maa.jpg","width":1772,"height":1181,"caption":"Savuton ty\u00f6paikka, ty\u00f6maa"},{"@type":"BreadcrumbList","@id":"https:\/\/savutonsuomi.fi\/sv\/varfor-ar-det-bra-med-rokfrihet-pa-arbetsplatsen\/#breadcrumb","itemListElement":[{"@type":"ListItem","position":1,"name":"Home","item":"https:\/\/savutonsuomi.fi\/sv\/"},{"@type":"ListItem","position":2,"name":"Varf\u00f6r \u00e4r det bra med r\u00f6kfrihet p\u00e5 arbetsplatsen?"}]},{"@type":"WebSite","@id":"https:\/\/savutonsuomi.fi\/#website","url":"https:\/\/savutonsuomi.fi\/","name":"Savuton Suomi 2030","description":"","potentialAction":[{"@type":"SearchAction","target":{"@type":"EntryPoint","urlTemplate":"https:\/\/savutonsuomi.fi\/?s={search_term_string}"},"query-input":{"@type":"PropertyValueSpecification","valueRequired":true,"valueName":"search_term_string"}}],"inLanguage":"sv-SE"}]}},"_links":{"self":[{"href":"https:\/\/savutonsuomi.fi\/sv\/wp-json\/wp\/v2\/pages\/1458","targetHints":{"allow":["GET"]}}],"collection":[{"href":"https:\/\/savutonsuomi.fi\/sv\/wp-json\/wp\/v2\/pages"}],"about":[{"href":"https:\/\/savutonsuomi.fi\/sv\/wp-json\/wp\/v2\/types\/page"}],"author":[{"embeddable":true,"href":"https:\/\/savutonsuomi.fi\/sv\/wp-json\/wp\/v2\/users\/5"}],"replies":[{"embeddable":true,"href":"https:\/\/savutonsuomi.fi\/sv\/wp-json\/wp\/v2\/comments?post=1458"}],"version-history":[{"count":10,"href":"https:\/\/savutonsuomi.fi\/sv\/wp-json\/wp\/v2\/pages\/1458\/revisions"}],"predecessor-version":[{"id":7575,"href":"https:\/\/savutonsuomi.fi\/sv\/wp-json\/wp\/v2\/pages\/1458\/revisions\/7575"}],"wp:featuredmedia":[{"embeddable":true,"href":"https:\/\/savutonsuomi.fi\/sv\/wp-json\/wp\/v2\/media\/237"}],"wp:attachment":[{"href":"https:\/\/savutonsuomi.fi\/sv\/wp-json\/wp\/v2\/media?parent=1458"}],"wp:term":[{"taxonomy":"category","embeddable":true,"href":"https:\/\/savutonsuomi.fi\/sv\/wp-json\/wp\/v2\/categories?post=1458"},{"taxonomy":"post_tag","embeddable":true,"href":"https:\/\/savutonsuomi.fi\/sv\/wp-json\/wp\/v2\/tags?post=1458"},{"taxonomy":"author","embeddable":true,"href":"https:\/\/savutonsuomi.fi\/sv\/wp-json\/wp\/v2\/coauthors?post=1458"}],"curies":[{"name":"wp","href":"https:\/\/api.w.org\/{rel}","templated":true}]}}