{"id":1449,"date":"2018-04-10T09:34:26","date_gmt":"2018-04-10T07:34:26","guid":{"rendered":"https:\/\/savutonsuomi.upcloud-1.web-veistamo.fi\/?page_id=1449"},"modified":"2023-02-22T10:48:02","modified_gmt":"2023-02-22T08:48:02","slug":"en-hurdan-arbetsplats-ar-rokfri","status":"publish","type":"page","link":"https:\/\/savutonsuomi.fi\/sv\/en-hurdan-arbetsplats-ar-rokfri\/","title":{"rendered":"En hurdan arbetsplats \u00e4r r\u00f6kfri?"},"content":{"rendered":"<h1 class=\"page-title\">En hurdan arbetsplats \u00e4r r\u00f6kfri?<\/h1>\n<p><strong>Kan man anv\u00e4nda nikotiners\u00e4ttningsprodukter (tuggummi, pl\u00e5ster m.m.) p\u00e5 en r\u00f6kfri arbetsplats?<\/strong><\/p>\n<p>Ja det kan man. Nikotiners\u00e4ttningsprodukter \u00e4r medicinpreparat avsedda f\u00f6r egenv\u00e5rd. De \u00e4r avsedda f\u00f6r kortvarigt bruk, s\u00e5 att nikotindosen s\u00e5 sm\u00e5ningom minskas. F\u00f6r att n\u00e5 b\u00e4sta resultat rekommenderas att de anv\u00e4nds till exempel som en del av det st\u00f6d f\u00f6r att sluta r\u00f6ka som f\u00f6retagsh\u00e4lsov\u00e5rden erbjuder.<\/p>\n<p><strong>Kan man i arbetsplatsens kaf\u00e9 s\u00e4lja tobaksprodukter om arbetsplatsen \u00e4r r\u00f6kfri?<\/strong><\/p>\n<p>Enligt Ett r\u00f6kfritt Finland 2030-n\u00e4tverkets kriterier f\u00f6r en r\u00f6kfri arbetsplats f\u00e5r inte tobaksprodukter s\u00e4ljas i lokaler som f\u00f6rvaltas av arbetsplatsen.<\/p>\n<p><strong>F\u00e5r man snusa p\u00e5 r\u00f6kfria arbetsplatser? Och hur \u00e4r det med elcigaretter utan eller med nikotin?<\/strong><\/p>\n<p>R\u00f6kf\u00f6rbudet i enlighet med tobakslagen g\u00e4ller bruk av elcigaretter och vegetabiliska produkter avsedda f\u00f6r r\u00f6kning, men inte snus. Enligt tobakslagen \u00e4r det emellertid f\u00f6rbjudet att anv\u00e4nda r\u00f6kfria tobaksprodukter inom- eller utomhus i daghem eller i l\u00e4roanstalter d\u00e4r det ges f\u00f6rskole- eller grundl\u00e4ggande undervisning, yrkes- eller gymnasieundervisning.<\/p>\n<p>Arbetsgivaren kan besluta om praxis p\u00e5 arbetsplatsen.<\/p>\n<p><strong>M\u00e5ste den som snusar g\u00f6ra det i r\u00f6krutan?<\/strong><\/p>\n<p>Tobakslagen eller Ett r\u00f6kfritt Finland 2030-n\u00e4tverkets kriterier f\u00f6r en r\u00f6kfri arbetsplats kr\u00e4ver inte detta. Arbetsgivaren beslutar om praxis p\u00e5 arbetsplatsen.<\/p>\n<p><strong>Vad har det f\u00f6r f\u00f6ljder om arbetstagarna inte f\u00f6ljer r\u00f6kf\u00f6rbudet under arbetstid eller p\u00e5 arbetsplatsens omr\u00e5de?<\/strong><\/p>\n<p>Arbetsgivaren b\u00e4r ansvaret f\u00f6r \u00f6vervakningen av att r\u00f6kf\u00f6rbudet f\u00f6ljs. Om en arbetstagare bryter mot r\u00f6kf\u00f6rbudet ska arbetsgivaren diskutera saken med arbetstagaren. Om detta inte hj\u00e4lper kan arbetstagaren ges en varning. I sista hand kan upprepat brytande mot r\u00f6kf\u00f6rbudet leda till upps\u00e4gning, men innan detta m\u00e5ste man f\u00f6rs\u00f6ka med alla andra s\u00e4tt.<\/p>\n<p>Om \u00f6vervakningen av att tobaksf\u00f6rbudet och begr\u00e4nsningarna f\u00f6ljs inom arbetsgemenskapen stadgas i lagen om tillsynen \u00f6ver arbetarskyddet och om arbetarskyddssamarbete p\u00e5 arbetsplatsen (44\/2006).<\/p>\n<p><strong>Hur kan en arbetstagare fr\u00e4mja r\u00f6kfrihet p\u00e5 arbetsplatsen om f\u00f6rmannen r\u00f6ker och inte \u00e4r intresserad av \u00e4mnet?<\/strong><\/p>\n<p>Arbetsgivaren \u00e4r skyldig att ta hand om de anst\u00e4lldas h\u00e4lsa och s\u00e4kerhet p\u00e5 arbetsplatsen. Om ledningen inte \u00e4r intresserad av att fr\u00e4mja r\u00f6kfrihet kan man v\u00e4nda sig till exempelvis f\u00f6retagsh\u00e4lsov\u00e5rden eller skyddsombudet.<\/p>\n<p>Ett f\u00f6rslag om en r\u00f6kfri arbetsplats kan ges av vem som helst. N\u00e4r man ger f\u00f6rslaget kan man ber\u00e4tta f\u00f6r arbetsgivaren om nyttorna med en r\u00f6kfri arbetsplats: r\u00f6kfrihet \u00e4r till nytta b\u00e5de f\u00f6r de anst\u00e4llda och f\u00f6r arbetsgivaren. De anst\u00e4lldas h\u00e4lsa f\u00f6rb\u00e4ttras och kostnaderna f\u00f6r arbetsgivaren minskar.<\/p>\n<p><strong>V\u00e5r arbetsplats \u00e4r r\u00f6kfri men underleverant\u00f6rerna som regelbundet bes\u00f6ker omr\u00e5det r\u00f6ker. Vad kan vi g\u00f6ra?<\/strong><\/p>\n<p>Det \u00e4r bra att f\u00f6r underleverant\u00f6rer och andra som bes\u00f6ker arbetsplatsens omr\u00e5de g\u00f6ra klart de regler och den praxis som efterf\u00f6ljs p\u00e5 arbetsplatsen. Det \u00e4r bra att lyfta fram r\u00f6kfriheten p\u00e5 arbetsplatsens omr\u00e5de med till exempel R\u00f6kfri arbetsplats-dekaler.<\/p>\n<p>Det \u00e4r f\u00f6rbjudet att r\u00f6ka p\u00e5 arbetsplatsens omr\u00e5de, men de anst\u00e4llda r\u00f6ker utanf\u00f6r porten. Infarten till f\u00f6retagets omr\u00e5de \u00e4r full av fimpar och ser ost\u00e4dad ut. Hur borde man ingripa i detta?<\/p>\n<p>Arbetsgivaren borde uppmuntra de anst\u00e4llda till snygghet ocks\u00e5 n\u00e4ra arbetsplatsen. Det viktigaste s\u00e4ttet att minska m\u00e4ngden fimpar \u00e4r att uppmuntra de anst\u00e4llda att sluta r\u00f6ka.<\/p>\n<p><strong>M\u00e5ste arbetsplatsen uppfylla alla kriterierna f\u00f6r att kunna vara en r\u00f6kfri arbetsplats?<\/strong><\/p>\n<p>Ja, men en arbetsplats r\u00f6kfrihet realiseras ofta stegvis och alla kriterierna uppfylls inte genast. Det r\u00e4cker med att det finns en plan f\u00f6r hur kriterierna uppfylls.<\/p>\n","protected":false},"excerpt":{"rendered":"En hurdan arbetsplats \u00e4r r\u00f6kfri? Kan man anv\u00e4nda nikotiners\u00e4ttningsprodukter (tuggummi, pl\u00e5ster m.m.) p\u00e5 en r\u00f6kfri arbetsplats? Ja det kan man&#8230;. <a class=\"view-article\" href=\"https:\/\/savutonsuomi.fi\/sv\/en-hurdan-arbetsplats-ar-rokfri\/\">View Article<\/a>","protected":false},"author":5,"featured_media":856,"parent":0,"menu_order":0,"comment_status":"closed","ping_status":"closed","template":"","meta":{"_acf_changed":false,"footnotes":""},"categories":[],"tags":[],"coauthors":[],"class_list":["post-1449","page","type-page","status-publish","has-post-thumbnail","hentry"],"acf":[],"yoast_head":"<!-- This site is optimized with the Yoast SEO plugin v27.5 - https:\/\/yoast.com\/product\/yoast-seo-wordpress\/ -->\n<title>En hurdan arbetsplats \u00e4r r\u00f6kfri? - Savuton Suomi 2030 | Suomen ASH ry<\/title>\n<meta name=\"robots\" content=\"index, follow, max-snippet:-1, max-image-preview:large, max-video-preview:-1\" \/>\n<link rel=\"canonical\" href=\"https:\/\/savutonsuomi.fi\/sv\/en-hurdan-arbetsplats-ar-rokfri\/\" \/>\n<meta property=\"og:locale\" content=\"sv_SE\" \/>\n<meta property=\"og:type\" content=\"article\" \/>\n<meta property=\"og:title\" content=\"En hurdan arbetsplats \u00e4r r\u00f6kfri? - Savuton Suomi 2030\" \/>\n<meta property=\"og:description\" content=\"En hurdan arbetsplats \u00e4r r\u00f6kfri? Kan man anv\u00e4nda nikotiners\u00e4ttningsprodukter (tuggummi, pl\u00e5ster m.m.) p\u00e5 en r\u00f6kfri arbetsplats? Ja det kan man.... View Article\" \/>\n<meta property=\"og:url\" content=\"https:\/\/savutonsuomi.fi\/sv\/en-hurdan-arbetsplats-ar-rokfri\/\" \/>\n<meta property=\"og:site_name\" content=\"Savuton Suomi 2030\" \/>\n<meta property=\"article:modified_time\" content=\"2023-02-22T08:48:02+00:00\" \/>\n<meta property=\"og:image\" content=\"https:\/\/savutonsuomi.fi\/wp-content\/uploads\/2017\/12\/savuton-ty\u00f6paikka_ompelija-e1513253681753.jpg\" \/>\n\t<meta property=\"og:image:width\" content=\"2000\" \/>\n\t<meta property=\"og:image:height\" content=\"710\" \/>\n\t<meta property=\"og:image:type\" content=\"image\/jpeg\" \/>\n<meta name=\"twitter:card\" content=\"summary_large_image\" \/>\n<meta name=\"twitter:label1\" content=\"Ber\u00e4knad l\u00e4stid\" \/>\n\t<meta name=\"twitter:data1\" content=\"3 minuter\" \/>\n\t<meta name=\"twitter:label2\" content=\"Skriven av\" \/>\n\t<meta name=\"twitter:data2\" content=\"Pirjo\" \/>\n<script type=\"application\/ld+json\" class=\"yoast-schema-graph\">{\"@context\":\"https:\\\/\\\/schema.org\",\"@graph\":[{\"@type\":\"WebPage\",\"@id\":\"https:\\\/\\\/savutonsuomi.fi\\\/sv\\\/en-hurdan-arbetsplats-ar-rokfri\\\/\",\"url\":\"https:\\\/\\\/savutonsuomi.fi\\\/sv\\\/en-hurdan-arbetsplats-ar-rokfri\\\/\",\"name\":\"En hurdan arbetsplats \u00e4r r\u00f6kfri? - Savuton Suomi 2030\",\"isPartOf\":{\"@id\":\"https:\\\/\\\/savutonsuomi.fi\\\/#website\"},\"primaryImageOfPage\":{\"@id\":\"https:\\\/\\\/savutonsuomi.fi\\\/sv\\\/en-hurdan-arbetsplats-ar-rokfri\\\/#primaryimage\"},\"image\":{\"@id\":\"https:\\\/\\\/savutonsuomi.fi\\\/sv\\\/en-hurdan-arbetsplats-ar-rokfri\\\/#primaryimage\"},\"thumbnailUrl\":\"https:\\\/\\\/savutonsuomi.fi\\\/wp-content\\\/uploads\\\/2017\\\/12\\\/savuton-ty\u00f6paikka_ompelija-e1513253681753.jpg\",\"datePublished\":\"2018-04-10T07:34:26+00:00\",\"dateModified\":\"2023-02-22T08:48:02+00:00\",\"breadcrumb\":{\"@id\":\"https:\\\/\\\/savutonsuomi.fi\\\/sv\\\/en-hurdan-arbetsplats-ar-rokfri\\\/#breadcrumb\"},\"inLanguage\":\"sv-SE\",\"potentialAction\":[{\"@type\":\"ReadAction\",\"target\":[\"https:\\\/\\\/savutonsuomi.fi\\\/sv\\\/en-hurdan-arbetsplats-ar-rokfri\\\/\"]}]},{\"@type\":\"ImageObject\",\"inLanguage\":\"sv-SE\",\"@id\":\"https:\\\/\\\/savutonsuomi.fi\\\/sv\\\/en-hurdan-arbetsplats-ar-rokfri\\\/#primaryimage\",\"url\":\"https:\\\/\\\/savutonsuomi.fi\\\/wp-content\\\/uploads\\\/2017\\\/12\\\/savuton-ty\u00f6paikka_ompelija-e1513253681753.jpg\",\"contentUrl\":\"https:\\\/\\\/savutonsuomi.fi\\\/wp-content\\\/uploads\\\/2017\\\/12\\\/savuton-ty\u00f6paikka_ompelija-e1513253681753.jpg\",\"width\":2000,\"height\":710,\"caption\":\"Savuton ty\u00f6paikka, ompelija\"},{\"@type\":\"BreadcrumbList\",\"@id\":\"https:\\\/\\\/savutonsuomi.fi\\\/sv\\\/en-hurdan-arbetsplats-ar-rokfri\\\/#breadcrumb\",\"itemListElement\":[{\"@type\":\"ListItem\",\"position\":1,\"name\":\"Home\",\"item\":\"https:\\\/\\\/savutonsuomi.fi\\\/sv\\\/\"},{\"@type\":\"ListItem\",\"position\":2,\"name\":\"En hurdan arbetsplats \u00e4r r\u00f6kfri?\"}]},{\"@type\":\"WebSite\",\"@id\":\"https:\\\/\\\/savutonsuomi.fi\\\/#website\",\"url\":\"https:\\\/\\\/savutonsuomi.fi\\\/\",\"name\":\"Savuton Suomi 2030\",\"description\":\"\",\"potentialAction\":[{\"@type\":\"SearchAction\",\"target\":{\"@type\":\"EntryPoint\",\"urlTemplate\":\"https:\\\/\\\/savutonsuomi.fi\\\/?s={search_term_string}\"},\"query-input\":{\"@type\":\"PropertyValueSpecification\",\"valueRequired\":true,\"valueName\":\"search_term_string\"}}],\"inLanguage\":\"sv-SE\"}]}<\/script>\n<!-- \/ Yoast SEO plugin. -->","yoast_head_json":{"title":"En hurdan arbetsplats \u00e4r r\u00f6kfri? - Savuton Suomi 2030 | Suomen ASH ry","robots":{"index":"index","follow":"follow","max-snippet":"max-snippet:-1","max-image-preview":"max-image-preview:large","max-video-preview":"max-video-preview:-1"},"canonical":"https:\/\/savutonsuomi.fi\/sv\/en-hurdan-arbetsplats-ar-rokfri\/","og_locale":"sv_SE","og_type":"article","og_title":"En hurdan arbetsplats \u00e4r r\u00f6kfri? - Savuton Suomi 2030","og_description":"En hurdan arbetsplats \u00e4r r\u00f6kfri? Kan man anv\u00e4nda nikotiners\u00e4ttningsprodukter (tuggummi, pl\u00e5ster m.m.) p\u00e5 en r\u00f6kfri arbetsplats? Ja det kan man.... View Article","og_url":"https:\/\/savutonsuomi.fi\/sv\/en-hurdan-arbetsplats-ar-rokfri\/","og_site_name":"Savuton Suomi 2030","article_modified_time":"2023-02-22T08:48:02+00:00","og_image":[{"width":2000,"height":710,"url":"https:\/\/savutonsuomi.fi\/wp-content\/uploads\/2017\/12\/savuton-ty\u00f6paikka_ompelija-e1513253681753.jpg","type":"image\/jpeg"}],"twitter_card":"summary_large_image","twitter_misc":{"Ber\u00e4knad l\u00e4stid":"3 minuter","Skriven av":"Pirjo"},"schema":{"@context":"https:\/\/schema.org","@graph":[{"@type":"WebPage","@id":"https:\/\/savutonsuomi.fi\/sv\/en-hurdan-arbetsplats-ar-rokfri\/","url":"https:\/\/savutonsuomi.fi\/sv\/en-hurdan-arbetsplats-ar-rokfri\/","name":"En hurdan arbetsplats \u00e4r r\u00f6kfri? - Savuton Suomi 2030","isPartOf":{"@id":"https:\/\/savutonsuomi.fi\/#website"},"primaryImageOfPage":{"@id":"https:\/\/savutonsuomi.fi\/sv\/en-hurdan-arbetsplats-ar-rokfri\/#primaryimage"},"image":{"@id":"https:\/\/savutonsuomi.fi\/sv\/en-hurdan-arbetsplats-ar-rokfri\/#primaryimage"},"thumbnailUrl":"https:\/\/savutonsuomi.fi\/wp-content\/uploads\/2017\/12\/savuton-ty\u00f6paikka_ompelija-e1513253681753.jpg","datePublished":"2018-04-10T07:34:26+00:00","dateModified":"2023-02-22T08:48:02+00:00","breadcrumb":{"@id":"https:\/\/savutonsuomi.fi\/sv\/en-hurdan-arbetsplats-ar-rokfri\/#breadcrumb"},"inLanguage":"sv-SE","potentialAction":[{"@type":"ReadAction","target":["https:\/\/savutonsuomi.fi\/sv\/en-hurdan-arbetsplats-ar-rokfri\/"]}]},{"@type":"ImageObject","inLanguage":"sv-SE","@id":"https:\/\/savutonsuomi.fi\/sv\/en-hurdan-arbetsplats-ar-rokfri\/#primaryimage","url":"https:\/\/savutonsuomi.fi\/wp-content\/uploads\/2017\/12\/savuton-ty\u00f6paikka_ompelija-e1513253681753.jpg","contentUrl":"https:\/\/savutonsuomi.fi\/wp-content\/uploads\/2017\/12\/savuton-ty\u00f6paikka_ompelija-e1513253681753.jpg","width":2000,"height":710,"caption":"Savuton ty\u00f6paikka, ompelija"},{"@type":"BreadcrumbList","@id":"https:\/\/savutonsuomi.fi\/sv\/en-hurdan-arbetsplats-ar-rokfri\/#breadcrumb","itemListElement":[{"@type":"ListItem","position":1,"name":"Home","item":"https:\/\/savutonsuomi.fi\/sv\/"},{"@type":"ListItem","position":2,"name":"En hurdan arbetsplats \u00e4r r\u00f6kfri?"}]},{"@type":"WebSite","@id":"https:\/\/savutonsuomi.fi\/#website","url":"https:\/\/savutonsuomi.fi\/","name":"Savuton Suomi 2030","description":"","potentialAction":[{"@type":"SearchAction","target":{"@type":"EntryPoint","urlTemplate":"https:\/\/savutonsuomi.fi\/?s={search_term_string}"},"query-input":{"@type":"PropertyValueSpecification","valueRequired":true,"valueName":"search_term_string"}}],"inLanguage":"sv-SE"}]}},"_links":{"self":[{"href":"https:\/\/savutonsuomi.fi\/sv\/wp-json\/wp\/v2\/pages\/1449","targetHints":{"allow":["GET"]}}],"collection":[{"href":"https:\/\/savutonsuomi.fi\/sv\/wp-json\/wp\/v2\/pages"}],"about":[{"href":"https:\/\/savutonsuomi.fi\/sv\/wp-json\/wp\/v2\/types\/page"}],"author":[{"embeddable":true,"href":"https:\/\/savutonsuomi.fi\/sv\/wp-json\/wp\/v2\/users\/5"}],"replies":[{"embeddable":true,"href":"https:\/\/savutonsuomi.fi\/sv\/wp-json\/wp\/v2\/comments?post=1449"}],"version-history":[{"count":2,"href":"https:\/\/savutonsuomi.fi\/sv\/wp-json\/wp\/v2\/pages\/1449\/revisions"}],"predecessor-version":[{"id":1452,"href":"https:\/\/savutonsuomi.fi\/sv\/wp-json\/wp\/v2\/pages\/1449\/revisions\/1452"}],"wp:featuredmedia":[{"embeddable":true,"href":"https:\/\/savutonsuomi.fi\/sv\/wp-json\/wp\/v2\/media\/856"}],"wp:attachment":[{"href":"https:\/\/savutonsuomi.fi\/sv\/wp-json\/wp\/v2\/media?parent=1449"}],"wp:term":[{"taxonomy":"category","embeddable":true,"href":"https:\/\/savutonsuomi.fi\/sv\/wp-json\/wp\/v2\/categories?post=1449"},{"taxonomy":"post_tag","embeddable":true,"href":"https:\/\/savutonsuomi.fi\/sv\/wp-json\/wp\/v2\/tags?post=1449"},{"taxonomy":"author","embeddable":true,"href":"https:\/\/savutonsuomi.fi\/sv\/wp-json\/wp\/v2\/coauthors?post=1449"}],"curies":[{"name":"wp","href":"https:\/\/api.w.org\/{rel}","templated":true}]}}