{"id":1388,"date":"2018-04-06T11:29:47","date_gmt":"2018-04-06T09:29:47","guid":{"rendered":"https:\/\/savutonsuomi.upcloud-1.web-veistamo.fi\/?page_id=1388"},"modified":"2025-08-08T14:17:25","modified_gmt":"2025-08-08T11:17:25","slug":"tobakslagen","status":"publish","type":"page","link":"https:\/\/savutonsuomi.fi\/sv\/tobakslagen\/","title":{"rendered":"Tobakslagen"},"content":{"rendered":"\n<div class=\"main-and-sidebar-container\">\n<div class=\"main-content\">\n<h1 class=\"page-title\">\n                        Tobakslagen                    <\/h1>\n<p>                    <strong>Syftet med tobakslagen \u00e4r att bruket av tobaks- och nikotinprodukter ska upph\u00f6ra till 2030. H\u00e4r f\u00f6ljer en kort sammanfattning av lagen.<\/strong><\/p>\n<h3>Detaljhandelsf\u00f6rpackningar f\u00f6r tobaksprodukter<\/h3>\n<p>Tobaksf\u00f6rpackningarna kan inte ha f\u00f6r exempelt varum\u00e4rkes logotyper, och de m\u00e5ste ha bara en f\u00e4rg. F\u00f6rpackningarna har text- och bildvarningar som t\u00e4cker minst 65 procent av askens fram- och bakyta. \u00c4ven elcigaretter ska m\u00e4rkas med h\u00e4lsovarningar, om \u00e4n annorlunda \u00e4n tobaksf\u00f6rpackningar.<\/p>\n<p>F\u00f6rpackningar f\u00f6r r\u00f6kfria nikotinprodukter m\u00e5ste ocks\u00e5 ha h\u00e4lsovarningar p\u00e5 finska och svenska. R\u00f6kfria nikotinprodukter och deras f\u00f6rpackningar m\u00e5ste ha ett enhetligt utseende och f\u00e5r inte ha n\u00e5gra varum\u00e4rkes logotyper. Reglerna tr\u00e4der i kraft 2026.<\/p>\n<h3>Tobaksprodukter i detaljhandeln<\/h3>\n<p>Tobaksprodukter f\u00e5r inte h\u00e5llas synliga i detaljhandeln. F\u00f6rbudet g\u00e4ller \u00e4ven r\u00f6ktillbeh\u00f6r som \u00e4r avsedda f\u00f6r uppv\u00e4rmning av tobaksprodukter.<\/p>\n<h3>F\u00f6rbud av karakteristiska smaker och dofter<\/h3>\n<p>Tillsatser och smaker f\u00e5r inte anv\u00e4ndas i cigaretter och rulltobak i s\u00e5dana m\u00e4ngder att de ger produkten en annan doft eller smak \u00e4n tobak. F\u00f6rbudet g\u00e4ller ocks\u00e5 s\u00e5dana produkter som kunden kan anv\u00e4nda f\u00f6r att sj\u00e4lv \u00e4ndra tobaksprodukternas smak, till exempel smakkort. \u00c4ven i v\u00e4tskor avsedda f\u00f6r f\u00f6r\u00e5ngning \u00e4r karakteristiska smaker och dofter samt vissa tillsatser (bl.a. vitaminer och stimulerande \u00e4mnen) f\u00f6rbjudna. De karakteristiske smaker och dofter fr\u00e5n nikotinp\u00e5sar f\u00f6rbjuds 2026, med undantag f\u00f6r tobak, mynta och mentol.<\/p>\n<h3>Elcigaretter likst\u00e4lls med \u00f6vriga tobaksprodukter<\/h3>\n<p>P\u00e5 elcigarretter till\u00e4mpas samma lag som p\u00e5 andra tobaksprodukter. Till exempel m\u00e5ste b\u00e5de k\u00f6paren och f\u00f6rs\u00e4ljaren vara myndiga, f\u00f6rs\u00e4ljningen kr\u00e4ver tillst\u00e5nd, elcigaretter f\u00e5r inte marknadsf\u00f6ras, det \u00e4r f\u00f6rbjudet att l\u00e4gga fram en produkt p\u00e5 ett f\u00f6rs\u00e4ljningsst\u00e4lle och anv\u00e4ndningen \u00e4r f\u00f6rbjuden p\u00e5 samma platser d\u00e4r det \u00e4r f\u00f6rbjudet att r\u00f6ka.<\/p>\n<h3>Innehav av tobaksers\u00e4ttningar<\/h3>\n<p>Innehav av tobaksers\u00e4ttningar \u00e4r f\u00f6rbjudet f\u00f6r personer under 18 \u00e5r. Exempel p\u00e5 tobaksers\u00e4ttningar \u00e4r nikotinp\u00e5sar, e-cigaretter och energisnus.<\/p>\n<h3>Importgr\u00e4nsen f\u00f6r snus \u00e4r ett kilogram<\/h3>\n<p>En privatperson kan importera h\u00f6gst 1 000 gram r\u00f6kfria tobaksprodukter (snus, tobak f\u00f6r anv\u00e4ndning i n\u00e4san, tuggtobak) f\u00f6r eget bruk under ett dygn.<\/p>\n<h3>Gr\u00e4nser f\u00f6r import<\/h3>\n<p>En i Finland bosatt person m\u00e5ste vistas \u00f6ver 24 timmar utanf\u00f6r Finlands gr\u00e4nser f\u00f6r att kunna importera tobaksprodukter och nikotinv\u00e4tskor till elcigaretter till Finland fr\u00e5n andra \u00e4n EES-l\u00e4nder. Best\u00e4mmelsen g\u00e4ller inte flygtrafiken. \u00c4ven f\u00f6rs\u00e4ljning p\u00e5 n\u00e4tet och annan distansf\u00f6rs\u00e4ljning av tobaksprodukter och elcigaretter \u00e4r f\u00f6rbjudet.<\/p>\n<p>R\u00f6kfria nikotinprodukter f\u00e5r inte s\u00e4ljas via internet. De f\u00e5r inte heller best\u00e4llas fr\u00e5n utlandet.<\/p>\n<h3>Begr\u00e4nsning av r\u00f6kning p\u00e5 balkonger<\/h3>\n<p>Det \u00e4r m\u00f6jligt f\u00f6r bostadsaktiebolag att f\u00f6rbjuda eller begr\u00e4nsa r\u00f6kning p\u00e5 balkonger i anslutning till bost\u00e4der. <a href=\"https:\/\/suomenash.fi\/sv\/rokning-pa-balkonger\/\" target=\"_blank\" rel=\"noopener\">L\u00e4s mera<\/a><\/p>\n<h3>R\u00f6kning i bilar<\/h3>\n<p>Det \u00e4r f\u00f6rbjudet att r\u00f6ka i bilar d\u00e4r det finns ett under 15 \u00e5r gammalt barn.<\/p>\n<h3>Lekplatser, l\u00e4roanstalter och allm\u00e4nna badstr\u00e4nder<\/h3>\n<p data-start=\"117\" data-end=\"464\">Tobak, e-cigaretter, r\u00f6kfria tobaksprodukter (t.ex. snus) och r\u00f6kfria nikotinprodukter (t.ex. nicotinp\u00e5sar) f\u00e5r inte anv\u00e4ndas i daghems- eller utbildningsanstalternas inomhus- eller utomhuslokaler som ger sm\u00e5barnspedagogik, f\u00f6rskoleundervisning, grundl\u00e4ggande utbildning, yrkesutbildning eller gymnasieutbildning, och inte heller p\u00e5 lekplatser.<\/p>\n<p data-start=\"466\" data-end=\"786\">R\u00f6kning och anv\u00e4ndning av e-cigaretter \u00e4r ocks\u00e5 f\u00f6rbjudet p\u00e5 allm\u00e4nna badstr\u00e4nder. F\u00f6rbudet g\u00e4ller alltid fr\u00e5n b\u00f6rjan av maj till slutet av september. Syftet med r\u00f6kf\u00f6rbudet \u00e4r s\u00e4rskilt att skydda sm\u00e5 barn mot skadorna av passiv r\u00f6kning. Man vill ocks\u00e5 minska nedskr\u00e4pningen och de milj\u00f6problem som orsakas av r\u00f6kning.<\/p>\n<\/p><\/div>\n<div class=\"nostopalkki\">\n<h4>L\u00e4s ocks\u00e5:<\/h4>\n<p>N\u00e4tverket Ett r\u00f6kfritt Finland 2030:\u00a0<a href=\"https:\/\/savutonsuomi.fi\/sv\/natverket-ett-rokfritt-finland-2030-nasta-regering-maste-forbinda-sig-att-forverkliga-malsattningen-i-tobakslagen\/\">N\u00e4sta regering m\u00e5ste f\u00f6rbinda sig att f\u00f6rverkliga m\u00e5ls\u00e4ttningen i tobakslagen<\/a><br \/>\nFinlex: <a href=\"https:\/\/www.finlex.fi\/sv\/laki\/ajantasa\/2016\/20160549\" target=\"_blank\" rel=\"noopener\">Tobakslagen<\/a><br \/>\nASH Finland:<a href=\"https:\/\/suomenash.fi\/sv\/tobakslagen\/\" target=\"_blank\" rel=\"noopener\"> Tobakslagen<\/a><br \/>\nSHM (12.4.2023): <a href=\"https:\/\/julkaisut.valtioneuvosto.fi\/bitstream\/handle\/10024\/164844\/STM_2023_13_rap.pdf?sequence=1&amp;isAllowed=y\" target=\"_blank\" rel=\"noopener\">Utveckling av tobaks- och nikotinpolitiken: Utveckling av tobaks- och nikotinpolitiken<\/a> (pdf)<\/p>\n<h4>Mot r\u00f6kfrihet<\/h4>\n<p><strong>\u00c5r 1976<\/strong> godk\u00e4ndes en lag om \u00e5tg\u00e4rder f\u00f6r att minska r\u00f6kning.<\/p>\n<p><strong>\u00c5r 1977<\/strong> tr\u00e4dde tobakslagen i kraft den 1 mars.<\/p>\n<p><strong>\u00c5r 1978<\/strong> blev det f\u00f6rbjudet att g\u00f6ra reklam f\u00f6r tobak. Samtidigt fick askarna varningar om att r\u00f6kning \u00e4r farligt f\u00f6r h\u00e4lsan.<\/p>\n<p><strong>\u00c5r 1995<\/strong> omfattades arbetsplatserna av lagen. R\u00f6kning \u00e4r till\u00e5tet endast om tobaksr\u00f6ken inte kommer in i utrymmen d\u00e4r det \u00e4r f\u00f6rbjudet att r\u00f6ka. Restaurangerna omfattades inte av lagen. \u00c5ldersgr\u00e4nsen f\u00f6r ink\u00f6p av tobak h\u00f6jdes fr\u00e5n 16 till 18 \u00e5r.<\/p>\n<p><strong>\u00c5r 2007<\/strong> blev restaurangerna r\u00f6kfria (\u00f6verg\u00e5ngsperiod 2009). Det \u00e4r m\u00f6jligt att bygga en r\u00f6khytt med separat ventilation.<\/p>\n<p><strong>\u00c5r 2010<\/strong> satte man som m\u00e5l att bruket av tobaksprodukter ska upph\u00f6ra till \u00e5r 2040.<\/p>\n<p><strong>\u00c5r 2012<\/strong> tr\u00e4dde ett f\u00f6rbud mot att h\u00e5lla tobaksprodukter synliga p\u00e5 f\u00f6rs\u00e4ljningsst\u00e4llen i kraft.<\/p>\n<p><strong>\u00c5r 2016<\/strong> skedde en totalreform av tobakslagen. Som nytt m\u00e5l f\u00f6r tobakslagen st\u00e4lldes att bruket av tobaks- och nikotinprodukter ska upph\u00f6ra till 2030.<\/p>\n<p><strong>\u00c5r 2022<\/strong> r\u00f6fria lekplatser och badstr\u00e4nder.<\/p>\n<p><strong>\u00c5r 2023<\/strong>\u00a0 tobaksf\u00f6rpackningarna kan inte ha varum\u00e4rkes logotyper, och de m\u00e5ste ha bara en f\u00e4rg.<\/p>\n<p data-start=\"1231\" data-end=\"1372\"><strong>\u00c5r 2025<\/strong> omfattas nikotinp\u00e5sar av tobakslagen. Innehav av alla tobaksers\u00e4ttningar f\u00f6rbjuds f\u00f6r personer under 18 \u00e5r.<\/p>\n<p data-start=\"1231\" data-end=\"1372\"><strong>\u00c5r 2026<\/strong> kommer nikotinhalten och smakerna i nikotinp\u00e5sar att begr\u00e4nsas. F\u00f6rpackningar f\u00f6r r\u00f6kfria nikotinprodukter m\u00e5ste inneh\u00e5lla h\u00e4lso\u00advarningar. Utseendet p\u00e5 r\u00f6kfria nikotinprodukter och deras f\u00f6rpackningar kommer att standardiseras.<\/p>\n<\/p><\/div>\n<\/p><\/div>\n<p><!-- .main-and-sidebar-container --><\/p>\n","protected":false},"excerpt":{"rendered":"Tobakslagen Syftet med tobakslagen \u00e4r att bruket av tobaks- och nikotinprodukter ska upph\u00f6ra till 2030. H\u00e4r f\u00f6ljer en kort sammanfattning&#8230; <a class=\"view-article\" href=\"https:\/\/savutonsuomi.fi\/sv\/tobakslagen\/\">View Article<\/a>","protected":false},"author":5,"featured_media":6532,"parent":0,"menu_order":0,"comment_status":"closed","ping_status":"closed","template":"","meta":{"_acf_changed":false,"footnotes":""},"categories":[],"tags":[],"coauthors":[69],"class_list":["post-1388","page","type-page","status-publish","has-post-thumbnail","hentry"],"acf":[],"yoast_head":"<!-- This site is optimized with the Yoast SEO plugin v27.3 - https:\/\/yoast.com\/product\/yoast-seo-wordpress\/ -->\n<title>Tobakslagen - Savuton Suomi 2030 | Suomen ASH ry<\/title>\n<meta name=\"robots\" content=\"index, follow, max-snippet:-1, max-image-preview:large, max-video-preview:-1\" \/>\n<link rel=\"canonical\" href=\"https:\/\/savutonsuomi.fi\/sv\/tobakslagen\/\" \/>\n<meta property=\"og:locale\" content=\"sv_SE\" \/>\n<meta property=\"og:type\" content=\"article\" \/>\n<meta property=\"og:title\" content=\"Tobakslagen - Savuton Suomi 2030\" \/>\n<meta property=\"og:description\" content=\"Tobakslagen Syftet med tobakslagen \u00e4r att bruket av tobaks- och nikotinprodukter ska upph\u00f6ra till 2030. H\u00e4r f\u00f6ljer en kort sammanfattning... View Article\" \/>\n<meta property=\"og:url\" content=\"https:\/\/savutonsuomi.fi\/sv\/tobakslagen\/\" \/>\n<meta property=\"og:site_name\" content=\"Savuton Suomi 2030\" \/>\n<meta property=\"article:modified_time\" content=\"2025-08-08T11:17:25+00:00\" \/>\n<meta property=\"og:image\" content=\"https:\/\/savutonsuomi.fi\/wp-content\/uploads\/2023\/05\/shutterstock_1074565532-scaled.jpg\" \/>\n\t<meta property=\"og:image:width\" content=\"2560\" \/>\n\t<meta property=\"og:image:height\" content=\"911\" \/>\n\t<meta property=\"og:image:type\" content=\"image\/jpeg\" \/>\n<meta name=\"twitter:card\" content=\"summary_large_image\" \/>\n<meta name=\"twitter:label1\" content=\"Ber\u00e4knad l\u00e4stid\" \/>\n\t<meta name=\"twitter:data1\" content=\"4 minuter\" \/>\n\t<meta name=\"twitter:label2\" content=\"Skriven av\" \/>\n\t<meta name=\"twitter:data2\" content=\"Pirjo\" \/>\n<script type=\"application\/ld+json\" class=\"yoast-schema-graph\">{\"@context\":\"https:\\\/\\\/schema.org\",\"@graph\":[{\"@type\":\"WebPage\",\"@id\":\"https:\\\/\\\/savutonsuomi.fi\\\/sv\\\/tobakslagen\\\/\",\"url\":\"https:\\\/\\\/savutonsuomi.fi\\\/sv\\\/tobakslagen\\\/\",\"name\":\"Tobakslagen - Savuton Suomi 2030\",\"isPartOf\":{\"@id\":\"https:\\\/\\\/savutonsuomi.fi\\\/#website\"},\"primaryImageOfPage\":{\"@id\":\"https:\\\/\\\/savutonsuomi.fi\\\/sv\\\/tobakslagen\\\/#primaryimage\"},\"image\":{\"@id\":\"https:\\\/\\\/savutonsuomi.fi\\\/sv\\\/tobakslagen\\\/#primaryimage\"},\"thumbnailUrl\":\"https:\\\/\\\/savutonsuomi.fi\\\/wp-content\\\/uploads\\\/2023\\\/05\\\/shutterstock_1074565532-scaled.jpg\",\"datePublished\":\"2018-04-06T09:29:47+00:00\",\"dateModified\":\"2025-08-08T11:17:25+00:00\",\"breadcrumb\":{\"@id\":\"https:\\\/\\\/savutonsuomi.fi\\\/sv\\\/tobakslagen\\\/#breadcrumb\"},\"inLanguage\":\"sv-SE\",\"potentialAction\":[{\"@type\":\"ReadAction\",\"target\":[\"https:\\\/\\\/savutonsuomi.fi\\\/sv\\\/tobakslagen\\\/\"]}]},{\"@type\":\"ImageObject\",\"inLanguage\":\"sv-SE\",\"@id\":\"https:\\\/\\\/savutonsuomi.fi\\\/sv\\\/tobakslagen\\\/#primaryimage\",\"url\":\"https:\\\/\\\/savutonsuomi.fi\\\/wp-content\\\/uploads\\\/2023\\\/05\\\/shutterstock_1074565532-scaled.jpg\",\"contentUrl\":\"https:\\\/\\\/savutonsuomi.fi\\\/wp-content\\\/uploads\\\/2023\\\/05\\\/shutterstock_1074565532-scaled.jpg\",\"width\":2560,\"height\":911},{\"@type\":\"BreadcrumbList\",\"@id\":\"https:\\\/\\\/savutonsuomi.fi\\\/sv\\\/tobakslagen\\\/#breadcrumb\",\"itemListElement\":[{\"@type\":\"ListItem\",\"position\":1,\"name\":\"Home\",\"item\":\"https:\\\/\\\/savutonsuomi.fi\\\/sv\\\/\"},{\"@type\":\"ListItem\",\"position\":2,\"name\":\"Tobakslagen\"}]},{\"@type\":\"WebSite\",\"@id\":\"https:\\\/\\\/savutonsuomi.fi\\\/#website\",\"url\":\"https:\\\/\\\/savutonsuomi.fi\\\/\",\"name\":\"Savuton Suomi 2030\",\"description\":\"\",\"potentialAction\":[{\"@type\":\"SearchAction\",\"target\":{\"@type\":\"EntryPoint\",\"urlTemplate\":\"https:\\\/\\\/savutonsuomi.fi\\\/?s={search_term_string}\"},\"query-input\":{\"@type\":\"PropertyValueSpecification\",\"valueRequired\":true,\"valueName\":\"search_term_string\"}}],\"inLanguage\":\"sv-SE\"}]}<\/script>\n<!-- \/ Yoast SEO plugin. -->","yoast_head_json":{"title":"Tobakslagen - Savuton Suomi 2030 | Suomen ASH ry","robots":{"index":"index","follow":"follow","max-snippet":"max-snippet:-1","max-image-preview":"max-image-preview:large","max-video-preview":"max-video-preview:-1"},"canonical":"https:\/\/savutonsuomi.fi\/sv\/tobakslagen\/","og_locale":"sv_SE","og_type":"article","og_title":"Tobakslagen - Savuton Suomi 2030","og_description":"Tobakslagen Syftet med tobakslagen \u00e4r att bruket av tobaks- och nikotinprodukter ska upph\u00f6ra till 2030. H\u00e4r f\u00f6ljer en kort sammanfattning... View Article","og_url":"https:\/\/savutonsuomi.fi\/sv\/tobakslagen\/","og_site_name":"Savuton Suomi 2030","article_modified_time":"2025-08-08T11:17:25+00:00","og_image":[{"width":2560,"height":911,"url":"https:\/\/savutonsuomi.fi\/wp-content\/uploads\/2023\/05\/shutterstock_1074565532-scaled.jpg","type":"image\/jpeg"}],"twitter_card":"summary_large_image","twitter_misc":{"Ber\u00e4knad l\u00e4stid":"4 minuter","Skriven av":"Pirjo"},"schema":{"@context":"https:\/\/schema.org","@graph":[{"@type":"WebPage","@id":"https:\/\/savutonsuomi.fi\/sv\/tobakslagen\/","url":"https:\/\/savutonsuomi.fi\/sv\/tobakslagen\/","name":"Tobakslagen - Savuton Suomi 2030","isPartOf":{"@id":"https:\/\/savutonsuomi.fi\/#website"},"primaryImageOfPage":{"@id":"https:\/\/savutonsuomi.fi\/sv\/tobakslagen\/#primaryimage"},"image":{"@id":"https:\/\/savutonsuomi.fi\/sv\/tobakslagen\/#primaryimage"},"thumbnailUrl":"https:\/\/savutonsuomi.fi\/wp-content\/uploads\/2023\/05\/shutterstock_1074565532-scaled.jpg","datePublished":"2018-04-06T09:29:47+00:00","dateModified":"2025-08-08T11:17:25+00:00","breadcrumb":{"@id":"https:\/\/savutonsuomi.fi\/sv\/tobakslagen\/#breadcrumb"},"inLanguage":"sv-SE","potentialAction":[{"@type":"ReadAction","target":["https:\/\/savutonsuomi.fi\/sv\/tobakslagen\/"]}]},{"@type":"ImageObject","inLanguage":"sv-SE","@id":"https:\/\/savutonsuomi.fi\/sv\/tobakslagen\/#primaryimage","url":"https:\/\/savutonsuomi.fi\/wp-content\/uploads\/2023\/05\/shutterstock_1074565532-scaled.jpg","contentUrl":"https:\/\/savutonsuomi.fi\/wp-content\/uploads\/2023\/05\/shutterstock_1074565532-scaled.jpg","width":2560,"height":911},{"@type":"BreadcrumbList","@id":"https:\/\/savutonsuomi.fi\/sv\/tobakslagen\/#breadcrumb","itemListElement":[{"@type":"ListItem","position":1,"name":"Home","item":"https:\/\/savutonsuomi.fi\/sv\/"},{"@type":"ListItem","position":2,"name":"Tobakslagen"}]},{"@type":"WebSite","@id":"https:\/\/savutonsuomi.fi\/#website","url":"https:\/\/savutonsuomi.fi\/","name":"Savuton Suomi 2030","description":"","potentialAction":[{"@type":"SearchAction","target":{"@type":"EntryPoint","urlTemplate":"https:\/\/savutonsuomi.fi\/?s={search_term_string}"},"query-input":{"@type":"PropertyValueSpecification","valueRequired":true,"valueName":"search_term_string"}}],"inLanguage":"sv-SE"}]}},"_links":{"self":[{"href":"https:\/\/savutonsuomi.fi\/sv\/wp-json\/wp\/v2\/pages\/1388","targetHints":{"allow":["GET"]}}],"collection":[{"href":"https:\/\/savutonsuomi.fi\/sv\/wp-json\/wp\/v2\/pages"}],"about":[{"href":"https:\/\/savutonsuomi.fi\/sv\/wp-json\/wp\/v2\/types\/page"}],"author":[{"embeddable":true,"href":"https:\/\/savutonsuomi.fi\/sv\/wp-json\/wp\/v2\/users\/5"}],"replies":[{"embeddable":true,"href":"https:\/\/savutonsuomi.fi\/sv\/wp-json\/wp\/v2\/comments?post=1388"}],"version-history":[{"count":10,"href":"https:\/\/savutonsuomi.fi\/sv\/wp-json\/wp\/v2\/pages\/1388\/revisions"}],"predecessor-version":[{"id":9086,"href":"https:\/\/savutonsuomi.fi\/sv\/wp-json\/wp\/v2\/pages\/1388\/revisions\/9086"}],"wp:featuredmedia":[{"embeddable":true,"href":"https:\/\/savutonsuomi.fi\/sv\/wp-json\/wp\/v2\/media\/6532"}],"wp:attachment":[{"href":"https:\/\/savutonsuomi.fi\/sv\/wp-json\/wp\/v2\/media?parent=1388"}],"wp:term":[{"taxonomy":"category","embeddable":true,"href":"https:\/\/savutonsuomi.fi\/sv\/wp-json\/wp\/v2\/categories?post=1388"},{"taxonomy":"post_tag","embeddable":true,"href":"https:\/\/savutonsuomi.fi\/sv\/wp-json\/wp\/v2\/tags?post=1388"},{"taxonomy":"author","embeddable":true,"href":"https:\/\/savutonsuomi.fi\/sv\/wp-json\/wp\/v2\/coauthors?post=1388"}],"curies":[{"name":"wp","href":"https:\/\/api.w.org\/{rel}","templated":true}]}}