{"id":1332,"date":"2018-04-06T09:24:12","date_gmt":"2018-04-06T07:24:12","guid":{"rendered":"https:\/\/savutonsuomi.upcloud-1.web-veistamo.fi\/?page_id=1332"},"modified":"2025-12-26T13:46:03","modified_gmt":"2025-12-26T11:46:03","slug":"detta-gor-vi","status":"publish","type":"page","link":"https:\/\/savutonsuomi.fi\/sv\/detta-gor-vi\/","title":{"rendered":"Detta g\u00f6r vi"},"content":{"rendered":"            <div class=\"main-and-sidebar-container\">\n                <div class=\"main-content\">\n                    <h1 class=\"page-title\">\n                        Detta g\u00f6r vi                    <\/h1>\n                    <p><strong>Sloganen f\u00f6r n\u00e4tverket Ett r\u00f6kfritt Finland 2030, tillsammans mot r\u00f6kfrihet, ber\u00e4ttar vad vi g\u00f6r: fr\u00e4mjar r\u00f6kfrihet och nikotinfrihet som samarbete.<\/strong><\/p>\n<p>N\u00e4tverkets verksamhet startade \u00e5r 2008 och f\u00f6r tillf\u00e4llet har det 26 medlemmar som alla fr\u00e4mjar r\u00f6kfrihet p\u00e5 m\u00e5nga olika s\u00e4tt ocks\u00e5 inom sin egen verksamhet. Tillsammans h\u00f6rs och syns v\u00e5rt budskap b\u00e4ttre.<\/p>\n<p>Vi ordnar evenemang och temadagar (bl.a. Ett r\u00f6kfritt Finland-dagen), utf\u00e4rdar utl\u00e5tanden, g\u00f6r st\u00e4llningstaganden, utarbetar initiativ och meddelanden samt lyfter fram goda sidor med r\u00f6kfrihet p\u00e5 andra s\u00e4tt. Med v\u00e5r verksamhet st\u00f6der vi m\u00e5len i tobakslagen, som \u00e4r att tobaks- och nikotinprodukter inte ska anv\u00e4ndas efter \u00e5r 2030.<\/p>\n<h3>V\u00e5ra strategiska riktlinjer 2023\u20132025<\/h3>\n<ul>\n<li>I v\u00e5r verksamhet betonar vi nikotinfrihetens f\u00f6rdelar \u00e4ven f\u00f6r att n\u00e5 m\u00e5len om h\u00e5llbar utveckling.<\/li>\n<li>Vi framh\u00e4ver f\u00f6rb\u00e4ttringen och tillg\u00e4ngligheten av tj\u00e4nster f\u00f6r avv\u00e4njning fr\u00e5n tobak och nikotinprodukter, samt de h\u00e4lsom\u00e4ssiga och ekonomiska f\u00f6rdelarna som kan uppn\u00e5s genom dem.<\/li>\n<li>Vi fr\u00e4mjar proaktiv reglering av nya tobaks- och nikotinprodukter.<\/li>\n<\/ul>\n<h3>\u00c5r 2025<\/h3>\n<ul>\n<li>Vi st\u00f6der genomf\u00f6randet av f\u00f6rslagen fr\u00e5n arbetsgruppen f\u00f6r utveckling av tobaks- och nikotinpolitiken s\u00e4rskilt i f\u00f6ljande punkterna:\n<ul>\n<li>H\u00f6jningen av \u00e5ldersgr\u00e4nsen f\u00f6r att k\u00f6pa tobak och nikotinprodukter till 20 \u00e5r<\/li>\n<li>Att betona vikten av att f\u00f6rebygga ungas anv\u00e4ndning av nikotinprodukter och att skapa nikotinfria milj\u00f6er<\/li>\n<li>Att begr\u00e4nsa f\u00f6rs\u00e4ljningsplatserna och marknadsf\u00f6ringen av tobaks- och nikotinprodukter.<\/li>\n<\/ul>\n<\/li>\n<li>Vi p\u00e5verkar att h\u00f6gkvalitativ nikotinberoendebehandling, \u00e4ven f\u00f6r unga, blir en fast och l\u00e4ttillg\u00e4nglig del av v\u00e4lf\u00e4rdsomr\u00e5denas tj\u00e4nster.<\/li>\n<li>Vi p\u00e5verkar att proaktiv h\u00e4nsyn tas till nya produkter n\u00e4r tobaks- och nikotinpolicyn utvecklas.<\/li>\n<\/ul>\n<h3>\u00a0<\/h3>\n<h3>I n\u00e4tverket Ett r\u00f6kfritt Finland medverkar<strong><br \/><\/strong><\/h3>\n<p><a href=\"https:\/\/www.allergia.fi\">Allergi-, Hud- och Astmaf\u00f6rbundet<\/a>, <a href=\"https:\/\/www.ttl.fi\/sv\/\" target=\"_blank\" rel=\"noopener noreferrer\">Arbetsh\u00e4lsoinstitutet, <\/a><a href=\"http:\/\/www.suomenash.fi\/sv\/\" target=\"_blank\" rel=\"noopener noreferrer\">ASH Finland<\/a><a href=\"https:\/\/www.ttl.fi\/sv\/\">, <\/a><a href=\"https:\/\/www.cancerforeningen.fi\/organisationen\/cancerforeningen-i-finland\/\" target=\"_blank\" rel=\"noopener noreferrer\">Cancerf\u00f6reningen i Finland<\/a><a href=\"https:\/\/www.ttl.fi\/sv\/\">, <\/a><a href=\"https:\/\/www.laakariliitto.fi\/sv\/\" target=\"_blank\" rel=\"noopener noreferrer\">Finlands L\u00e4karf\u00f6rbund<\/a><a href=\"https:\/\/www.ttl.fi\/sv\/\"> , <\/a><a href=\"https:\/\/www.hammaslaakariliitto.fi\/sv#.Xd5ntegzY2w\" target=\"_blank\" rel=\"noopener noreferrer\">Finlands Tandl\u00e4karf\u00f6rbund, <\/a><a href=\"https:\/\/www.duodecim.fi\/svenska\/\" target=\"_blank\" rel=\"noopener noreferrer\">Finska L\u00e4karf\u00f6reningen Duodecim<\/a><a href=\"https:\/\/www.hammaslaakariliitto.fi\/sv#.Xd5ntegzY2w\" target=\"_blank\" rel=\"noopener noreferrer\">,<\/a> <a href=\"https:\/\/surefire.fi\/web\/\" target=\"_blank\" rel=\"noopener noreferrer\">Finlands Rektorer rf<\/a>, <a href=\"http:\/\/www.ehyt.fi\/sv\" target=\"_blank\" rel=\"noopener noreferrer\">F\u00f6reningen f\u00f6r f\u00f6rebyggande rusmedelsarbete (EHYT rf)<\/a>,\u00a0<a href=\"http:\/\/www.etraliitto.fi\/svenska\/\" target=\"_blank\" rel=\"noopener noreferrer\">ETRA-liitto ry<\/a>,\u00a0<a href=\"http:\/\/www.filha.fi\/sv\" target=\"_blank\" rel=\"noopener noreferrer\">Filha ry<\/a>,\u00a0<a href=\"https:\/\/www.hengitysliitto.fi\/\" target=\"_blank\" rel=\"noopener noreferrer\">Hengitysliitto ry<\/a>,\u00a0<span class=\"\"><a href=\"http:\/\/www.hus.fi\/sv\/om-hns\/sjukvardsomraden\/hucs\/HUCS-Hjart-och-lungcentrum\/Sidor\/default.aspx\" target=\"_blank\" rel=\"noopener noreferrer\">HUCS Hj\u00e4rt- och lungcentrum<\/a>, <a href=\"https:\/\/thl.fi\/sv\/web\/thlfi-sv\" target=\"_blank\" rel=\"noopener noreferrer\">Institutet f\u00f6r h\u00e4lsa och v\u00e4lf\u00e4rd THL<\/a>,\u00a0<\/span><a href=\"http:\/\/sakasti.evl.fi\/sacrista.nsf\/sp?open&amp;cid=Content1997F\" target=\"_blank\" rel=\"noopener noreferrer\">Kyrkans centralf\u00f6rvaltning<\/a>, <a href=\"https:\/\/www.liito.fi\/\" target=\"_blank\" rel=\"noopener noreferrer\">Liikunnan ja Terveystiedon Opettajat ry<\/a>, <a href=\"https:\/\/www.datsuomi.fi\/\" target=\"_blank\" rel=\"noopener noreferrer\">L\u00e4\u00e4k\u00e4rit tupakkaa vastaan -verkosto (Doctors Against Tobacco DAT)<\/a>, <a href=\"https:\/\/www.pkkansanterveys.fi\/\" target=\"_blank\" rel=\"noopener noreferrer\">Pohjois-Karjalan kansanterveyden keskus<\/a>, <a href=\"https:\/\/www.soste.fi\/soste\/soste-pa-svenska.html\" target=\"_blank\" rel=\"noopener noreferrer\">SOSTE Finlands social och h\u00e4lsa rf<\/a>, <a href=\"https:\/\/www.fincardio.fi\/\" target=\"_blank\" rel=\"noopener noreferrer\">Suomen Kardiologinen Seura<\/a>, <a href=\"http:\/\/skly.fi\/\" target=\"_blank\" rel=\"noopener noreferrer\">Suomen Keuhkol\u00e4\u00e4k\u00e4riyhdistys ry<\/a>,\u00a0<a href=\"https:\/\/sydanliitto.fi\/\" target=\"_blank\" rel=\"noopener noreferrer\">Suomen Syd\u00e4nliitto ry<\/a>, <a href=\"https:\/\/luustoliitto.fi\/pa-svenska\/\" target=\"_blank\" rel=\"noopener noreferrer\">Suomen Luustoliitto<\/a>, <a href=\"https:\/\/www.oaj.fi\/sv\/\" target=\"_blank\" rel=\"noopener noreferrer\">Undervisningssektorns Fackorganisation OAJ\u00a0<\/a><\/p>\n\n\n<p><\/p>\n                <\/div>\n\n                                    <div class=\"nostopalkki\">\n                                                <h4>Vision<\/h4>\n<p>Ett r\u00f6kfritt Finland 2030.<\/p>\n<p>Under fem procent av befolkningen i arbetsf\u00f6r \u00e5lder anv\u00e4nder tobaks- och andra icke-medicinska nikotinprodukter.<\/p>\n                    <\/div>\n                            <\/div><!-- .main-and-sidebar-container -->\n        ","protected":false},"excerpt":{"rendered":"Detta g\u00f6r vi Sloganen f\u00f6r n\u00e4tverket Ett r\u00f6kfritt Finland 2030, tillsammans mot r\u00f6kfrihet, ber\u00e4ttar vad vi g\u00f6r: fr\u00e4mjar r\u00f6kfrihet och&#8230; <a class=\"view-article\" href=\"https:\/\/savutonsuomi.fi\/sv\/detta-gor-vi\/\">View Article<\/a>","protected":false},"author":2,"featured_media":789,"parent":0,"menu_order":0,"comment_status":"closed","ping_status":"closed","template":"","meta":{"_acf_changed":false,"footnotes":""},"categories":[],"tags":[],"coauthors":[64],"class_list":["post-1332","page","type-page","status-publish","has-post-thumbnail","hentry"],"acf":[],"yoast_head":"<!-- This site is optimized with the Yoast SEO plugin v27.3 - https:\/\/yoast.com\/product\/yoast-seo-wordpress\/ -->\n<title>Detta g\u00f6r vi - Savuton Suomi 2030 | Suomen ASH ry<\/title>\n<meta name=\"description\" content=\"Sloganen f\u00f6r n\u00e4tverket Ett r\u00f6kfritt Finland 2030, tillsammans mot r\u00f6kfrihet, ber\u00e4ttar vad vi g\u00f6r: fr\u00e4mjar r\u00f6kfrihet och nikotinfrihet som samarbete.\" \/>\n<meta name=\"robots\" content=\"index, follow, max-snippet:-1, max-image-preview:large, max-video-preview:-1\" \/>\n<link rel=\"canonical\" href=\"https:\/\/savutonsuomi.fi\/sv\/detta-gor-vi\/\" \/>\n<meta property=\"og:locale\" content=\"sv_SE\" \/>\n<meta property=\"og:type\" content=\"article\" \/>\n<meta property=\"og:title\" content=\"Detta g\u00f6r vi - Savuton Suomi 2030\" \/>\n<meta property=\"og:description\" content=\"Sloganen f\u00f6r n\u00e4tverket Ett r\u00f6kfritt Finland 2030, tillsammans mot r\u00f6kfrihet, ber\u00e4ttar vad vi g\u00f6r: fr\u00e4mjar r\u00f6kfrihet och nikotinfrihet som samarbete.\" \/>\n<meta property=\"og:url\" content=\"https:\/\/savutonsuomi.fi\/sv\/detta-gor-vi\/\" \/>\n<meta property=\"og:site_name\" content=\"Savuton Suomi 2030\" \/>\n<meta property=\"article:modified_time\" content=\"2025-12-26T11:46:03+00:00\" \/>\n<meta property=\"og:image\" content=\"https:\/\/savutonsuomi.fi\/wp-content\/uploads\/2017\/12\/savuton-suomi_etusivu-e1513320528864.jpg\" \/>\n\t<meta property=\"og:image:width\" content=\"2000\" \/>\n\t<meta property=\"og:image:height\" content=\"1145\" \/>\n\t<meta property=\"og:image:type\" content=\"image\/jpeg\" \/>\n<meta name=\"twitter:card\" content=\"summary_large_image\" \/>\n<meta name=\"twitter:label1\" content=\"Ber\u00e4knad l\u00e4stid\" \/>\n\t<meta name=\"twitter:data1\" content=\"3 minuter\" \/>\n\t<meta name=\"twitter:label2\" content=\"Skriven av\" \/>\n\t<meta name=\"twitter:data2\" content=\"sasuadmin\" \/>\n<script type=\"application\/ld+json\" class=\"yoast-schema-graph\">{\"@context\":\"https:\\\/\\\/schema.org\",\"@graph\":[{\"@type\":\"WebPage\",\"@id\":\"https:\\\/\\\/savutonsuomi.fi\\\/sv\\\/detta-gor-vi\\\/\",\"url\":\"https:\\\/\\\/savutonsuomi.fi\\\/sv\\\/detta-gor-vi\\\/\",\"name\":\"Detta g\u00f6r vi - Savuton Suomi 2030\",\"isPartOf\":{\"@id\":\"https:\\\/\\\/savutonsuomi.fi\\\/#website\"},\"primaryImageOfPage\":{\"@id\":\"https:\\\/\\\/savutonsuomi.fi\\\/sv\\\/detta-gor-vi\\\/#primaryimage\"},\"image\":{\"@id\":\"https:\\\/\\\/savutonsuomi.fi\\\/sv\\\/detta-gor-vi\\\/#primaryimage\"},\"thumbnailUrl\":\"https:\\\/\\\/savutonsuomi.fi\\\/wp-content\\\/uploads\\\/2017\\\/12\\\/savuton-suomi_etusivu-e1513320528864.jpg\",\"datePublished\":\"2018-04-06T07:24:12+00:00\",\"dateModified\":\"2025-12-26T11:46:03+00:00\",\"description\":\"Sloganen f\u00f6r n\u00e4tverket Ett r\u00f6kfritt Finland 2030, tillsammans mot r\u00f6kfrihet, ber\u00e4ttar vad vi g\u00f6r: fr\u00e4mjar r\u00f6kfrihet och nikotinfrihet som samarbete.\",\"breadcrumb\":{\"@id\":\"https:\\\/\\\/savutonsuomi.fi\\\/sv\\\/detta-gor-vi\\\/#breadcrumb\"},\"inLanguage\":\"sv-SE\",\"potentialAction\":[{\"@type\":\"ReadAction\",\"target\":[\"https:\\\/\\\/savutonsuomi.fi\\\/sv\\\/detta-gor-vi\\\/\"]}]},{\"@type\":\"ImageObject\",\"inLanguage\":\"sv-SE\",\"@id\":\"https:\\\/\\\/savutonsuomi.fi\\\/sv\\\/detta-gor-vi\\\/#primaryimage\",\"url\":\"https:\\\/\\\/savutonsuomi.fi\\\/wp-content\\\/uploads\\\/2017\\\/12\\\/savuton-suomi_etusivu-e1513320528864.jpg\",\"contentUrl\":\"https:\\\/\\\/savutonsuomi.fi\\\/wp-content\\\/uploads\\\/2017\\\/12\\\/savuton-suomi_etusivu-e1513320528864.jpg\",\"width\":2000,\"height\":1145,\"caption\":\"Savuton Suomi 2030 -etusivukuva. Lapsi ja \u00e4iti.\"},{\"@type\":\"BreadcrumbList\",\"@id\":\"https:\\\/\\\/savutonsuomi.fi\\\/sv\\\/detta-gor-vi\\\/#breadcrumb\",\"itemListElement\":[{\"@type\":\"ListItem\",\"position\":1,\"name\":\"Home\",\"item\":\"https:\\\/\\\/savutonsuomi.fi\\\/sv\\\/\"},{\"@type\":\"ListItem\",\"position\":2,\"name\":\"Detta g\u00f6r vi\"}]},{\"@type\":\"WebSite\",\"@id\":\"https:\\\/\\\/savutonsuomi.fi\\\/#website\",\"url\":\"https:\\\/\\\/savutonsuomi.fi\\\/\",\"name\":\"Savuton Suomi 2030\",\"description\":\"\",\"potentialAction\":[{\"@type\":\"SearchAction\",\"target\":{\"@type\":\"EntryPoint\",\"urlTemplate\":\"https:\\\/\\\/savutonsuomi.fi\\\/?s={search_term_string}\"},\"query-input\":{\"@type\":\"PropertyValueSpecification\",\"valueRequired\":true,\"valueName\":\"search_term_string\"}}],\"inLanguage\":\"sv-SE\"}]}<\/script>\n<!-- \/ Yoast SEO plugin. -->","yoast_head_json":{"title":"Detta g\u00f6r vi - Savuton Suomi 2030 | Suomen ASH ry","description":"Sloganen f\u00f6r n\u00e4tverket Ett r\u00f6kfritt Finland 2030, tillsammans mot r\u00f6kfrihet, ber\u00e4ttar vad vi g\u00f6r: fr\u00e4mjar r\u00f6kfrihet och nikotinfrihet som samarbete.","robots":{"index":"index","follow":"follow","max-snippet":"max-snippet:-1","max-image-preview":"max-image-preview:large","max-video-preview":"max-video-preview:-1"},"canonical":"https:\/\/savutonsuomi.fi\/sv\/detta-gor-vi\/","og_locale":"sv_SE","og_type":"article","og_title":"Detta g\u00f6r vi - Savuton Suomi 2030","og_description":"Sloganen f\u00f6r n\u00e4tverket Ett r\u00f6kfritt Finland 2030, tillsammans mot r\u00f6kfrihet, ber\u00e4ttar vad vi g\u00f6r: fr\u00e4mjar r\u00f6kfrihet och nikotinfrihet som samarbete.","og_url":"https:\/\/savutonsuomi.fi\/sv\/detta-gor-vi\/","og_site_name":"Savuton Suomi 2030","article_modified_time":"2025-12-26T11:46:03+00:00","og_image":[{"width":2000,"height":1145,"url":"https:\/\/savutonsuomi.fi\/wp-content\/uploads\/2017\/12\/savuton-suomi_etusivu-e1513320528864.jpg","type":"image\/jpeg"}],"twitter_card":"summary_large_image","twitter_misc":{"Ber\u00e4knad l\u00e4stid":"3 minuter","Skriven av":"sasuadmin"},"schema":{"@context":"https:\/\/schema.org","@graph":[{"@type":"WebPage","@id":"https:\/\/savutonsuomi.fi\/sv\/detta-gor-vi\/","url":"https:\/\/savutonsuomi.fi\/sv\/detta-gor-vi\/","name":"Detta g\u00f6r vi - Savuton Suomi 2030","isPartOf":{"@id":"https:\/\/savutonsuomi.fi\/#website"},"primaryImageOfPage":{"@id":"https:\/\/savutonsuomi.fi\/sv\/detta-gor-vi\/#primaryimage"},"image":{"@id":"https:\/\/savutonsuomi.fi\/sv\/detta-gor-vi\/#primaryimage"},"thumbnailUrl":"https:\/\/savutonsuomi.fi\/wp-content\/uploads\/2017\/12\/savuton-suomi_etusivu-e1513320528864.jpg","datePublished":"2018-04-06T07:24:12+00:00","dateModified":"2025-12-26T11:46:03+00:00","description":"Sloganen f\u00f6r n\u00e4tverket Ett r\u00f6kfritt Finland 2030, tillsammans mot r\u00f6kfrihet, ber\u00e4ttar vad vi g\u00f6r: fr\u00e4mjar r\u00f6kfrihet och nikotinfrihet som samarbete.","breadcrumb":{"@id":"https:\/\/savutonsuomi.fi\/sv\/detta-gor-vi\/#breadcrumb"},"inLanguage":"sv-SE","potentialAction":[{"@type":"ReadAction","target":["https:\/\/savutonsuomi.fi\/sv\/detta-gor-vi\/"]}]},{"@type":"ImageObject","inLanguage":"sv-SE","@id":"https:\/\/savutonsuomi.fi\/sv\/detta-gor-vi\/#primaryimage","url":"https:\/\/savutonsuomi.fi\/wp-content\/uploads\/2017\/12\/savuton-suomi_etusivu-e1513320528864.jpg","contentUrl":"https:\/\/savutonsuomi.fi\/wp-content\/uploads\/2017\/12\/savuton-suomi_etusivu-e1513320528864.jpg","width":2000,"height":1145,"caption":"Savuton Suomi 2030 -etusivukuva. Lapsi ja \u00e4iti."},{"@type":"BreadcrumbList","@id":"https:\/\/savutonsuomi.fi\/sv\/detta-gor-vi\/#breadcrumb","itemListElement":[{"@type":"ListItem","position":1,"name":"Home","item":"https:\/\/savutonsuomi.fi\/sv\/"},{"@type":"ListItem","position":2,"name":"Detta g\u00f6r vi"}]},{"@type":"WebSite","@id":"https:\/\/savutonsuomi.fi\/#website","url":"https:\/\/savutonsuomi.fi\/","name":"Savuton Suomi 2030","description":"","potentialAction":[{"@type":"SearchAction","target":{"@type":"EntryPoint","urlTemplate":"https:\/\/savutonsuomi.fi\/?s={search_term_string}"},"query-input":{"@type":"PropertyValueSpecification","valueRequired":true,"valueName":"search_term_string"}}],"inLanguage":"sv-SE"}]}},"_links":{"self":[{"href":"https:\/\/savutonsuomi.fi\/sv\/wp-json\/wp\/v2\/pages\/1332","targetHints":{"allow":["GET"]}}],"collection":[{"href":"https:\/\/savutonsuomi.fi\/sv\/wp-json\/wp\/v2\/pages"}],"about":[{"href":"https:\/\/savutonsuomi.fi\/sv\/wp-json\/wp\/v2\/types\/page"}],"author":[{"embeddable":true,"href":"https:\/\/savutonsuomi.fi\/sv\/wp-json\/wp\/v2\/users\/2"}],"replies":[{"embeddable":true,"href":"https:\/\/savutonsuomi.fi\/sv\/wp-json\/wp\/v2\/comments?post=1332"}],"version-history":[{"count":10,"href":"https:\/\/savutonsuomi.fi\/sv\/wp-json\/wp\/v2\/pages\/1332\/revisions"}],"predecessor-version":[{"id":9279,"href":"https:\/\/savutonsuomi.fi\/sv\/wp-json\/wp\/v2\/pages\/1332\/revisions\/9279"}],"wp:featuredmedia":[{"embeddable":true,"href":"https:\/\/savutonsuomi.fi\/sv\/wp-json\/wp\/v2\/media\/789"}],"wp:attachment":[{"href":"https:\/\/savutonsuomi.fi\/sv\/wp-json\/wp\/v2\/media?parent=1332"}],"wp:term":[{"taxonomy":"category","embeddable":true,"href":"https:\/\/savutonsuomi.fi\/sv\/wp-json\/wp\/v2\/categories?post=1332"},{"taxonomy":"post_tag","embeddable":true,"href":"https:\/\/savutonsuomi.fi\/sv\/wp-json\/wp\/v2\/tags?post=1332"},{"taxonomy":"author","embeddable":true,"href":"https:\/\/savutonsuomi.fi\/sv\/wp-json\/wp\/v2\/coauthors?post=1332"}],"curies":[{"name":"wp","href":"https:\/\/api.w.org\/{rel}","templated":true}]}}