{"id":11,"date":"2017-11-20T13:45:30","date_gmt":"2017-11-20T13:45:30","guid":{"rendered":"http:\/\/savutonsuomi.beta.web-veistamo.fi\/?page_id=11"},"modified":"2026-01-07T13:05:46","modified_gmt":"2026-01-07T11:05:46","slug":"hem","status":"publish","type":"page","link":"https:\/\/savutonsuomi.fi\/sv\/","title":{"rendered":"Tillsammans mot r\u00f6kfrihet"},"content":{"rendered":"<h1 class=\"page-title\">Tillsammans mot r\u00f6kfrihet<\/h1>\n<h3 class=\"wp-block-heading has-text-align-center\">Mot ett r\u00f6kfritt  och nikotinfritt Finland<\/h3>\n\n\n\n<p><\/p>\n\n\n<div id=\"slider-block_663eb01dd56efca14ad1fc39cce93c69\" class=\"wp-block-slider alignwide\">\r\n    \r\n    <div class=\"wp-block-slider__swiper-outer\">\r\n        <div class=\"swiper-container\">\r\n            <div class=\"swiper-wrapper\">\r\n                        <div class=\"swiper-slide\">\r\n                    <div class=\"wp-block-slider__image mb-0\"\r\n                         style=\"background-image: url(https:\/\/savutonsuomi.fi\/wp-content\/uploads\/2023\/05\/shutterstock_1074565532-pp-scaled.jpg);\">\r\n                                                     <div class=\"wp-block-slider__title\">\r\n                                <h4>Tobakslagen <\/h4>\r\n                                <svg class=\"icon icon-chevron-right-solid\" aria-hidden=\"true\" role=\"img\"><use xlink:href=\"https:\/\/savutonsuomi.fi\/wp-content\/themes\/savutonash\/dist\/icons.svg#icon-chevron-right-solid\"><\/use><\/svg>                            <\/div>\r\n                                                <a href=\"https:\/\/savutonsuomi.fi\/sv\/tobakslagen\/%20\" target=\"_blank\" class=\"stretched-link\"><\/a>\r\n                    <\/div>\r\n                <\/div>\r\n                        <div class=\"swiper-slide\">\r\n                    <div class=\"wp-block-slider__image mb-0\"\r\n                         style=\"background-image: url(https:\/\/savutonsuomi.fi\/wp-content\/uploads\/2022\/12\/nature-3289812-scaled.jpg);\">\r\n                                                     <div class=\"wp-block-slider__title\">\r\n                                <h4>Uppn\u00e5endet av m\u00e5len<\/h4>\r\n                                <svg class=\"icon icon-chevron-right-solid\" aria-hidden=\"true\" role=\"img\"><use xlink:href=\"https:\/\/savutonsuomi.fi\/wp-content\/themes\/savutonash\/dist\/icons.svg#icon-chevron-right-solid\"><\/use><\/svg>                            <\/div>\r\n                                                <a href=\"https:\/\/savutonsuomi.fi\/sv\/uppnaendet-av-malen\/\" target=\"_blank\" class=\"stretched-link\"><\/a>\r\n                    <\/div>\r\n                <\/div>\r\n                        <div class=\"swiper-slide\">\r\n                    <div class=\"wp-block-slider__image mb-0\"\r\n                         style=\"background-image: url(https:\/\/savutonsuomi.fi\/wp-content\/uploads\/2023\/03\/AdobeStock_272355644-scaled.jpg);\">\r\n                                                     <div class=\"wp-block-slider__title\">\r\n                                <h4>Mot ett r\u00f6kfritt och nikotinfritt Finland<\/h4>\r\n                                <svg class=\"icon icon-chevron-right-solid\" aria-hidden=\"true\" role=\"img\"><use xlink:href=\"https:\/\/savutonsuomi.fi\/wp-content\/themes\/savutonash\/dist\/icons.svg#icon-chevron-right-solid\"><\/use><\/svg>                            <\/div>\r\n                                                <a href=\"https:\/\/savutonsuomi.fi\/wp-content\/uploads\/2025\/12\/sasu_aikajana_pieni_12-2025_ruotsi.mp4\" target=\"_blank\" class=\"stretched-link\"><\/a>\r\n                    <\/div>\r\n                <\/div>\r\n        \r\n            <\/div>\r\n        <\/div>\r\n        <div class=\"swiper-button-next\"><\/div>\r\n        <div class=\"swiper-button-prev\"><\/div>\r\n    <\/div>\r\n    \r\n    <\/div>\n\n<div id=\"slider-block_3a1947adf12dac1d99b43d4c5fc9d67b\" class=\"wp-block-slider alignwide\">\r\n    \r\n    <div class=\"wp-block-slider__swiper-outer\">\r\n        <div class=\"swiper-container\">\r\n            <div class=\"swiper-wrapper\">\r\n                        <div class=\"swiper-slide\">\r\n                    <div class=\"wp-block-slider__image mb-0\"\r\n                         style=\"background-image: url(https:\/\/savutonsuomi.fi\/wp-content\/uploads\/2023\/05\/istock-674991422_rajattu-pp-scaled.jpg);\">\r\n                                                     <div class=\"wp-block-slider__title\">\r\n                                <h4>Tidsaxel<\/h4>\r\n                                <svg class=\"icon icon-chevron-right-solid\" aria-hidden=\"true\" role=\"img\"><use xlink:href=\"https:\/\/savutonsuomi.fi\/wp-content\/themes\/savutonash\/dist\/icons.svg#icon-chevron-right-solid\"><\/use><\/svg>                            <\/div>\r\n                                                <a href=\"https:\/\/savutonsuomi.fi\/sv\/steg-steg-mot-rokfrihet\/\" target=\"_blank\" class=\"stretched-link\"><\/a>\r\n                    <\/div>\r\n                <\/div>\r\n                        <div class=\"swiper-slide\">\r\n                    <div class=\"wp-block-slider__image mb-0\"\r\n                         style=\"background-image: url(https:\/\/savutonsuomi.fi\/wp-content\/uploads\/2024\/03\/shutterstock_766847608.jpg);\">\r\n                                                     <div class=\"wp-block-slider__title\">\r\n                                <h4>Tobakspolitik<\/h4>\r\n                                <svg class=\"icon icon-chevron-right-solid\" aria-hidden=\"true\" role=\"img\"><use xlink:href=\"https:\/\/savutonsuomi.fi\/wp-content\/themes\/savutonash\/dist\/icons.svg#icon-chevron-right-solid\"><\/use><\/svg>                            <\/div>\r\n                                                <a href=\"https:\/\/savutonsuomi.fi\/sv\/natverket-ett-rokfritt-finland-2030-nasta-regering-maste-forbinda-sig-att-forverkliga-malsattningen-i-tobakslagen\/%20\" target=\"_blank\" class=\"stretched-link\"><\/a>\r\n                    <\/div>\r\n                <\/div>\r\n                        <div class=\"swiper-slide\">\r\n                    <div class=\"wp-block-slider__image mb-0\"\r\n                         style=\"background-image: url(https:\/\/savutonsuomi.fi\/wp-content\/uploads\/2023\/02\/Construction-Site-477576474.jpg);\">\r\n                                                     <div class=\"wp-block-slider__title\">\r\n                                <h4>R\u00f6kfri arbetsplats<\/h4>\r\n                                <svg class=\"icon icon-chevron-right-solid\" aria-hidden=\"true\" role=\"img\"><use xlink:href=\"https:\/\/savutonsuomi.fi\/wp-content\/themes\/savutonash\/dist\/icons.svg#icon-chevron-right-solid\"><\/use><\/svg>                            <\/div>\r\n                                                <a href=\"https:\/\/savutonsuomi.fi\/sv\/varfor-ar-det-bra-med-rokfrihet-pa-arbetsplatsen\/\" target=\"_blank\" class=\"stretched-link\"><\/a>\r\n                    <\/div>\r\n                <\/div>\r\n        \r\n            <\/div>\r\n        <\/div>\r\n        <div class=\"swiper-button-next\"><\/div>\r\n        <div class=\"swiper-button-prev\"><\/div>\r\n    <\/div>\r\n    \r\n    <\/div>","protected":false},"excerpt":{"rendered":"Tillsammans mot r\u00f6kfrihet Mot ett r\u00f6kfritt och nikotinfritt Finland","protected":false},"author":2,"featured_media":789,"parent":0,"menu_order":0,"comment_status":"closed","ping_status":"closed","template":"","meta":{"_acf_changed":false,"footnotes":""},"categories":[],"tags":[],"coauthors":[64],"class_list":["post-11","page","type-page","status-publish","has-post-thumbnail","hentry"],"acf":[],"yoast_head":"<!-- This site is optimized with the Yoast SEO plugin v27.4 - https:\/\/yoast.com\/product\/yoast-seo-wordpress\/ -->\n<title>Tillsammans mot r\u00f6kfrihet - Savuton Suomi 2030 | Suomen ASH ry<\/title>\n<meta name=\"robots\" content=\"index, follow, max-snippet:-1, max-image-preview:large, max-video-preview:-1\" \/>\n<link rel=\"canonical\" href=\"https:\/\/savutonsuomi.fi\/sv\/\" \/>\n<meta property=\"og:locale\" content=\"sv_SE\" \/>\n<meta property=\"og:type\" content=\"article\" \/>\n<meta property=\"og:title\" content=\"Tillsammans mot r\u00f6kfrihet - Savuton Suomi 2030\" \/>\n<meta property=\"og:description\" content=\"Tillsammans mot r\u00f6kfrihet Mot ett r\u00f6kfritt och nikotinfritt Finland\" \/>\n<meta property=\"og:url\" content=\"https:\/\/savutonsuomi.fi\/sv\/\" \/>\n<meta property=\"og:site_name\" content=\"Savuton Suomi 2030\" \/>\n<meta property=\"article:modified_time\" content=\"2026-01-07T11:05:46+00:00\" \/>\n<meta property=\"og:image\" content=\"https:\/\/savutonsuomi.fi\/wp-content\/uploads\/2017\/12\/savuton-suomi_etusivu-e1513320528864.jpg\" \/>\n\t<meta property=\"og:image:width\" content=\"2000\" \/>\n\t<meta property=\"og:image:height\" content=\"1145\" \/>\n\t<meta property=\"og:image:type\" content=\"image\/jpeg\" \/>\n<meta name=\"twitter:card\" content=\"summary_large_image\" \/>\n<meta name=\"twitter:label1\" content=\"Ber\u00e4knad l\u00e4stid\" \/>\n\t<meta name=\"twitter:data1\" content=\"1 minut\" \/>\n\t<meta name=\"twitter:label2\" content=\"Skriven av\" \/>\n\t<meta name=\"twitter:data2\" content=\"sasuadmin\" \/>\n<script type=\"application\/ld+json\" class=\"yoast-schema-graph\">{\"@context\":\"https:\\\/\\\/schema.org\",\"@graph\":[{\"@type\":\"WebPage\",\"@id\":\"https:\\\/\\\/savutonsuomi.fi\\\/sv\\\/\",\"url\":\"https:\\\/\\\/savutonsuomi.fi\\\/sv\\\/\",\"name\":\"Tillsammans mot r\u00f6kfrihet - Savuton Suomi 2030\",\"isPartOf\":{\"@id\":\"https:\\\/\\\/savutonsuomi.fi\\\/#website\"},\"primaryImageOfPage\":{\"@id\":\"https:\\\/\\\/savutonsuomi.fi\\\/sv\\\/#primaryimage\"},\"image\":{\"@id\":\"https:\\\/\\\/savutonsuomi.fi\\\/sv\\\/#primaryimage\"},\"thumbnailUrl\":\"https:\\\/\\\/savutonsuomi.fi\\\/wp-content\\\/uploads\\\/2017\\\/12\\\/savuton-suomi_etusivu-e1513320528864.jpg\",\"datePublished\":\"2017-11-20T13:45:30+00:00\",\"dateModified\":\"2026-01-07T11:05:46+00:00\",\"breadcrumb\":{\"@id\":\"https:\\\/\\\/savutonsuomi.fi\\\/sv\\\/#breadcrumb\"},\"inLanguage\":\"sv-SE\",\"potentialAction\":[{\"@type\":\"ReadAction\",\"target\":[\"https:\\\/\\\/savutonsuomi.fi\\\/sv\\\/\"]}]},{\"@type\":\"ImageObject\",\"inLanguage\":\"sv-SE\",\"@id\":\"https:\\\/\\\/savutonsuomi.fi\\\/sv\\\/#primaryimage\",\"url\":\"https:\\\/\\\/savutonsuomi.fi\\\/wp-content\\\/uploads\\\/2017\\\/12\\\/savuton-suomi_etusivu-e1513320528864.jpg\",\"contentUrl\":\"https:\\\/\\\/savutonsuomi.fi\\\/wp-content\\\/uploads\\\/2017\\\/12\\\/savuton-suomi_etusivu-e1513320528864.jpg\",\"width\":2000,\"height\":1145,\"caption\":\"Savuton Suomi 2030 -etusivukuva. Lapsi ja \u00e4iti.\"},{\"@type\":\"BreadcrumbList\",\"@id\":\"https:\\\/\\\/savutonsuomi.fi\\\/sv\\\/#breadcrumb\",\"itemListElement\":[{\"@type\":\"ListItem\",\"position\":1,\"name\":\"Home\",\"item\":\"https:\\\/\\\/savutonsuomi.fi\\\/sv\\\/\"},{\"@type\":\"ListItem\",\"position\":2,\"name\":\"Tillsammans mot r\u00f6kfrihet\"}]},{\"@type\":\"WebSite\",\"@id\":\"https:\\\/\\\/savutonsuomi.fi\\\/#website\",\"url\":\"https:\\\/\\\/savutonsuomi.fi\\\/\",\"name\":\"Savuton Suomi 2030\",\"description\":\"\",\"potentialAction\":[{\"@type\":\"SearchAction\",\"target\":{\"@type\":\"EntryPoint\",\"urlTemplate\":\"https:\\\/\\\/savutonsuomi.fi\\\/?s={search_term_string}\"},\"query-input\":{\"@type\":\"PropertyValueSpecification\",\"valueRequired\":true,\"valueName\":\"search_term_string\"}}],\"inLanguage\":\"sv-SE\"}]}<\/script>\n<!-- \/ Yoast SEO plugin. -->","yoast_head_json":{"title":"Tillsammans mot r\u00f6kfrihet - Savuton Suomi 2030 | Suomen ASH ry","robots":{"index":"index","follow":"follow","max-snippet":"max-snippet:-1","max-image-preview":"max-image-preview:large","max-video-preview":"max-video-preview:-1"},"canonical":"https:\/\/savutonsuomi.fi\/sv\/","og_locale":"sv_SE","og_type":"article","og_title":"Tillsammans mot r\u00f6kfrihet - Savuton Suomi 2030","og_description":"Tillsammans mot r\u00f6kfrihet Mot ett r\u00f6kfritt och nikotinfritt Finland","og_url":"https:\/\/savutonsuomi.fi\/sv\/","og_site_name":"Savuton Suomi 2030","article_modified_time":"2026-01-07T11:05:46+00:00","og_image":[{"width":2000,"height":1145,"url":"https:\/\/savutonsuomi.fi\/wp-content\/uploads\/2017\/12\/savuton-suomi_etusivu-e1513320528864.jpg","type":"image\/jpeg"}],"twitter_card":"summary_large_image","twitter_misc":{"Ber\u00e4knad l\u00e4stid":"1 minut","Skriven av":"sasuadmin"},"schema":{"@context":"https:\/\/schema.org","@graph":[{"@type":"WebPage","@id":"https:\/\/savutonsuomi.fi\/sv\/","url":"https:\/\/savutonsuomi.fi\/sv\/","name":"Tillsammans mot r\u00f6kfrihet - Savuton Suomi 2030","isPartOf":{"@id":"https:\/\/savutonsuomi.fi\/#website"},"primaryImageOfPage":{"@id":"https:\/\/savutonsuomi.fi\/sv\/#primaryimage"},"image":{"@id":"https:\/\/savutonsuomi.fi\/sv\/#primaryimage"},"thumbnailUrl":"https:\/\/savutonsuomi.fi\/wp-content\/uploads\/2017\/12\/savuton-suomi_etusivu-e1513320528864.jpg","datePublished":"2017-11-20T13:45:30+00:00","dateModified":"2026-01-07T11:05:46+00:00","breadcrumb":{"@id":"https:\/\/savutonsuomi.fi\/sv\/#breadcrumb"},"inLanguage":"sv-SE","potentialAction":[{"@type":"ReadAction","target":["https:\/\/savutonsuomi.fi\/sv\/"]}]},{"@type":"ImageObject","inLanguage":"sv-SE","@id":"https:\/\/savutonsuomi.fi\/sv\/#primaryimage","url":"https:\/\/savutonsuomi.fi\/wp-content\/uploads\/2017\/12\/savuton-suomi_etusivu-e1513320528864.jpg","contentUrl":"https:\/\/savutonsuomi.fi\/wp-content\/uploads\/2017\/12\/savuton-suomi_etusivu-e1513320528864.jpg","width":2000,"height":1145,"caption":"Savuton Suomi 2030 -etusivukuva. Lapsi ja \u00e4iti."},{"@type":"BreadcrumbList","@id":"https:\/\/savutonsuomi.fi\/sv\/#breadcrumb","itemListElement":[{"@type":"ListItem","position":1,"name":"Home","item":"https:\/\/savutonsuomi.fi\/sv\/"},{"@type":"ListItem","position":2,"name":"Tillsammans mot r\u00f6kfrihet"}]},{"@type":"WebSite","@id":"https:\/\/savutonsuomi.fi\/#website","url":"https:\/\/savutonsuomi.fi\/","name":"Savuton Suomi 2030","description":"","potentialAction":[{"@type":"SearchAction","target":{"@type":"EntryPoint","urlTemplate":"https:\/\/savutonsuomi.fi\/?s={search_term_string}"},"query-input":{"@type":"PropertyValueSpecification","valueRequired":true,"valueName":"search_term_string"}}],"inLanguage":"sv-SE"}]}},"_links":{"self":[{"href":"https:\/\/savutonsuomi.fi\/sv\/wp-json\/wp\/v2\/pages\/11","targetHints":{"allow":["GET"]}}],"collection":[{"href":"https:\/\/savutonsuomi.fi\/sv\/wp-json\/wp\/v2\/pages"}],"about":[{"href":"https:\/\/savutonsuomi.fi\/sv\/wp-json\/wp\/v2\/types\/page"}],"author":[{"embeddable":true,"href":"https:\/\/savutonsuomi.fi\/sv\/wp-json\/wp\/v2\/users\/2"}],"replies":[{"embeddable":true,"href":"https:\/\/savutonsuomi.fi\/sv\/wp-json\/wp\/v2\/comments?post=11"}],"version-history":[{"count":10,"href":"https:\/\/savutonsuomi.fi\/sv\/wp-json\/wp\/v2\/pages\/11\/revisions"}],"predecessor-version":[{"id":9283,"href":"https:\/\/savutonsuomi.fi\/sv\/wp-json\/wp\/v2\/pages\/11\/revisions\/9283"}],"wp:featuredmedia":[{"embeddable":true,"href":"https:\/\/savutonsuomi.fi\/sv\/wp-json\/wp\/v2\/media\/789"}],"wp:attachment":[{"href":"https:\/\/savutonsuomi.fi\/sv\/wp-json\/wp\/v2\/media?parent=11"}],"wp:term":[{"taxonomy":"category","embeddable":true,"href":"https:\/\/savutonsuomi.fi\/sv\/wp-json\/wp\/v2\/categories?post=11"},{"taxonomy":"post_tag","embeddable":true,"href":"https:\/\/savutonsuomi.fi\/sv\/wp-json\/wp\/v2\/tags?post=11"},{"taxonomy":"author","embeddable":true,"href":"https:\/\/savutonsuomi.fi\/sv\/wp-json\/wp\/v2\/coauthors?post=11"}],"curies":[{"name":"wp","href":"https:\/\/api.w.org\/{rel}","templated":true}]}}