{"id":6899,"date":"2024-01-17T13:46:08","date_gmt":"2024-01-17T11:46:08","guid":{"rendered":"https:\/\/savutonsuomi.fi\/?page_id=6899"},"modified":"2024-03-26T15:32:08","modified_gmt":"2024-03-26T13:32:08","slug":"achieving-the-goal","status":"publish","type":"page","link":"https:\/\/savutonsuomi.fi\/en\/achieving-the-goal\/","title":{"rendered":"Achieving the Goal"},"content":{"rendered":"<h1 class=\"page-title\">Achieving the Goal<\/h1>\n<p>The objective of the Finnish Tobacco Act is to end the use of tobacco and nicotine products (excluding medicinal nicotine) by 2030. The target will be considered to have been met if by less than 5% of the population are using tobacco or nicotine products daily.<\/p>\n\n\n\n<p>According to a <a href=\"https:\/\/www.julkari.fi\/bitstream\/handle\/10024\/147934\/YP23_5_6%20Ruokolainen%20ym.pdf?sequence=1&amp;isAllowed=y\" target=\"_blank\" rel=\"noreferrer noopener\">modelling study<\/a> (pdf) published by the National Institute for Health and Welfare, the current measures are not projected to achieve the target among adults aged 20-64. The forecast suggests that, at the current price development, women will reach the five percent target by the year 2038, while men will not achieve the goal by 2040. The gender difference is mainly due to the more common use of snus, Swedish smokeless tobacco, among men.<\/p>\n\n\n\n<p>Price increases have been proven to be one of the most significant measures to reduce smoking and disparities in smoking rates among different population groups. If the rate of tobacco price increase doubles compared to the current rate, the forecast suggests that the goal of the Tobacco Act could be achieved in men by the year 2035 and in women by the year 2030.<\/p>\n\n\n\n<p>Researchers emphasize that additional measures are also needed to prevent and reduce the initiation of tobacco and other nicotine product use. They propose, among other things, raising the age limit for purchasing tobacco and nicotine products to 20 years and other measures related to reducing supply, such as a significant reduction in sales outlets.<\/p>\n\n\n\n<p><strong>Source:<\/strong><br>Yhteiskuntapolitiikka (2023): <a href=\"https:\/\/www.julkari.fi\/bitstream\/handle\/10024\/147934\/YP23_5_6%20Ruokolainen%20ym.pdf?sequence=1&amp;isAllowed=y\" target=\"_blank\" rel=\"noreferrer noopener\">Saavutetaanko tupakkalain tavoite? Mallinnustutkimus aikuisv\u00e4est\u00f6ss\u00e4<\/a> (pdf) (Will the objective of a tobacco and nicotine free Finland by 2030 be achieved? A modelling study among the Finnish adult population, In Finnish only)<\/p>\n\n\n\n<p><strong>Also read <\/strong>Tobacco Control (2019): <a href=\"https:\/\/tobaccocontrol.bmj.com\/content\/29\/4\/398\" target=\"_blank\" rel=\"noreferrer noopener\">Strategies and barriers to achieving the goal of Finland\u2019s tobacco endgame<\/a><\/p>\n\n\n\n<h2 class=\"wp-block-heading\">Proposals for action by the working group 2023<\/h2>\n\n\n\n<p>In 2022, the Ministry of Social Affairs and Health appointed a working group tasked with making proposals for legislative amendments and other measures that support and promote the end of the use of tobacco and nicotine products by 2030. The working group had three specific tasks related to preventing the use of all nicotine products (including nicotine replacement therapy products), improving the smoke-free environment of housing corporations and raising the purchasing age limit from 18 years of age.<\/p>\n\n\n\n<p>The working group emphasized that achieving the objective of the Tobacco Act requires the continuation and development of the current systematic and determined implementation of measures and the introduction of new measures. To achieve this objective, the proposals presented by the working group will need to be implemented already at the beginning of the next government term. The measures proposed in the report create the conditions for eliminating the use of tobacco and other nicotine products. Further efforts are needed every few years to achieve this goal. The working group considers that the implementation of the new proposals should always be included in the next government programme.<\/p>\n\n\n\n<p>The working group\u2019s proposals concern taxation, prevention of starting the use of tobacco and nicotine products by young people, smoke-free environments, sales and marketing, support for quitting, passenger imports, regulation of new nicotine products, enhanced enforcement, and resourcing, monitoring, and evaluation.<\/p>\n\n\n\n<p><strong>Read more<\/strong> <br>Ministry of Social Affaris and Health (2023): <a href=\"https:\/\/julkaisut.valtioneuvosto.fi\/handle\/10024\/164845\" target=\"_blank\" rel=\"noreferrer noopener\">Development of tobacco and nicotine policy. Proposals for action by the working group 2023<\/a><\/p>\n","protected":false},"excerpt":{"rendered":"Achieving the Goal The objective of the Finnish Tobacco Act is to end the use of tobacco and nicotine products&#8230; <a class=\"view-article\" href=\"https:\/\/savutonsuomi.fi\/en\/achieving-the-goal\/\">View Article<\/a>","protected":false},"author":11,"featured_media":5824,"parent":0,"menu_order":0,"comment_status":"closed","ping_status":"closed","template":"","meta":{"_acf_changed":false,"footnotes":""},"categories":[],"tags":[],"coauthors":[85],"class_list":["post-6899","page","type-page","status-publish","has-post-thumbnail","hentry"],"acf":[],"yoast_head":"<!-- This site is optimized with the Yoast SEO plugin v27.3 - https:\/\/yoast.com\/product\/yoast-seo-wordpress\/ -->\n<title>Achieving the Goal - Savuton Suomi 2030 | Suomen ASH ry<\/title>\n<meta name=\"description\" content=\"The objective of the Finnish Tobacco Act is to end the use of tobacco and nicotine products (excluding medicinal nicotine) by 2030. The target will be considered to have been met if by less than 5% of the population are using tobacco or nicotine products daily.\" \/>\n<meta name=\"robots\" content=\"index, follow, max-snippet:-1, max-image-preview:large, max-video-preview:-1\" \/>\n<link rel=\"canonical\" href=\"https:\/\/savutonsuomi.fi\/en\/achieving-the-goal\/\" \/>\n<meta property=\"og:locale\" content=\"en_US\" \/>\n<meta property=\"og:type\" content=\"article\" \/>\n<meta property=\"og:title\" content=\"Achieving the Goal - Savuton Suomi 2030\" \/>\n<meta property=\"og:description\" content=\"The objective of the Finnish Tobacco Act is to end the use of tobacco and nicotine products (excluding medicinal nicotine) by 2030. The target will be considered to have been met if by less than 5% of the population are using tobacco or nicotine products daily.\" \/>\n<meta property=\"og:url\" content=\"https:\/\/savutonsuomi.fi\/en\/achieving-the-goal\/\" \/>\n<meta property=\"og:site_name\" content=\"Savuton Suomi 2030\" \/>\n<meta property=\"article:modified_time\" content=\"2024-03-26T13:32:08+00:00\" \/>\n<meta property=\"og:image\" content=\"https:\/\/savutonsuomi.fi\/wp-content\/uploads\/2022\/12\/nature-3289812-scaled.jpg\" \/>\n\t<meta property=\"og:image:width\" content=\"2560\" \/>\n\t<meta property=\"og:image:height\" content=\"1707\" \/>\n\t<meta property=\"og:image:type\" content=\"image\/jpeg\" \/>\n<meta name=\"twitter:card\" content=\"summary_large_image\" \/>\n<meta name=\"twitter:label1\" content=\"Est. reading time\" \/>\n\t<meta name=\"twitter:data1\" content=\"4 minutes\" \/>\n\t<meta name=\"twitter:label2\" content=\"Written by\" \/>\n\t<meta name=\"twitter:data2\" content=\"Tea Kalska\" \/>\n<script type=\"application\/ld+json\" class=\"yoast-schema-graph\">{\"@context\":\"https:\\\/\\\/schema.org\",\"@graph\":[{\"@type\":\"WebPage\",\"@id\":\"https:\\\/\\\/savutonsuomi.fi\\\/en\\\/achieving-the-goal\\\/\",\"url\":\"https:\\\/\\\/savutonsuomi.fi\\\/en\\\/achieving-the-goal\\\/\",\"name\":\"Achieving the Goal - Savuton Suomi 2030\",\"isPartOf\":{\"@id\":\"https:\\\/\\\/savutonsuomi.fi\\\/#website\"},\"primaryImageOfPage\":{\"@id\":\"https:\\\/\\\/savutonsuomi.fi\\\/en\\\/achieving-the-goal\\\/#primaryimage\"},\"image\":{\"@id\":\"https:\\\/\\\/savutonsuomi.fi\\\/en\\\/achieving-the-goal\\\/#primaryimage\"},\"thumbnailUrl\":\"https:\\\/\\\/savutonsuomi.fi\\\/wp-content\\\/uploads\\\/2022\\\/12\\\/nature-3289812-scaled.jpg\",\"datePublished\":\"2024-01-17T11:46:08+00:00\",\"dateModified\":\"2024-03-26T13:32:08+00:00\",\"description\":\"The objective of the Finnish Tobacco Act is to end the use of tobacco and nicotine products (excluding medicinal nicotine) by 2030. The target will be considered to have been met if by less than 5% of the population are using tobacco or nicotine products daily.\",\"breadcrumb\":{\"@id\":\"https:\\\/\\\/savutonsuomi.fi\\\/en\\\/achieving-the-goal\\\/#breadcrumb\"},\"inLanguage\":\"en-US\",\"potentialAction\":[{\"@type\":\"ReadAction\",\"target\":[\"https:\\\/\\\/savutonsuomi.fi\\\/en\\\/achieving-the-goal\\\/\"]}]},{\"@type\":\"ImageObject\",\"inLanguage\":\"en-US\",\"@id\":\"https:\\\/\\\/savutonsuomi.fi\\\/en\\\/achieving-the-goal\\\/#primaryimage\",\"url\":\"https:\\\/\\\/savutonsuomi.fi\\\/wp-content\\\/uploads\\\/2022\\\/12\\\/nature-3289812-scaled.jpg\",\"contentUrl\":\"https:\\\/\\\/savutonsuomi.fi\\\/wp-content\\\/uploads\\\/2022\\\/12\\\/nature-3289812-scaled.jpg\",\"width\":2560,\"height\":1707},{\"@type\":\"BreadcrumbList\",\"@id\":\"https:\\\/\\\/savutonsuomi.fi\\\/en\\\/achieving-the-goal\\\/#breadcrumb\",\"itemListElement\":[{\"@type\":\"ListItem\",\"position\":1,\"name\":\"Home\",\"item\":\"https:\\\/\\\/savutonsuomi.fi\\\/en\\\/\"},{\"@type\":\"ListItem\",\"position\":2,\"name\":\"Achieving the Goal\"}]},{\"@type\":\"WebSite\",\"@id\":\"https:\\\/\\\/savutonsuomi.fi\\\/#website\",\"url\":\"https:\\\/\\\/savutonsuomi.fi\\\/\",\"name\":\"Savuton Suomi 2030\",\"description\":\"\",\"potentialAction\":[{\"@type\":\"SearchAction\",\"target\":{\"@type\":\"EntryPoint\",\"urlTemplate\":\"https:\\\/\\\/savutonsuomi.fi\\\/?s={search_term_string}\"},\"query-input\":{\"@type\":\"PropertyValueSpecification\",\"valueRequired\":true,\"valueName\":\"search_term_string\"}}],\"inLanguage\":\"en-US\"}]}<\/script>\n<!-- \/ Yoast SEO plugin. -->","yoast_head_json":{"title":"Achieving the Goal - Savuton Suomi 2030 | Suomen ASH ry","description":"The objective of the Finnish Tobacco Act is to end the use of tobacco and nicotine products (excluding medicinal nicotine) by 2030. The target will be considered to have been met if by less than 5% of the population are using tobacco or nicotine products daily.","robots":{"index":"index","follow":"follow","max-snippet":"max-snippet:-1","max-image-preview":"max-image-preview:large","max-video-preview":"max-video-preview:-1"},"canonical":"https:\/\/savutonsuomi.fi\/en\/achieving-the-goal\/","og_locale":"en_US","og_type":"article","og_title":"Achieving the Goal - Savuton Suomi 2030","og_description":"The objective of the Finnish Tobacco Act is to end the use of tobacco and nicotine products (excluding medicinal nicotine) by 2030. The target will be considered to have been met if by less than 5% of the population are using tobacco or nicotine products daily.","og_url":"https:\/\/savutonsuomi.fi\/en\/achieving-the-goal\/","og_site_name":"Savuton Suomi 2030","article_modified_time":"2024-03-26T13:32:08+00:00","og_image":[{"width":2560,"height":1707,"url":"https:\/\/savutonsuomi.fi\/wp-content\/uploads\/2022\/12\/nature-3289812-scaled.jpg","type":"image\/jpeg"}],"twitter_card":"summary_large_image","twitter_misc":{"Est. reading time":"4 minutes","Written by":"Tea Kalska"},"schema":{"@context":"https:\/\/schema.org","@graph":[{"@type":"WebPage","@id":"https:\/\/savutonsuomi.fi\/en\/achieving-the-goal\/","url":"https:\/\/savutonsuomi.fi\/en\/achieving-the-goal\/","name":"Achieving the Goal - Savuton Suomi 2030","isPartOf":{"@id":"https:\/\/savutonsuomi.fi\/#website"},"primaryImageOfPage":{"@id":"https:\/\/savutonsuomi.fi\/en\/achieving-the-goal\/#primaryimage"},"image":{"@id":"https:\/\/savutonsuomi.fi\/en\/achieving-the-goal\/#primaryimage"},"thumbnailUrl":"https:\/\/savutonsuomi.fi\/wp-content\/uploads\/2022\/12\/nature-3289812-scaled.jpg","datePublished":"2024-01-17T11:46:08+00:00","dateModified":"2024-03-26T13:32:08+00:00","description":"The objective of the Finnish Tobacco Act is to end the use of tobacco and nicotine products (excluding medicinal nicotine) by 2030. The target will be considered to have been met if by less than 5% of the population are using tobacco or nicotine products daily.","breadcrumb":{"@id":"https:\/\/savutonsuomi.fi\/en\/achieving-the-goal\/#breadcrumb"},"inLanguage":"en-US","potentialAction":[{"@type":"ReadAction","target":["https:\/\/savutonsuomi.fi\/en\/achieving-the-goal\/"]}]},{"@type":"ImageObject","inLanguage":"en-US","@id":"https:\/\/savutonsuomi.fi\/en\/achieving-the-goal\/#primaryimage","url":"https:\/\/savutonsuomi.fi\/wp-content\/uploads\/2022\/12\/nature-3289812-scaled.jpg","contentUrl":"https:\/\/savutonsuomi.fi\/wp-content\/uploads\/2022\/12\/nature-3289812-scaled.jpg","width":2560,"height":1707},{"@type":"BreadcrumbList","@id":"https:\/\/savutonsuomi.fi\/en\/achieving-the-goal\/#breadcrumb","itemListElement":[{"@type":"ListItem","position":1,"name":"Home","item":"https:\/\/savutonsuomi.fi\/en\/"},{"@type":"ListItem","position":2,"name":"Achieving the Goal"}]},{"@type":"WebSite","@id":"https:\/\/savutonsuomi.fi\/#website","url":"https:\/\/savutonsuomi.fi\/","name":"Savuton Suomi 2030","description":"","potentialAction":[{"@type":"SearchAction","target":{"@type":"EntryPoint","urlTemplate":"https:\/\/savutonsuomi.fi\/?s={search_term_string}"},"query-input":{"@type":"PropertyValueSpecification","valueRequired":true,"valueName":"search_term_string"}}],"inLanguage":"en-US"}]}},"_links":{"self":[{"href":"https:\/\/savutonsuomi.fi\/en\/wp-json\/wp\/v2\/pages\/6899","targetHints":{"allow":["GET"]}}],"collection":[{"href":"https:\/\/savutonsuomi.fi\/en\/wp-json\/wp\/v2\/pages"}],"about":[{"href":"https:\/\/savutonsuomi.fi\/en\/wp-json\/wp\/v2\/types\/page"}],"author":[{"embeddable":true,"href":"https:\/\/savutonsuomi.fi\/en\/wp-json\/wp\/v2\/users\/11"}],"replies":[{"embeddable":true,"href":"https:\/\/savutonsuomi.fi\/en\/wp-json\/wp\/v2\/comments?post=6899"}],"version-history":[{"count":5,"href":"https:\/\/savutonsuomi.fi\/en\/wp-json\/wp\/v2\/pages\/6899\/revisions"}],"predecessor-version":[{"id":6918,"href":"https:\/\/savutonsuomi.fi\/en\/wp-json\/wp\/v2\/pages\/6899\/revisions\/6918"}],"wp:featuredmedia":[{"embeddable":true,"href":"https:\/\/savutonsuomi.fi\/en\/wp-json\/wp\/v2\/media\/5824"}],"wp:attachment":[{"href":"https:\/\/savutonsuomi.fi\/en\/wp-json\/wp\/v2\/media?parent=6899"}],"wp:term":[{"taxonomy":"category","embeddable":true,"href":"https:\/\/savutonsuomi.fi\/en\/wp-json\/wp\/v2\/categories?post=6899"},{"taxonomy":"post_tag","embeddable":true,"href":"https:\/\/savutonsuomi.fi\/en\/wp-json\/wp\/v2\/tags?post=6899"},{"taxonomy":"author","embeddable":true,"href":"https:\/\/savutonsuomi.fi\/en\/wp-json\/wp\/v2\/coauthors?post=6899"}],"curies":[{"name":"wp","href":"https:\/\/api.w.org\/{rel}","templated":true}]}}