{"id":2138,"date":"2019-01-16T14:55:30","date_gmt":"2019-01-16T12:55:30","guid":{"rendered":"https:\/\/savutonsuomi.upcloud-1.web-veistamo.fi\/?page_id=2138"},"modified":"2025-12-09T13:09:33","modified_gmt":"2025-12-09T11:09:33","slug":"materials","status":"publish","type":"page","link":"https:\/\/savutonsuomi.fi\/en\/materials\/","title":{"rendered":"Materials"},"content":{"rendered":"<h1 class=\"page-title\">Materials<\/h1>\n<p class=\"tw-data-text tw-ta tw-text-large\" dir=\"ltr\" data-placeholder=\"K\u00e4\u00e4nn\u00f6s\"><div class=\"julkaisut-wrap container\"><h3> <\/h3><div class=\"row\"><div class=\"julkaisu-item col-12 col-sm-6 col-md-4 col-lg-3\"><a href=\"https:\/\/savutonsuomi.fi\/wp-content\/uploads\/2025\/12\/sasu_infograafeja_paivittain_tupakkanikotiini_en_2025_1.jpg\"><img loading=\"lazy\" decoding=\"async\" width=\"300\" height=\"200\" src=\"https:\/\/savutonsuomi.fi\/wp-content\/uploads\/2025\/12\/sasu_infograafeja_paivittain_tupakkanikotiini_en_2025_1-300x200.jpg\" class=\"attachment-medium size-medium wp-post-image\" alt=\"\" srcset=\"https:\/\/savutonsuomi.fi\/wp-content\/uploads\/2025\/12\/sasu_infograafeja_paivittain_tupakkanikotiini_en_2025_1-300x200.jpg 300w, https:\/\/savutonsuomi.fi\/wp-content\/uploads\/2025\/12\/sasu_infograafeja_paivittain_tupakkanikotiini_en_2025_1-1024x683.jpg 1024w, https:\/\/savutonsuomi.fi\/wp-content\/uploads\/2025\/12\/sasu_infograafeja_paivittain_tupakkanikotiini_en_2025_1-768x512.jpg 768w, https:\/\/savutonsuomi.fi\/wp-content\/uploads\/2025\/12\/sasu_infograafeja_paivittain_tupakkanikotiini_en_2025_1-1536x1024.jpg 1536w, https:\/\/savutonsuomi.fi\/wp-content\/uploads\/2025\/12\/sasu_infograafeja_paivittain_tupakkanikotiini_en_2025_1-2048x1366.jpg 2048w, https:\/\/savutonsuomi.fi\/wp-content\/uploads\/2025\/12\/sasu_infograafeja_paivittain_tupakkanikotiini_en_2025_1-1400x934.jpg 1400w, https:\/\/savutonsuomi.fi\/wp-content\/uploads\/2025\/12\/sasu_infograafeja_paivittain_tupakkanikotiini_en_2025_1-992x661.jpg 992w, https:\/\/savutonsuomi.fi\/wp-content\/uploads\/2025\/12\/sasu_infograafeja_paivittain_tupakkanikotiini_en_2025_1-14x8.jpg 14w\" sizes=\"auto, (max-width: 300px) 100vw, 300px\" \/><div class=\"julkaisu-bottom\"><svg class=\"icon icon-file-image\" aria-hidden=\"true\" role=\"img\"><use xlink:href=\"https:\/\/savutonsuomi.fi\/wp-content\/themes\/savutonash\/dist\/icons.svg#icon-file-image\"><\/use><\/svg><h3>Daily smoking (%) among 20-64-year-olds in Finland in 1978-2024<\/h3><\/a><div class=\"text-version-button\"><a href=\"https:\/\/savutonsuomi.fi\/en\/julkaisut\/daily-smoking-among-20-64-year-olds-in-finland-in-1978-2024\/\"><svg class=\"icon icon-file-lines\" aria-hidden=\"true\" role=\"img\"><use xlink:href=\"https:\/\/savutonsuomi.fi\/wp-content\/themes\/savutonash\/dist\/icons.svg#icon-file-lines\"><\/use><\/svg><h3>HTML-text<\/h3><\/a><\/div><\/div><\/div><div class=\"julkaisu-item col-12 col-sm-6 col-md-4 col-lg-3\"><a href=\"https:\/\/savutonsuomi.fi\/wp-content\/uploads\/2025\/12\/sasu_infograafeja_paivittain_tupakkanikotiini_en_2025_2.jpg\"><img loading=\"lazy\" decoding=\"async\" width=\"300\" height=\"200\" src=\"https:\/\/savutonsuomi.fi\/wp-content\/uploads\/2025\/12\/sasu_infograafeja_paivittain_tupakkanikotiini_en_2025_2-300x200.jpg\" class=\"attachment-medium size-medium wp-post-image\" alt=\"\" srcset=\"https:\/\/savutonsuomi.fi\/wp-content\/uploads\/2025\/12\/sasu_infograafeja_paivittain_tupakkanikotiini_en_2025_2-300x200.jpg 300w, https:\/\/savutonsuomi.fi\/wp-content\/uploads\/2025\/12\/sasu_infograafeja_paivittain_tupakkanikotiini_en_2025_2-1024x683.jpg 1024w, https:\/\/savutonsuomi.fi\/wp-content\/uploads\/2025\/12\/sasu_infograafeja_paivittain_tupakkanikotiini_en_2025_2-768x512.jpg 768w, https:\/\/savutonsuomi.fi\/wp-content\/uploads\/2025\/12\/sasu_infograafeja_paivittain_tupakkanikotiini_en_2025_2-1536x1024.jpg 1536w, https:\/\/savutonsuomi.fi\/wp-content\/uploads\/2025\/12\/sasu_infograafeja_paivittain_tupakkanikotiini_en_2025_2-2048x1366.jpg 2048w, https:\/\/savutonsuomi.fi\/wp-content\/uploads\/2025\/12\/sasu_infograafeja_paivittain_tupakkanikotiini_en_2025_2-1400x934.jpg 1400w, https:\/\/savutonsuomi.fi\/wp-content\/uploads\/2025\/12\/sasu_infograafeja_paivittain_tupakkanikotiini_en_2025_2-992x661.jpg 992w, https:\/\/savutonsuomi.fi\/wp-content\/uploads\/2025\/12\/sasu_infograafeja_paivittain_tupakkanikotiini_en_2025_2-14x8.jpg 14w\" sizes=\"auto, (max-width: 300px) 100vw, 300px\" \/><div class=\"julkaisu-bottom\"><svg class=\"icon icon-file-image\" aria-hidden=\"true\" role=\"img\"><use xlink:href=\"https:\/\/savutonsuomi.fi\/wp-content\/themes\/savutonash\/dist\/icons.svg#icon-file-image\"><\/use><\/svg><h3>Grade 8-9 pupils (%) who ude tobacco or nicotine products daily, 2017-2025<\/h3><\/a><div class=\"text-version-button\"><a href=\"https:\/\/savutonsuomi.fi\/en\/julkaisut\/grade-8-9-pupils-who-ude-tobacco-or-nicotine-products-daily-2017-2025\/\"><svg class=\"icon icon-file-lines\" aria-hidden=\"true\" role=\"img\"><use xlink:href=\"https:\/\/savutonsuomi.fi\/wp-content\/themes\/savutonash\/dist\/icons.svg#icon-file-lines\"><\/use><\/svg><h3>HTML-text<\/h3><\/a><\/div><\/div><\/div><div class=\"julkaisu-item col-12 col-sm-6 col-md-4 col-lg-3\"><a href=\"https:\/\/savutonsuomi.fi\/wp-content\/uploads\/2025\/12\/sasu_infograafeja_paivittain_tupakkanikotiini_en_2025_3.jpg\"><img loading=\"lazy\" decoding=\"async\" width=\"300\" height=\"200\" src=\"https:\/\/savutonsuomi.fi\/wp-content\/uploads\/2025\/12\/sasu_infograafeja_paivittain_tupakkanikotiini_en_2025_3-300x200.jpg\" class=\"attachment-medium size-medium wp-post-image\" alt=\"\" srcset=\"https:\/\/savutonsuomi.fi\/wp-content\/uploads\/2025\/12\/sasu_infograafeja_paivittain_tupakkanikotiini_en_2025_3-300x200.jpg 300w, https:\/\/savutonsuomi.fi\/wp-content\/uploads\/2025\/12\/sasu_infograafeja_paivittain_tupakkanikotiini_en_2025_3-1024x683.jpg 1024w, https:\/\/savutonsuomi.fi\/wp-content\/uploads\/2025\/12\/sasu_infograafeja_paivittain_tupakkanikotiini_en_2025_3-768x512.jpg 768w, https:\/\/savutonsuomi.fi\/wp-content\/uploads\/2025\/12\/sasu_infograafeja_paivittain_tupakkanikotiini_en_2025_3-1536x1024.jpg 1536w, https:\/\/savutonsuomi.fi\/wp-content\/uploads\/2025\/12\/sasu_infograafeja_paivittain_tupakkanikotiini_en_2025_3-2048x1366.jpg 2048w, https:\/\/savutonsuomi.fi\/wp-content\/uploads\/2025\/12\/sasu_infograafeja_paivittain_tupakkanikotiini_en_2025_3-1400x934.jpg 1400w, https:\/\/savutonsuomi.fi\/wp-content\/uploads\/2025\/12\/sasu_infograafeja_paivittain_tupakkanikotiini_en_2025_3-992x661.jpg 992w, https:\/\/savutonsuomi.fi\/wp-content\/uploads\/2025\/12\/sasu_infograafeja_paivittain_tupakkanikotiini_en_2025_3-14x8.jpg 14w\" sizes=\"auto, (max-width: 300px) 100vw, 300px\" \/><div class=\"julkaisu-bottom\"><svg class=\"icon icon-file-image\" aria-hidden=\"true\" role=\"img\"><use xlink:href=\"https:\/\/savutonsuomi.fi\/wp-content\/themes\/savutonash\/dist\/icons.svg#icon-file-image\"><\/use><\/svg><h3>General upper secondary school students (%) who use tobacco or nicotine products daily, 2017-2025<\/h3><\/a><div class=\"text-version-button\"><a href=\"https:\/\/savutonsuomi.fi\/en\/julkaisut\/general-upper-secondary-school-students-who-use-tobacco-or-nicotine-products-daily-2017-2025\/\"><svg class=\"icon icon-file-lines\" aria-hidden=\"true\" role=\"img\"><use xlink:href=\"https:\/\/savutonsuomi.fi\/wp-content\/themes\/savutonash\/dist\/icons.svg#icon-file-lines\"><\/use><\/svg><h3>HTML-text<\/h3><\/a><\/div><\/div><\/div><div class=\"julkaisu-item col-12 col-sm-6 col-md-4 col-lg-3\"><a href=\"https:\/\/savutonsuomi.fi\/wp-content\/uploads\/2025\/12\/sasu_infograafeja_paivittain_tupakkanikotiini_en_2025_4.jpg\"><img loading=\"lazy\" decoding=\"async\" width=\"300\" height=\"200\" src=\"https:\/\/savutonsuomi.fi\/wp-content\/uploads\/2025\/12\/sasu_infograafeja_paivittain_tupakkanikotiini_en_2025_4-300x200.jpg\" class=\"attachment-medium size-medium wp-post-image\" alt=\"\" srcset=\"https:\/\/savutonsuomi.fi\/wp-content\/uploads\/2025\/12\/sasu_infograafeja_paivittain_tupakkanikotiini_en_2025_4-300x200.jpg 300w, https:\/\/savutonsuomi.fi\/wp-content\/uploads\/2025\/12\/sasu_infograafeja_paivittain_tupakkanikotiini_en_2025_4-1024x683.jpg 1024w, https:\/\/savutonsuomi.fi\/wp-content\/uploads\/2025\/12\/sasu_infograafeja_paivittain_tupakkanikotiini_en_2025_4-768x512.jpg 768w, https:\/\/savutonsuomi.fi\/wp-content\/uploads\/2025\/12\/sasu_infograafeja_paivittain_tupakkanikotiini_en_2025_4-1536x1024.jpg 1536w, https:\/\/savutonsuomi.fi\/wp-content\/uploads\/2025\/12\/sasu_infograafeja_paivittain_tupakkanikotiini_en_2025_4-2048x1366.jpg 2048w, https:\/\/savutonsuomi.fi\/wp-content\/uploads\/2025\/12\/sasu_infograafeja_paivittain_tupakkanikotiini_en_2025_4-1400x934.jpg 1400w, https:\/\/savutonsuomi.fi\/wp-content\/uploads\/2025\/12\/sasu_infograafeja_paivittain_tupakkanikotiini_en_2025_4-992x661.jpg 992w, https:\/\/savutonsuomi.fi\/wp-content\/uploads\/2025\/12\/sasu_infograafeja_paivittain_tupakkanikotiini_en_2025_4-14x8.jpg 14w\" sizes=\"auto, (max-width: 300px) 100vw, 300px\" \/><div class=\"julkaisu-bottom\"><svg class=\"icon icon-file-image\" aria-hidden=\"true\" role=\"img\"><use xlink:href=\"https:\/\/savutonsuomi.fi\/wp-content\/themes\/savutonash\/dist\/icons.svg#icon-file-image\"><\/use><\/svg><h3>Vocational students (%) who use tobacco or nicotine products daily, 2017-2025<\/h3><\/a><div class=\"text-version-button\"><a href=\"https:\/\/savutonsuomi.fi\/en\/julkaisut\/vocational-students-who-use-tobacco-or-nicotine-products-daily-2017-2025\/\"><svg class=\"icon icon-file-lines\" aria-hidden=\"true\" role=\"img\"><use xlink:href=\"https:\/\/savutonsuomi.fi\/wp-content\/themes\/savutonash\/dist\/icons.svg#icon-file-lines\"><\/use><\/svg><h3>HTML-text<\/h3><\/a><\/div><\/div><\/div><\/div><\/div><\/p>\n<p class=\"tw-data-text tw-ta tw-text-large\" dir=\"ltr\" data-placeholder=\"K\u00e4\u00e4nn\u00f6s\">\n","protected":false},"excerpt":{"rendered":"Materials","protected":false},"author":2,"featured_media":4257,"parent":0,"menu_order":0,"comment_status":"closed","ping_status":"closed","template":"","meta":{"_acf_changed":false,"footnotes":""},"categories":[],"tags":[],"coauthors":[64],"class_list":["post-2138","page","type-page","status-publish","has-post-thumbnail","hentry"],"acf":[],"yoast_head":"<!-- This site is optimized with the Yoast SEO plugin v27.3 - https:\/\/yoast.com\/product\/yoast-seo-wordpress\/ -->\n<title>Materials - Savuton Suomi 2030 | Suomen ASH ry<\/title>\n<meta name=\"robots\" content=\"index, follow, max-snippet:-1, max-image-preview:large, max-video-preview:-1\" \/>\n<link rel=\"canonical\" href=\"https:\/\/savutonsuomi.fi\/en\/materials\/\" \/>\n<meta property=\"og:locale\" content=\"en_US\" \/>\n<meta property=\"og:type\" content=\"article\" \/>\n<meta property=\"og:title\" content=\"Materials - Savuton Suomi 2030\" \/>\n<meta property=\"og:description\" content=\"Materials\" \/>\n<meta property=\"og:url\" content=\"https:\/\/savutonsuomi.fi\/en\/materials\/\" \/>\n<meta property=\"og:site_name\" content=\"Savuton Suomi 2030\" \/>\n<meta property=\"article:modified_time\" content=\"2025-12-09T11:09:33+00:00\" \/>\n<meta property=\"og:image\" content=\"https:\/\/savutonsuomi.fi\/wp-content\/uploads\/2020\/12\/iStock-1179858018-muokattu.jpg\" \/>\n\t<meta property=\"og:image:width\" content=\"2560\" \/>\n\t<meta property=\"og:image:height\" content=\"1198\" \/>\n\t<meta property=\"og:image:type\" content=\"image\/jpeg\" \/>\n<meta name=\"twitter:card\" content=\"summary_large_image\" \/>\n<meta name=\"twitter:label1\" content=\"Est. reading time\" \/>\n\t<meta name=\"twitter:data1\" content=\"1 minute\" \/>\n\t<meta name=\"twitter:label2\" content=\"Written by\" \/>\n\t<meta name=\"twitter:data2\" content=\"sasuadmin\" \/>\n<script type=\"application\/ld+json\" class=\"yoast-schema-graph\">{\"@context\":\"https:\\\/\\\/schema.org\",\"@graph\":[{\"@type\":\"WebPage\",\"@id\":\"https:\\\/\\\/savutonsuomi.fi\\\/en\\\/materials\\\/\",\"url\":\"https:\\\/\\\/savutonsuomi.fi\\\/en\\\/materials\\\/\",\"name\":\"Materials - Savuton Suomi 2030\",\"isPartOf\":{\"@id\":\"https:\\\/\\\/savutonsuomi.fi\\\/#website\"},\"primaryImageOfPage\":{\"@id\":\"https:\\\/\\\/savutonsuomi.fi\\\/en\\\/materials\\\/#primaryimage\"},\"image\":{\"@id\":\"https:\\\/\\\/savutonsuomi.fi\\\/en\\\/materials\\\/#primaryimage\"},\"thumbnailUrl\":\"https:\\\/\\\/savutonsuomi.fi\\\/wp-content\\\/uploads\\\/2020\\\/12\\\/iStock-1179858018-muokattu.jpg\",\"datePublished\":\"2019-01-16T12:55:30+00:00\",\"dateModified\":\"2025-12-09T11:09:33+00:00\",\"breadcrumb\":{\"@id\":\"https:\\\/\\\/savutonsuomi.fi\\\/en\\\/materials\\\/#breadcrumb\"},\"inLanguage\":\"en-US\",\"potentialAction\":[{\"@type\":\"ReadAction\",\"target\":[\"https:\\\/\\\/savutonsuomi.fi\\\/en\\\/materials\\\/\"]}]},{\"@type\":\"ImageObject\",\"inLanguage\":\"en-US\",\"@id\":\"https:\\\/\\\/savutonsuomi.fi\\\/en\\\/materials\\\/#primaryimage\",\"url\":\"https:\\\/\\\/savutonsuomi.fi\\\/wp-content\\\/uploads\\\/2020\\\/12\\\/iStock-1179858018-muokattu.jpg\",\"contentUrl\":\"https:\\\/\\\/savutonsuomi.fi\\\/wp-content\\\/uploads\\\/2020\\\/12\\\/iStock-1179858018-muokattu.jpg\",\"width\":2560,\"height\":1198,\"caption\":\"Portrait of happy family in winter day. Mom and dad are cuddling and kissing their little son in winter park. Family lovely moments, copy space\"},{\"@type\":\"BreadcrumbList\",\"@id\":\"https:\\\/\\\/savutonsuomi.fi\\\/en\\\/materials\\\/#breadcrumb\",\"itemListElement\":[{\"@type\":\"ListItem\",\"position\":1,\"name\":\"Home\",\"item\":\"https:\\\/\\\/savutonsuomi.fi\\\/en\\\/\"},{\"@type\":\"ListItem\",\"position\":2,\"name\":\"Materials\"}]},{\"@type\":\"WebSite\",\"@id\":\"https:\\\/\\\/savutonsuomi.fi\\\/#website\",\"url\":\"https:\\\/\\\/savutonsuomi.fi\\\/\",\"name\":\"Savuton Suomi 2030\",\"description\":\"\",\"potentialAction\":[{\"@type\":\"SearchAction\",\"target\":{\"@type\":\"EntryPoint\",\"urlTemplate\":\"https:\\\/\\\/savutonsuomi.fi\\\/?s={search_term_string}\"},\"query-input\":{\"@type\":\"PropertyValueSpecification\",\"valueRequired\":true,\"valueName\":\"search_term_string\"}}],\"inLanguage\":\"en-US\"}]}<\/script>\n<!-- \/ Yoast SEO plugin. -->","yoast_head_json":{"title":"Materials - Savuton Suomi 2030 | Suomen ASH ry","robots":{"index":"index","follow":"follow","max-snippet":"max-snippet:-1","max-image-preview":"max-image-preview:large","max-video-preview":"max-video-preview:-1"},"canonical":"https:\/\/savutonsuomi.fi\/en\/materials\/","og_locale":"en_US","og_type":"article","og_title":"Materials - Savuton Suomi 2030","og_description":"Materials","og_url":"https:\/\/savutonsuomi.fi\/en\/materials\/","og_site_name":"Savuton Suomi 2030","article_modified_time":"2025-12-09T11:09:33+00:00","og_image":[{"width":2560,"height":1198,"url":"https:\/\/savutonsuomi.fi\/wp-content\/uploads\/2020\/12\/iStock-1179858018-muokattu.jpg","type":"image\/jpeg"}],"twitter_card":"summary_large_image","twitter_misc":{"Est. reading time":"1 minute","Written by":"sasuadmin"},"schema":{"@context":"https:\/\/schema.org","@graph":[{"@type":"WebPage","@id":"https:\/\/savutonsuomi.fi\/en\/materials\/","url":"https:\/\/savutonsuomi.fi\/en\/materials\/","name":"Materials - Savuton Suomi 2030","isPartOf":{"@id":"https:\/\/savutonsuomi.fi\/#website"},"primaryImageOfPage":{"@id":"https:\/\/savutonsuomi.fi\/en\/materials\/#primaryimage"},"image":{"@id":"https:\/\/savutonsuomi.fi\/en\/materials\/#primaryimage"},"thumbnailUrl":"https:\/\/savutonsuomi.fi\/wp-content\/uploads\/2020\/12\/iStock-1179858018-muokattu.jpg","datePublished":"2019-01-16T12:55:30+00:00","dateModified":"2025-12-09T11:09:33+00:00","breadcrumb":{"@id":"https:\/\/savutonsuomi.fi\/en\/materials\/#breadcrumb"},"inLanguage":"en-US","potentialAction":[{"@type":"ReadAction","target":["https:\/\/savutonsuomi.fi\/en\/materials\/"]}]},{"@type":"ImageObject","inLanguage":"en-US","@id":"https:\/\/savutonsuomi.fi\/en\/materials\/#primaryimage","url":"https:\/\/savutonsuomi.fi\/wp-content\/uploads\/2020\/12\/iStock-1179858018-muokattu.jpg","contentUrl":"https:\/\/savutonsuomi.fi\/wp-content\/uploads\/2020\/12\/iStock-1179858018-muokattu.jpg","width":2560,"height":1198,"caption":"Portrait of happy family in winter day. Mom and dad are cuddling and kissing their little son in winter park. Family lovely moments, copy space"},{"@type":"BreadcrumbList","@id":"https:\/\/savutonsuomi.fi\/en\/materials\/#breadcrumb","itemListElement":[{"@type":"ListItem","position":1,"name":"Home","item":"https:\/\/savutonsuomi.fi\/en\/"},{"@type":"ListItem","position":2,"name":"Materials"}]},{"@type":"WebSite","@id":"https:\/\/savutonsuomi.fi\/#website","url":"https:\/\/savutonsuomi.fi\/","name":"Savuton Suomi 2030","description":"","potentialAction":[{"@type":"SearchAction","target":{"@type":"EntryPoint","urlTemplate":"https:\/\/savutonsuomi.fi\/?s={search_term_string}"},"query-input":{"@type":"PropertyValueSpecification","valueRequired":true,"valueName":"search_term_string"}}],"inLanguage":"en-US"}]}},"_links":{"self":[{"href":"https:\/\/savutonsuomi.fi\/en\/wp-json\/wp\/v2\/pages\/2138","targetHints":{"allow":["GET"]}}],"collection":[{"href":"https:\/\/savutonsuomi.fi\/en\/wp-json\/wp\/v2\/pages"}],"about":[{"href":"https:\/\/savutonsuomi.fi\/en\/wp-json\/wp\/v2\/types\/page"}],"author":[{"embeddable":true,"href":"https:\/\/savutonsuomi.fi\/en\/wp-json\/wp\/v2\/users\/2"}],"replies":[{"embeddable":true,"href":"https:\/\/savutonsuomi.fi\/en\/wp-json\/wp\/v2\/comments?post=2138"}],"version-history":[{"count":9,"href":"https:\/\/savutonsuomi.fi\/en\/wp-json\/wp\/v2\/pages\/2138\/revisions"}],"predecessor-version":[{"id":9266,"href":"https:\/\/savutonsuomi.fi\/en\/wp-json\/wp\/v2\/pages\/2138\/revisions\/9266"}],"wp:featuredmedia":[{"embeddable":true,"href":"https:\/\/savutonsuomi.fi\/en\/wp-json\/wp\/v2\/media\/4257"}],"wp:attachment":[{"href":"https:\/\/savutonsuomi.fi\/en\/wp-json\/wp\/v2\/media?parent=2138"}],"wp:term":[{"taxonomy":"category","embeddable":true,"href":"https:\/\/savutonsuomi.fi\/en\/wp-json\/wp\/v2\/categories?post=2138"},{"taxonomy":"post_tag","embeddable":true,"href":"https:\/\/savutonsuomi.fi\/en\/wp-json\/wp\/v2\/tags?post=2138"},{"taxonomy":"author","embeddable":true,"href":"https:\/\/savutonsuomi.fi\/en\/wp-json\/wp\/v2\/coauthors?post=2138"}],"curies":[{"name":"wp","href":"https:\/\/api.w.org\/{rel}","templated":true}]}}